{"id":7258,"date":"2024-08-31T11:13:06","date_gmt":"2024-08-31T10:13:06","guid":{"rendered":"https:\/\/cristechservices.com\/?page_id=7258"},"modified":"2025-10-31T11:26:23","modified_gmt":"2025-10-31T10:26:23","slug":"evaluation-webinaire","status":"publish","type":"page","link":"https:\/\/cristechservices.com\/index.php\/evaluation-webinaire\/","title":{"rendered":"Evaluation Webinaire"},"content":{"rendered":"\t\t<div data-elementor-type=\"wp-page\" data-elementor-id=\"7258\" class=\"elementor elementor-7258\">\n\t\t\t\t<div class=\"elementor-element elementor-element-9d980e0 e-flex e-con-boxed e-con e-parent\" data-id=\"9d980e0\" data-element_type=\"container\" data-e-type=\"container\">\n\t\t\t\t\t<div class=\"e-con-inner\">\n\t\t\t\t<div class=\"elementor-element elementor-element-99589a0 elementor-widget elementor-widget-formidable\" data-id=\"99589a0\" data-element_type=\"widget\" data-e-type=\"widget\" data-widget_type=\"formidable.default\">\n\t\t\t\t<div class=\"elementor-widget-container\">\n\t\t\t\t\t<div class=\"frm_forms  with_frm_style frm_style_style-formidable\" id=\"frm_form_12_container\" data-token=\"71a24b3c132d33f849d244c25461c804\">\n<form enctype=\"multipart\/form-data\" method=\"post\" class=\"frm-show-form \" id=\"form_formulaire-devaluation-de-webinaire2\" data-token=\"71a24b3c132d33f849d244c25461c804\">\n<div class=\"frm_form_fields \">\n<fieldset>\n<legend class=\"frm_screen_reader\">FORMULAIRE D'EVALUATION DE WEBINAIRE HYGIENE CYBER<\/legend>\r\n<h3 class=\"frm_form_title\">FORMULAIRE D'EVALUATION DE WEBINAIRE HYGIENE CYBER<\/h3>\r\n<div class=\"frm_fields_container\">\n<input type=\"hidden\" name=\"frm_action\" value=\"create\" \/>\n<input type=\"hidden\" name=\"form_id\" value=\"12\" \/>\n<input type=\"hidden\" name=\"frm_hide_fields_12\" id=\"frm_hide_fields_12\" value=\"\" \/>\n<input type=\"hidden\" name=\"form_key\" value=\"formulaire-devaluation-de-webinaire2\" \/>\n<input type=\"hidden\" name=\"item_meta[0]\" value=\"\" \/>\n<input type=\"hidden\" id=\"frm_submit_entry_12\" name=\"frm_submit_entry_12\" value=\"94ccc5d405\" \/><input type=\"hidden\" name=\"_wp_http_referer\" value=\"\/index.php\/wp-json\/wp\/v2\/pages\/7258\" \/><div id=\"frm_field_132_container\" class=\"frm_form_field form-field  frm_required_field frm_top_container frm_first frm_half vertical_radio\">\r\n\t<div  id=\"field_7pxuz2_label\" class=\"frm_primary_label\">1. Avez-vous \u00e9t\u00e9 satisfait du webinaire?\r\n\t\t<span class=\"frm_required\" aria-hidden=\"true\">*<\/span>\r\n\t<\/div>\r\n\t<div class=\"frm_opt_container\" aria-labelledby=\"field_7pxuz2_label\" role=\"radiogroup\" aria-required=\"true\">\t\t<div class=\"frm_radio\" id=\"frm_radio_132-0\">\t\t\t<label  for=\"field_7pxuz2-0\">\n\t\t\t\t\t<input type=\"radio\" name=\"item_meta[132]\" id=\"field_7pxuz2-0\" value=\"Tr\u00e8s satisfaisant\"\n\t\t data-reqmsg=\"1. Avez-vous \u00e9t\u00e9 satisfait du webinaire? ne peut \u00eatre vide.\" data-invmsg=\"1. Avez-vous \u00e9t\u00e9 satisfait du webinaire? est non valide\"   \/> Tr\u00e8s satisfaisant<\/label><\/div>\n\t\t<div class=\"frm_radio\" id=\"frm_radio_132-1\">\t\t\t<label  for=\"field_7pxuz2-1\">\n\t\t\t\t\t<input type=\"radio\" name=\"item_meta[132]\" id=\"field_7pxuz2-1\" value=\"Satisfaisant\"\n\t\t data-reqmsg=\"1. Avez-vous \u00e9t\u00e9 satisfait du webinaire? ne peut \u00eatre vide.\" data-invmsg=\"1. Avez-vous \u00e9t\u00e9 satisfait du webinaire? est non valide\"   \/> Satisfaisant<\/label><\/div>\n\t\t<div class=\"frm_radio\" id=\"frm_radio_132-2\">\t\t\t<label  for=\"field_7pxuz2-2\">\n\t\t\t\t\t<input type=\"radio\" name=\"item_meta[132]\" id=\"field_7pxuz2-2\" value=\"Moyen\"\n\t\t data-reqmsg=\"1. Avez-vous \u00e9t\u00e9 satisfait du webinaire? ne peut \u00eatre vide.\" data-invmsg=\"1. Avez-vous \u00e9t\u00e9 satisfait du webinaire? est non valide\"   \/> Moyen<\/label><\/div>\n\t\t<div class=\"frm_radio\" id=\"frm_radio_132-3\">\t\t\t<label  for=\"field_7pxuz2-3\">\n\t\t\t\t\t<input type=\"radio\" name=\"item_meta[132]\" id=\"field_7pxuz2-3\" value=\"Insatisfaisant\"\n\t\t data-reqmsg=\"1. Avez-vous \u00e9t\u00e9 satisfait du webinaire? ne peut \u00eatre vide.\" data-invmsg=\"1. Avez-vous \u00e9t\u00e9 satisfait du webinaire? est non valide\"   \/> Insatisfaisant<\/label><\/div>\n\t\t<div class=\"frm_radio\" id=\"frm_radio_132-4\">\t\t\t<label  for=\"field_7pxuz2-4\">\n\t\t\t\t\t<input type=\"radio\" name=\"item_meta[132]\" id=\"field_7pxuz2-4\" value=\"Tr\u00e8s insatisfaisant\"\n\t\t data-reqmsg=\"1. Avez-vous \u00e9t\u00e9 satisfait du webinaire? ne peut \u00eatre vide.\" data-invmsg=\"1. Avez-vous \u00e9t\u00e9 satisfait du webinaire? est non valide\"   \/> Tr\u00e8s insatisfaisant<\/label><\/div>\n<\/div>\r\n\t\r\n\t\r\n<\/div>\n<div id=\"frm_field_133_container\" class=\"frm_form_field form-field  frm_required_field frm_top_container frm_half vertical_radio\">\r\n\t<div  id=\"field_pblfm2_label\" class=\"frm_primary_label\">2.\u00cates-vous satisfait du contenu du webinaire?\r\n\t\t<span class=\"frm_required\" aria-hidden=\"true\">*<\/span>\r\n\t<\/div>\r\n\t<div class=\"frm_opt_container\" aria-labelledby=\"field_pblfm2_label\" role=\"radiogroup\" aria-required=\"true\">\t\t<div class=\"frm_radio\" id=\"frm_radio_133-0\">\t\t\t<label  for=\"field_pblfm2-0\">\n\t\t\t\t\t<input type=\"radio\" name=\"item_meta[133]\" id=\"field_pblfm2-0\" value=\"Tr\u00e8s satisfaisant\"\n\t\t data-reqmsg=\"2.\u00cates-vous satisfait du contenu du webinaire? ne peut \u00eatre vide.\" data-invmsg=\"2.\u00cates-vous satisfait du contenu du webinaire? est non valide\"   \/> Tr\u00e8s satisfaisant<\/label><\/div>\n\t\t<div class=\"frm_radio\" id=\"frm_radio_133-1\">\t\t\t<label  for=\"field_pblfm2-1\">\n\t\t\t\t\t<input type=\"radio\" name=\"item_meta[133]\" id=\"field_pblfm2-1\" value=\"Satisfaisant\"\n\t\t data-reqmsg=\"2.\u00cates-vous satisfait du contenu du webinaire? ne peut \u00eatre vide.\" data-invmsg=\"2.\u00cates-vous satisfait du contenu du webinaire? est non valide\"   \/> Satisfaisant<\/label><\/div>\n\t\t<div class=\"frm_radio\" id=\"frm_radio_133-2\">\t\t\t<label  for=\"field_pblfm2-2\">\n\t\t\t\t\t<input type=\"radio\" name=\"item_meta[133]\" id=\"field_pblfm2-2\" value=\"Moyen\"\n\t\t data-reqmsg=\"2.\u00cates-vous satisfait du contenu du webinaire? ne peut \u00eatre vide.\" data-invmsg=\"2.\u00cates-vous satisfait du contenu du webinaire? est non valide\"   \/> Moyen<\/label><\/div>\n\t\t<div class=\"frm_radio\" id=\"frm_radio_133-3\">\t\t\t<label  for=\"field_pblfm2-3\">\n\t\t\t\t\t<input type=\"radio\" name=\"item_meta[133]\" id=\"field_pblfm2-3\" value=\"Insatisfaisant\"\n\t\t data-reqmsg=\"2.\u00cates-vous satisfait du contenu du webinaire? ne peut \u00eatre vide.\" data-invmsg=\"2.\u00cates-vous satisfait du contenu du webinaire? est non valide\"   \/> Insatisfaisant<\/label><\/div>\n\t\t<div class=\"frm_radio\" id=\"frm_radio_133-4\">\t\t\t<label  for=\"field_pblfm2-4\">\n\t\t\t\t\t<input type=\"radio\" name=\"item_meta[133]\" id=\"field_pblfm2-4\" value=\"Tr\u00e8s insatisfaisant\"\n\t\t data-reqmsg=\"2.\u00cates-vous satisfait du contenu du webinaire? ne peut \u00eatre vide.\" data-invmsg=\"2.\u00cates-vous satisfait du contenu du webinaire? est non valide\"   \/> Tr\u00e8s insatisfaisant<\/label><\/div>\n<\/div>\r\n\t\r\n\t\r\n<\/div>\n<div id=\"frm_field_134_container\" class=\"frm_form_field form-field  frm_required_field frm_top_container frm_first frm_half\">\r\n\t<label for=\"field_gkcfg2\" id=\"field_gkcfg2_label\" class=\"frm_primary_label\">3.Selon vous, quels ont \u00e9t\u00e9 les avantages et les faiblesses du webinaire?\r\n\t\t<span class=\"frm_required\" aria-hidden=\"true\">*<\/span>\r\n\t<\/label>\r\n\t<textarea name=\"item_meta[134]\" id=\"field_gkcfg2\" rows=\"5\"  data-reqmsg=\"3.Selon vous, quels ont \u00e9t\u00e9 les avantages et les faiblesses du webinaire? ne peut \u00eatre vide.\" aria-required=\"true\" data-invmsg=\"3.Selon vous, quels ont \u00e9t\u00e9 les avantages et les faiblesses du webinaire? est non valide\" aria-invalid=\"false\"  ><\/textarea>\r\n\t\r\n\t\r\n<\/div>\n<div id=\"frm_field_135_container\" class=\"frm_form_field form-field  frm_required_field frm_top_container frm_first frm_half vertical_radio\">\r\n\t<div  id=\"field_lnjop2_label\" class=\"frm_primary_label\">4.Avez-vous rencontr\u00e9 des probl\u00e8mes pour vous connecter au webinaire?\r\n\t\t<span class=\"frm_required\" aria-hidden=\"true\">*<\/span>\r\n\t<\/div>\r\n\t<div class=\"frm_opt_container\" aria-labelledby=\"field_lnjop2_label\" role=\"radiogroup\" aria-required=\"true\">\t\t<div class=\"frm_radio\" id=\"frm_radio_135-0\">\t\t\t<label  for=\"field_lnjop2-0\">\n\t\t\t\t\t<input type=\"radio\" name=\"item_meta[135]\" id=\"field_lnjop2-0\" value=\"Oui\"\n\t\t data-reqmsg=\"4.Avez-vous rencontr\u00e9 des probl\u00e8mes pour vous connecter au webinaire? ne peut \u00eatre vide.\" data-invmsg=\"4.Avez-vous rencontr\u00e9 des probl\u00e8mes pour vous connecter au webinaire? est non valide\"   \/> Oui<\/label><\/div>\n\t\t<div class=\"frm_radio\" id=\"frm_radio_135-1\">\t\t\t<label  for=\"field_lnjop2-1\">\n\t\t\t\t\t<input type=\"radio\" name=\"item_meta[135]\" id=\"field_lnjop2-1\" value=\"Non\"\n\t\t data-reqmsg=\"4.Avez-vous rencontr\u00e9 des probl\u00e8mes pour vous connecter au webinaire? ne peut \u00eatre vide.\" data-invmsg=\"4.Avez-vous rencontr\u00e9 des probl\u00e8mes pour vous connecter au webinaire? est non valide\"   \/> Non<\/label><\/div>\n<\/div>\r\n\t\r\n\t\r\n<\/div>\n<div id=\"frm_field_136_container\" class=\"frm_form_field form-field  frm_required_field frm_top_container frm_half\">\r\n\t<label for=\"field_anmha2\" id=\"field_anmha2_label\" class=\"frm_primary_label\">5.Quels th\u00e8mes souhaiteriez-vous que nous abordions lors des prochains webinaires?\r\n\t\t<span class=\"frm_required\" aria-hidden=\"true\">*<\/span>\r\n\t<\/label>\r\n\t<textarea name=\"item_meta[136]\" id=\"field_anmha2\" rows=\"5\"  data-reqmsg=\"5.Quels th\u00e8mes souhaiteriez-vous que nous abordions lors des prochains webinaires? ne peut \u00eatre vide.\" aria-required=\"true\" data-invmsg=\"5.Quels th\u00e8mes souhaiteriez-vous que nous abordions lors des prochains webinaires? est non valide\" aria-invalid=\"false\"  ><\/textarea>\r\n\t\r\n\t\r\n<\/div>\n<div id=\"frm_field_137_container\" class=\"frm_form_field form-field  frm_required_field frm_top_container frm_half\">\r\n\t<label for=\"field_7kdyf2\" id=\"field_7kdyf2_label\" class=\"frm_primary_label\">6.Quelles sont vos suggestions pour les prochains webinaires?\r\n\t\t<span class=\"frm_required\" aria-hidden=\"true\">*<\/span>\r\n\t<\/label>\r\n\t<textarea name=\"item_meta[137]\" id=\"field_7kdyf2\" rows=\"5\"  data-reqmsg=\"6.Quelles sont vos suggestions pour les prochains webinaires? ne peut \u00eatre vide.\" aria-required=\"true\" data-invmsg=\"6.Quelles sont vos suggestions pour les prochains webinaires? est non valide\" aria-invalid=\"false\"  ><\/textarea>\r\n\t\r\n\t\r\n<\/div>\n<div id=\"frm_field_138_container\" class=\"frm_form_field form-field  frm_none_container frm_half\">\r\n\t<label for=\"g-recaptcha-response\" id=\"field_jo8rs2_label\" class=\"frm_primary_label\">Captcha\r\n\t\t<span class=\"frm_required\" aria-hidden=\"true\"><\/span>\r\n\t<\/label>\r\n\t<div  id=\"field_jo8rs2\" class=\"frm-g-recaptcha\" data-sitekey=\"6LegsLcpAAAAAPTZ7jSPBr2PY-qHgOdmRHwIYC7g\" data-size=\"invisible\" data-theme=\"light\"><\/div>\r\n\t\r\n\t\r\n<\/div>\n<div id=\"frm_field_139_container\" class=\"frm_form_field form-field  frm_first frm_half\">\r\n\t<div class=\"frm_submit frm_flex\">\r\n<button class=\"frm_button_submit\" type=\"submit\"  >Envoyer<\/button>\r\n\r\n\r\n\r\n<\/div>\r\n<\/div>\n\t<input type=\"hidden\" name=\"item_key\" value=\"\" \/>\n\t\t\t<div id=\"frm_field_140_container\">\n\t\t\t<label for=\"field_hamq1\" >\n\t\t\t\tSi vous \u00eates un humain, ne remplissez pas ce champ.\t\t\t<\/label>\n\t\t\t<input  id=\"field_hamq1\" type=\"text\" class=\"frm_form_field form-field frm_verify\" name=\"item_meta[140]\" value=\"\"  \/>\n\t\t<\/div>\n\t\t<input name=\"frm_state\" type=\"hidden\" value=\"s2gi75BXGVeHrDZBxTEbfhS4Y8P4rVn3ZC0Tgwd7LXg=\" \/><\/div>\n<\/fieldset>\n<\/div>\n\n<\/form>\n<\/div>\n\t\t\t\t<\/div>\n\t\t\t\t<\/div>\n\t\t\t\t\t<\/div>\n\t\t\t\t<\/div>\n\t\t\t\t<\/div>\n\t\t","protected":false},"excerpt":{"rendered":"<p>FORMULAIRE D&rsquo;EVALUATION DE WEBINAIRE HYGIENE CYBER FORMULAIRE D&rsquo;EVALUATION DE WEBINAIRE HYGIENE CYBER 1. Avez-vous \u00e9t\u00e9 satisfait du webinaire? * Tr\u00e8s satisfaisant Satisfaisant Moyen Insatisfaisant Tr\u00e8s insatisfaisant 2.\u00cates-vous satisfait du contenu du webinaire? * Tr\u00e8s satisfaisant Satisfaisant Moyen Insatisfaisant Tr\u00e8s insatisfaisant 3.Selon vous, quels ont \u00e9t\u00e9 les avantages et les faiblesses du webinaire? * 4.Avez-vous rencontr\u00e9 [&hellip;]<\/p>\n","protected":false},"author":1,"featured_media":0,"parent":0,"menu_order":0,"comment_status":"closed","ping_status":"closed","template":"","meta":{"_regular_price":[],"currency_symbol":[],"iawp_total_views":36,"footnotes":""},"class_list":["post-7258","page","type-page","status-publish","hentry"],"post_slider_layout_featured_media_urls":{"thumbnail":"","post_slider_layout_landscape_large":"","post_slider_layout_portrait_large":"","post_slider_layout_square_large":"","post_slider_layout_landscape":"","post_slider_layout_portrait":"","post_slider_layout_square":"","full":""},"_links":{"self":[{"href":"https:\/\/cristechservices.com\/index.php\/wp-json\/wp\/v2\/pages\/7258","targetHints":{"allow":["GET"]}}],"collection":[{"href":"https:\/\/cristechservices.com\/index.php\/wp-json\/wp\/v2\/pages"}],"about":[{"href":"https:\/\/cristechservices.com\/index.php\/wp-json\/wp\/v2\/types\/page"}],"author":[{"embeddable":true,"href":"https:\/\/cristechservices.com\/index.php\/wp-json\/wp\/v2\/users\/1"}],"replies":[{"embeddable":true,"href":"https:\/\/cristechservices.com\/index.php\/wp-json\/wp\/v2\/comments?post=7258"}],"version-history":[{"count":7,"href":"https:\/\/cristechservices.com\/index.php\/wp-json\/wp\/v2\/pages\/7258\/revisions"}],"predecessor-version":[{"id":7331,"href":"https:\/\/cristechservices.com\/index.php\/wp-json\/wp\/v2\/pages\/7258\/revisions\/7331"}],"wp:attachment":[{"href":"https:\/\/cristechservices.com\/index.php\/wp-json\/wp\/v2\/media?parent=7258"}],"curies":[{"name":"wp","href":"https:\/\/api.w.org\/{rel}","templated":true}]}}