{"id":7190,"date":"2024-08-13T18:06:01","date_gmt":"2024-08-13T17:06:01","guid":{"rendered":"https:\/\/cristechservices.com\/?page_id=7190"},"modified":"2024-08-13T18:30:27","modified_gmt":"2024-08-13T17:30:27","slug":"iso-27001","status":"publish","type":"page","link":"https:\/\/cristechservices.com\/index.php\/formation\/iso-27001\/","title":{"rendered":"ISO 27001"},"content":{"rendered":"\t\t<div data-elementor-type=\"wp-page\" data-elementor-id=\"7190\" class=\"elementor elementor-7190\">\n\t\t\t\t<div class=\"elementor-element elementor-element-23bea2e e-flex e-con-boxed e-con e-parent\" data-id=\"23bea2e\" data-element_type=\"container\" data-e-type=\"container\">\n\t\t\t\t\t<div class=\"e-con-inner\">\n\t\t<div class=\"elementor-element elementor-element-cd23a28 e-con-full e-flex e-con e-child\" data-id=\"cd23a28\" data-element_type=\"container\" data-e-type=\"container\">\n\t\t\t\t<div class=\"elementor-element elementor-element-a06093d elementor-widget elementor-widget-image\" data-id=\"a06093d\" data-element_type=\"widget\" data-e-type=\"widget\" data-widget_type=\"image.default\">\n\t\t\t\t<div class=\"elementor-widget-container\">\n\t\t\t\t\t\t\t\t\t\t\t\t\t\t\t<img fetchpriority=\"high\" decoding=\"async\" width=\"1000\" height=\"562\" src=\"https:\/\/cristechservices.com\/wp-content\/uploads\/2024\/08\/ISO-Copie.jpg\" class=\"attachment-large size-large wp-image-7191\" alt=\"\" srcset=\"https:\/\/cristechservices.com\/wp-content\/uploads\/2024\/08\/ISO-Copie.jpg 1000w, https:\/\/cristechservices.com\/wp-content\/uploads\/2024\/08\/ISO-Copie-300x169.jpg 300w, https:\/\/cristechservices.com\/wp-content\/uploads\/2024\/08\/ISO-Copie-768x432.jpg 768w, https:\/\/cristechservices.com\/wp-content\/uploads\/2024\/08\/ISO-Copie-720x405.jpg 720w, https:\/\/cristechservices.com\/wp-content\/uploads\/2024\/08\/ISO-Copie-600x337.jpg 600w\" sizes=\"(max-width: 1000px) 100vw, 1000px\" \/>\t\t\t\t\t\t\t\t\t\t\t\t\t\t\t<\/div>\n\t\t\t\t<\/div>\n\t\t\t\t<\/div>\n\t\t<div class=\"elementor-element elementor-element-5b261b6 e-con-full e-flex e-con e-child\" data-id=\"5b261b6\" data-element_type=\"container\" data-e-type=\"container\">\n\t\t\t\t<div class=\"elementor-element elementor-element-cf69395 elementor-widget elementor-widget-toggle\" data-id=\"cf69395\" data-element_type=\"widget\" data-e-type=\"widget\" data-widget_type=\"toggle.default\">\n\t\t\t\t<div class=\"elementor-widget-container\">\n\t\t\t\t\t\t\t<div class=\"elementor-toggle\">\n\t\t\t\t\t\t\t<div class=\"elementor-toggle-item\">\n\t\t\t\t\t<div id=\"elementor-tab-title-2171\" class=\"elementor-tab-title\" data-tab=\"1\" role=\"button\" aria-controls=\"elementor-tab-content-2171\" aria-expanded=\"false\">\n\t\t\t\t\t\t\t\t\t\t\t\t<span class=\"elementor-toggle-icon elementor-toggle-icon-left\" aria-hidden=\"true\">\n\t\t\t\t\t\t\t\t\t\t\t\t\t\t\t<span class=\"elementor-toggle-icon-closed\"><svg class=\"e-font-icon-svg e-fas-caret-right\" viewBox=\"0 0 192 512\" xmlns=\"http:\/\/www.w3.org\/2000\/svg\"><path d=\"M0 384.662V127.338c0-17.818 21.543-26.741 34.142-14.142l128.662 128.662c7.81 7.81 7.81 20.474 0 28.284L34.142 398.804C21.543 411.404 0 402.48 0 384.662z\"><\/path><\/svg><\/span>\n\t\t\t\t\t\t\t\t<span class=\"elementor-toggle-icon-opened\"><svg class=\"elementor-toggle-icon-opened e-font-icon-svg e-fas-caret-up\" viewBox=\"0 0 320 512\" xmlns=\"http:\/\/www.w3.org\/2000\/svg\"><path d=\"M288.662 352H31.338c-17.818 0-26.741-21.543-14.142-34.142l128.662-128.662c7.81-7.81 20.474-7.81 28.284 0l128.662 128.662c12.6 12.599 3.676 34.142-14.142 34.142z\"><\/path><\/svg><\/span>\n\t\t\t\t\t\t\t\t\t\t\t\t\t<\/span>\n\t\t\t\t\t\t\t\t\t\t\t\t<a class=\"elementor-toggle-title\" tabindex=\"0\">Objectif de la formation<\/a>\n\t\t\t\t\t<\/div>\n\n\t\t\t\t\t<div id=\"elementor-tab-content-2171\" class=\"elementor-tab-content elementor-clearfix\" data-tab=\"1\" role=\"region\" aria-labelledby=\"elementor-tab-title-2171\"><p style=\"text-align: justify;\">Cette formation vous donnera la possibilit\u00e9 de comprendre les principes essentiels pour mettre en place et g\u00e9rer un Syst\u00e8me de management de la s\u00e9curit\u00e9 de l&rsquo;information (SMSI), conform\u00e9ment \u00e0 la norme ISO\/IEC 27001. Pendant cette formation, vous d\u00e9couvrirez les divers modules d&rsquo;un SMSI, tels que la politique SMSI, les proc\u00e9dures, la mesure de la performance, l&rsquo;implication de la direction, l&rsquo;audit interne, la revue de la direction et l&rsquo;am\u00e9lioration continue.<\/p><\/div>\n\t\t\t\t<\/div>\n\t\t\t\t\t\t\t<div class=\"elementor-toggle-item\">\n\t\t\t\t\t<div id=\"elementor-tab-title-2172\" class=\"elementor-tab-title\" data-tab=\"2\" role=\"button\" aria-controls=\"elementor-tab-content-2172\" aria-expanded=\"false\">\n\t\t\t\t\t\t\t\t\t\t\t\t<span class=\"elementor-toggle-icon elementor-toggle-icon-left\" aria-hidden=\"true\">\n\t\t\t\t\t\t\t\t\t\t\t\t\t\t\t<span class=\"elementor-toggle-icon-closed\"><svg class=\"e-font-icon-svg e-fas-caret-right\" viewBox=\"0 0 192 512\" xmlns=\"http:\/\/www.w3.org\/2000\/svg\"><path d=\"M0 384.662V127.338c0-17.818 21.543-26.741 34.142-14.142l128.662 128.662c7.81 7.81 7.81 20.474 0 28.284L34.142 398.804C21.543 411.404 0 402.48 0 384.662z\"><\/path><\/svg><\/span>\n\t\t\t\t\t\t\t\t<span class=\"elementor-toggle-icon-opened\"><svg class=\"elementor-toggle-icon-opened e-font-icon-svg e-fas-caret-up\" viewBox=\"0 0 320 512\" xmlns=\"http:\/\/www.w3.org\/2000\/svg\"><path d=\"M288.662 352H31.338c-17.818 0-26.741-21.543-14.142-34.142l128.662-128.662c7.81-7.81 20.474-7.81 28.284 0l128.662 128.662c12.6 12.599 3.676 34.142-14.142 34.142z\"><\/path><\/svg><\/span>\n\t\t\t\t\t\t\t\t\t\t\t\t\t<\/span>\n\t\t\t\t\t\t\t\t\t\t\t\t<a class=\"elementor-toggle-title\" tabindex=\"0\">Description<\/a>\n\t\t\t\t\t<\/div>\n\n\t\t\t\t\t<div id=\"elementor-tab-content-2172\" class=\"elementor-tab-content elementor-clearfix\" data-tab=\"2\" role=\"region\" aria-labelledby=\"elementor-tab-title-2172\"><p style=\"text-align: justify;\">A la suite de cette formation, vous allez ma\u00eetriser les notions suivantes:<\/p><p style=\"text-align: justify;\">\u2192 Pr\u00e9sentation de la norme ISO 27001 et les mesures de s\u00e9curit\u00e9;<\/p><p style=\"text-align: justify;\">\u2192 Comprendre les \u00e9l\u00e9ments et le fonctionnement d\u2019un Syst\u00e8me <br \/>de management de la s\u00e9curit\u00e9 de l&rsquo;information;<\/p><p style=\"text-align: justify;\">\u2192 Compr\u00e9hension des contextes d&rsquo;impl\u00e9mentation des mesures de s\u00e9curit\u00e9 et leur int\u00e9gration dans l&rsquo;organisation g\u00e9n\u00e9rale de la s\u00e9curit\u00e9;<\/p><p style=\"text-align: justify;\">\u2192 Savoir s\u00e9lectionner et approfondir des mesures de s\u00e9curit\u00e9 en prenant en compte l&rsquo;appr\u00e9ciation des risques, les pi\u00e8ges \u00e0 \u00e9viter et l&rsquo;audit de ces mesures;<\/p><p style=\"text-align: justify;\">\u2192 Disposer d&rsquo;une vue globale des r\u00e9f\u00e9rentiels existants, des guides d&rsquo;impl\u00e9mentation ou des bonnes pratiques des mesures de s\u00e9curit\u00e9.<\/p><\/div>\n\t\t\t\t<\/div>\n\t\t\t\t\t\t\t<div class=\"elementor-toggle-item\">\n\t\t\t\t\t<div id=\"elementor-tab-title-2173\" class=\"elementor-tab-title\" data-tab=\"3\" role=\"button\" aria-controls=\"elementor-tab-content-2173\" aria-expanded=\"false\">\n\t\t\t\t\t\t\t\t\t\t\t\t<span class=\"elementor-toggle-icon elementor-toggle-icon-left\" aria-hidden=\"true\">\n\t\t\t\t\t\t\t\t\t\t\t\t\t\t\t<span class=\"elementor-toggle-icon-closed\"><svg class=\"e-font-icon-svg e-fas-caret-right\" viewBox=\"0 0 192 512\" xmlns=\"http:\/\/www.w3.org\/2000\/svg\"><path d=\"M0 384.662V127.338c0-17.818 21.543-26.741 34.142-14.142l128.662 128.662c7.81 7.81 7.81 20.474 0 28.284L34.142 398.804C21.543 411.404 0 402.48 0 384.662z\"><\/path><\/svg><\/span>\n\t\t\t\t\t\t\t\t<span class=\"elementor-toggle-icon-opened\"><svg class=\"elementor-toggle-icon-opened e-font-icon-svg e-fas-caret-up\" viewBox=\"0 0 320 512\" xmlns=\"http:\/\/www.w3.org\/2000\/svg\"><path d=\"M288.662 352H31.338c-17.818 0-26.741-21.543-14.142-34.142l128.662-128.662c7.81-7.81 20.474-7.81 28.284 0l128.662 128.662c12.6 12.599 3.676 34.142-14.142 34.142z\"><\/path><\/svg><\/span>\n\t\t\t\t\t\t\t\t\t\t\t\t\t<\/span>\n\t\t\t\t\t\t\t\t\t\t\t\t<a class=\"elementor-toggle-title\" tabindex=\"0\">Pr\u00e9-requis<\/a>\n\t\t\t\t\t<\/div>\n\n\t\t\t\t\t<div id=\"elementor-tab-content-2173\" class=\"elementor-tab-content elementor-clearfix\" data-tab=\"3\" role=\"region\" aria-labelledby=\"elementor-tab-title-2173\"><p>Culture dans le domaine de la s\u00e9curit\u00e9 de l&rsquo;information<\/p><\/div>\n\t\t\t\t<\/div>\n\t\t\t\t\t\t\t<div class=\"elementor-toggle-item\">\n\t\t\t\t\t<div id=\"elementor-tab-title-2174\" class=\"elementor-tab-title\" data-tab=\"4\" role=\"button\" aria-controls=\"elementor-tab-content-2174\" aria-expanded=\"false\">\n\t\t\t\t\t\t\t\t\t\t\t\t<span class=\"elementor-toggle-icon elementor-toggle-icon-left\" aria-hidden=\"true\">\n\t\t\t\t\t\t\t\t\t\t\t\t\t\t\t<span class=\"elementor-toggle-icon-closed\"><svg class=\"e-font-icon-svg e-fas-caret-right\" viewBox=\"0 0 192 512\" xmlns=\"http:\/\/www.w3.org\/2000\/svg\"><path d=\"M0 384.662V127.338c0-17.818 21.543-26.741 34.142-14.142l128.662 128.662c7.81 7.81 7.81 20.474 0 28.284L34.142 398.804C21.543 411.404 0 402.48 0 384.662z\"><\/path><\/svg><\/span>\n\t\t\t\t\t\t\t\t<span class=\"elementor-toggle-icon-opened\"><svg class=\"elementor-toggle-icon-opened e-font-icon-svg e-fas-caret-up\" viewBox=\"0 0 320 512\" xmlns=\"http:\/\/www.w3.org\/2000\/svg\"><path d=\"M288.662 352H31.338c-17.818 0-26.741-21.543-14.142-34.142l128.662-128.662c7.81-7.81 20.474-7.81 28.284 0l128.662 128.662c12.6 12.599 3.676 34.142-14.142 34.142z\"><\/path><\/svg><\/span>\n\t\t\t\t\t\t\t\t\t\t\t\t\t<\/span>\n\t\t\t\t\t\t\t\t\t\t\t\t<a class=\"elementor-toggle-title\" tabindex=\"0\">Public cible<\/a>\n\t\t\t\t\t<\/div>\n\n\t\t\t\t\t<div id=\"elementor-tab-content-2174\" class=\"elementor-tab-content elementor-clearfix\" data-tab=\"4\" role=\"region\" aria-labelledby=\"elementor-tab-title-2174\"><p style=\"text-align: justify;\">\u2192 Toute personne d\u00e9sireuse de se familiariser avec les normes ISO 27001 et 27002, d&rsquo;am\u00e9liorer sa compr\u00e9hension des mesures de s\u00e9curit\u00e9 de l&rsquo;information et d&rsquo;approfondir sa connaissance des r\u00e9f\u00e9rentiels existants afin de faciliter leur mise en pratique;<\/p><p style=\"text-align: justify;\">\u2192 Op\u00e9rationnels (techniques ou m\u00e9tiers) et auditeurs souhaitant am\u00e9liorer leur compr\u00e9hension des mesures propres \u00e0 la SSI;<\/p><p style=\"text-align: justify;\">\u2192 RSSI souhaitant avoir un panorama des mesures, organiser leur plan d&rsquo;action, ou dynamiser les \u00e9changes avec les op\u00e9rationnels;<\/p><p style=\"text-align: justify;\">\u2192Toute personne souhaitant poursuivre une carri\u00e8re dans le<br \/>management de la s\u00e9curit\u00e9 de l&rsquo;information.<\/p><\/div>\n\t\t\t\t<\/div>\n\t\t\t\t\t\t\t\t<\/div>\n\t\t\t\t\t\t<\/div>\n\t\t\t\t<\/div>\n\t\t\t\t<\/div>\n\t\t\t\t\t<\/div>\n\t\t\t\t<\/div>\n\t\t<div class=\"elementor-element elementor-element-f3eff52 e-flex e-con-boxed e-con e-parent\" data-id=\"f3eff52\" data-element_type=\"container\" data-e-type=\"container\">\n\t\t\t\t\t<div class=\"e-con-inner\">\n\t\t\t\t<div class=\"elementor-element elementor-element-2663b81 elementor-align-center elementor-widget elementor-widget-ibutton\" data-id=\"2663b81\" data-element_type=\"widget\" data-e-type=\"widget\" data-widget_type=\"ibutton.default\">\n\t\t\t\t<div class=\"elementor-widget-container\">\n\t\t\t\t\t\t\t<div class=\"ot-button\">\r\n\t\t\t<a href=\"https:\/\/cristechservices.com\/index.php\/contacts\/\" class=\"octf-btn octf-btn-primary\">Contactez-nous<\/a>\r\n\t    <\/div>\r\n\t    \t\t\t\t<\/div>\n\t\t\t\t<\/div>\n\t\t\t\t\t<\/div>\n\t\t\t\t<\/div>\n\t\t\t\t<\/div>\n\t\t","protected":false},"excerpt":{"rendered":"<p>Objectif de la formation Cette formation vous donnera la possibilit\u00e9 de comprendre les principes essentiels pour mettre en place et g\u00e9rer un Syst\u00e8me de management de la s\u00e9curit\u00e9 de l&#8217;information (SMSI), conform\u00e9ment \u00e0 la norme ISO\/IEC 27001. Pendant cette formation, vous d\u00e9couvrirez les divers modules d&#8217;un SMSI, tels que la politique SMSI, les proc\u00e9dures, la [&hellip;]<\/p>\n","protected":false},"author":1,"featured_media":7191,"parent":6168,"menu_order":0,"comment_status":"closed","ping_status":"closed","template":"","meta":{"_regular_price":[],"currency_symbol":[],"iawp_total_views":9,"footnotes":""},"class_list":["post-7190","page","type-page","status-publish","has-post-thumbnail","hentry"],"post_slider_layout_featured_media_urls":{"thumbnail":["https:\/\/cristechservices.com\/wp-content\/uploads\/2024\/08\/ISO-Copie-150x150.jpg",150,150,true],"post_slider_layout_landscape_large":["https:\/\/cristechservices.com\/wp-content\/uploads\/2024\/08\/ISO-Copie.jpg",1000,562,false],"post_slider_layout_portrait_large":["https:\/\/cristechservices.com\/wp-content\/uploads\/2024\/08\/ISO-Copie.jpg",1000,562,false],"post_slider_layout_square_large":["https:\/\/cristechservices.com\/wp-content\/uploads\/2024\/08\/ISO-Copie.jpg",1000,562,false],"post_slider_layout_landscape":["https:\/\/cristechservices.com\/wp-content\/uploads\/2024\/08\/ISO-Copie-600x400.jpg",600,400,true],"post_slider_layout_portrait":["https:\/\/cristechservices.com\/wp-content\/uploads\/2024\/08\/ISO-Copie-600x562.jpg",600,562,true],"post_slider_layout_square":["https:\/\/cristechservices.com\/wp-content\/uploads\/2024\/08\/ISO-Copie-600x562.jpg",600,562,true],"full":["https:\/\/cristechservices.com\/wp-content\/uploads\/2024\/08\/ISO-Copie.jpg",1000,562,false]},"_links":{"self":[{"href":"https:\/\/cristechservices.com\/index.php\/wp-json\/wp\/v2\/pages\/7190","targetHints":{"allow":["GET"]}}],"collection":[{"href":"https:\/\/cristechservices.com\/index.php\/wp-json\/wp\/v2\/pages"}],"about":[{"href":"https:\/\/cristechservices.com\/index.php\/wp-json\/wp\/v2\/types\/page"}],"author":[{"embeddable":true,"href":"https:\/\/cristechservices.com\/index.php\/wp-json\/wp\/v2\/users\/1"}],"replies":[{"embeddable":true,"href":"https:\/\/cristechservices.com\/index.php\/wp-json\/wp\/v2\/comments?post=7190"}],"version-history":[{"count":10,"href":"https:\/\/cristechservices.com\/index.php\/wp-json\/wp\/v2\/pages\/7190\/revisions"}],"predecessor-version":[{"id":7203,"href":"https:\/\/cristechservices.com\/index.php\/wp-json\/wp\/v2\/pages\/7190\/revisions\/7203"}],"up":[{"embeddable":true,"href":"https:\/\/cristechservices.com\/index.php\/wp-json\/wp\/v2\/pages\/6168"}],"wp:featuredmedia":[{"embeddable":true,"href":"https:\/\/cristechservices.com\/index.php\/wp-json\/wp\/v2\/media\/7191"}],"wp:attachment":[{"href":"https:\/\/cristechservices.com\/index.php\/wp-json\/wp\/v2\/media?parent=7190"}],"curies":[{"name":"wp","href":"https:\/\/api.w.org\/{rel}","templated":true}]}}