{"id":7019,"date":"2024-08-10T13:14:16","date_gmt":"2024-08-10T12:14:16","guid":{"rendered":"https:\/\/cristechservices.com\/?page_id=7019"},"modified":"2024-08-10T14:15:47","modified_gmt":"2024-08-10T13:15:47","slug":"politique-de-confidentialite","status":"publish","type":"page","link":"https:\/\/cristechservices.com\/index.php\/politique-de-confidentialite\/","title":{"rendered":"Politique de confidentialit\u00e9"},"content":{"rendered":"\t\t<div data-elementor-type=\"wp-page\" data-elementor-id=\"7019\" class=\"elementor elementor-7019\">\n\t\t\t\t<div class=\"elementor-element elementor-element-8a54e8a e-flex e-con-boxed e-con e-parent\" data-id=\"8a54e8a\" data-element_type=\"container\" data-e-type=\"container\">\n\t\t\t\t\t<div class=\"e-con-inner\">\n\t\t\t\t<div class=\"elementor-element elementor-element-1408982 elementor-widget elementor-widget-heading\" data-id=\"1408982\" data-element_type=\"widget\" data-e-type=\"widget\" data-widget_type=\"heading.default\">\n\t\t\t\t<div class=\"elementor-widget-container\">\n\t\t\t\t\t<h3 class=\"elementor-heading-title elementor-size-default\">Politique de confidentialit\u00e9<\/h3>\t\t\t\t<\/div>\n\t\t\t\t<\/div>\n\t\t\t\t<div class=\"elementor-element elementor-element-0e27ab2 elementor-widget elementor-widget-text-editor\" data-id=\"0e27ab2\" data-element_type=\"widget\" data-e-type=\"widget\" data-widget_type=\"text-editor.default\">\n\t\t\t\t<div class=\"elementor-widget-container\">\n\t\t\t\t\t\t\t\t\t<p style=\"text-align: justify;\"><strong><em>Derni\u00e8re mise \u00e0 jour : 09 Ao\u00fbt 2024<\/em><\/strong><\/p>\n<p style=\"text-align: justify;\"><strong>CRISTECH SERVICES<\/strong> accorde une grande importance \u00e0 la protection de votre vie priv\u00e9e. Cette politique de confidentialit\u00e9 explique comment nous collectons, utilisons et prot\u00e9geons les informations que vous nous fournissez lors de l\u2019utilisation de notre site web et de nos services.<\/p>\t\t\t\t\t\t\t\t<\/div>\n\t\t\t\t<\/div>\n\t\t\t\t<div class=\"elementor-element elementor-element-6ae8625 elementor-widget elementor-widget-text-editor\" data-id=\"6ae8625\" data-element_type=\"widget\" data-e-type=\"widget\" data-widget_type=\"text-editor.default\">\n\t\t\t\t<div class=\"elementor-widget-container\">\n\t\t\t\t\t\t\t\t\t<h5><span style=\"color: #3d72f9;\"><strong>1. Collecte d&rsquo;Informations<\/strong><\/span><\/h5><p style=\"text-align: justify;\">Lorsque vous vous connectez sur notre site, nous collectons des donn\u00e9es personnelles telles que votre nom, pr\u00e9noms, num\u00e9ro de t\u00e9l\u00e9phone et adresse e-mail. Il est \u00e9galement possible de recueillir des donn\u00e9es non personnelles comme l&rsquo;adresse IP, le navigateur utilis\u00e9, le syst\u00e8me d&rsquo;exploitation, etc., dans le but d&rsquo;analyser et d&rsquo;am\u00e9liorer notre site.<\/p>\t\t\t\t\t\t\t\t<\/div>\n\t\t\t\t<\/div>\n\t\t\t\t<div class=\"elementor-element elementor-element-42d443c elementor-widget elementor-widget-text-editor\" data-id=\"42d443c\" data-element_type=\"widget\" data-e-type=\"widget\" data-widget_type=\"text-editor.default\">\n\t\t\t\t<div class=\"elementor-widget-container\">\n\t\t\t\t\t\t\t\t\t<h5><span style=\"color: #3d72f9;\"><strong>2. Utilisation des Informations<\/strong><\/span><\/h5><p style=\"text-align: justify;\">Les informations que nous collectons peuvent \u00eatre utilis\u00e9es pour :<\/p><p style=\"text-align: justify;\">\u2192 Traitement des commandes;<\/p><p style=\"text-align: justify;\">\u2192 Personnalisation de votre exp\u00e9rience utilisateur;<\/p><p style=\"text-align: justify;\">\u2192\u00a0 Am\u00e9lioration de notre site et de nos services et prestations;<\/p><p style=\"text-align: justify;\">\u2192 Envoi d\u2019e-mails pour les informations li\u00e9es \u00e0 nos activit\u00e9s (avec votre consentement).<\/p>\t\t\t\t\t\t\t\t<\/div>\n\t\t\t\t<\/div>\n\t\t\t\t<div class=\"elementor-element elementor-element-c2e3a02 elementor-widget elementor-widget-text-editor\" data-id=\"c2e3a02\" data-element_type=\"widget\" data-e-type=\"widget\" data-widget_type=\"text-editor.default\">\n\t\t\t\t<div class=\"elementor-widget-container\">\n\t\t\t\t\t\t\t\t\t<h5><span style=\"color: #3d72f9;\"><strong>3. Protection des Informations<\/strong><\/span><\/h5><p style=\"text-align: justify;\">Nous mettons en \u0153uvre des mesures de s\u00e9curit\u00e9 pour prot\u00e9ger vos informations personnelles. Cependant, aucune transmission de donn\u00e9es sur Internet n\u2019est totalement s\u00e9curis\u00e9e. En utilisant notre site, vous reconnaissez et acceptez ce risque.<\/p>\t\t\t\t\t\t\t\t<\/div>\n\t\t\t\t<\/div>\n\t\t\t\t<div class=\"elementor-element elementor-element-486e6ab elementor-widget elementor-widget-text-editor\" data-id=\"486e6ab\" data-element_type=\"widget\" data-e-type=\"widget\" data-widget_type=\"text-editor.default\">\n\t\t\t\t<div class=\"elementor-widget-container\">\n\t\t\t\t\t\t\t\t\t<h5 style=\"text-align: justify;\"><span style=\"color: #3d72f9;\"><strong>4. Cookies<\/strong><\/span><\/h5><p style=\"text-align: justify;\">Notre site utilise des cookies pour am\u00e9liorer l\u2019exp\u00e9rience utilisateur. Vous pouvez configurer votre navigateur pour refuser les cookies, mais cela pourrait limiter certaines fonctionnalit\u00e9s de notre site.<\/p>\t\t\t\t\t\t\t\t<\/div>\n\t\t\t\t<\/div>\n\t\t\t\t<div class=\"elementor-element elementor-element-b2e406b elementor-widget elementor-widget-text-editor\" data-id=\"b2e406b\" data-element_type=\"widget\" data-e-type=\"widget\" data-widget_type=\"text-editor.default\">\n\t\t\t\t<div class=\"elementor-widget-container\">\n\t\t\t\t\t\t\t\t\t<h5 style=\"text-align: justify;\"><span style=\"color: #3d72f9;\"><strong>5. Partage d\u2019Informations<\/strong><\/span><\/h5><p style=\"text-align: justify;\">Si cela est n\u00e9cessaire pour le traitement des transactions ou la prestation de services, nous ne vendons, n&rsquo;\u00e9changeons ni ne louons vos informations personnelles sans votre consentement.<\/p>\t\t\t\t\t\t\t\t<\/div>\n\t\t\t\t<\/div>\n\t\t\t\t<div class=\"elementor-element elementor-element-33570da elementor-widget elementor-widget-text-editor\" data-id=\"33570da\" data-element_type=\"widget\" data-e-type=\"widget\" data-widget_type=\"text-editor.default\">\n\t\t\t\t<div class=\"elementor-widget-container\">\n\t\t\t\t\t\t\t\t\t<h5 style=\"text-align: justify;\"><span style=\"color: #3d72f9;\"><strong>6. Consentement<\/strong><\/span><\/h5><p style=\"text-align: justify;\">En utilisant notre site, vous consentez \u00e0 notre politique de confidentialit\u00e9.<\/p>\t\t\t\t\t\t\t\t<\/div>\n\t\t\t\t<\/div>\n\t\t\t\t<div class=\"elementor-element elementor-element-a38a2c7 elementor-widget elementor-widget-text-editor\" data-id=\"a38a2c7\" data-element_type=\"widget\" data-e-type=\"widget\" data-widget_type=\"text-editor.default\">\n\t\t\t\t<div class=\"elementor-widget-container\">\n\t\t\t\t\t\t\t\t\t<h5><span style=\"color: #3d72f9;\"><strong>7. Modifications de la Politique de Confidentialit\u00e9<\/strong><\/span><\/h5><p style=\"text-align: justify;\"><strong>CRISTECH SERVICES<\/strong> se r\u00e9serve le droit de modifier cette politique de confidentialit\u00e9 \u00e0 tout moment. Les modifications seront effectives d\u00e8s leur publication sur le site. Il est de votre responsabilit\u00e9 de v\u00e9rifier r\u00e9guli\u00e8rement les mises \u00e0 jour.<\/p>\t\t\t\t\t\t\t\t<\/div>\n\t\t\t\t<\/div>\n\t\t\t\t<div class=\"elementor-element elementor-element-afb13c8 elementor-widget elementor-widget-text-editor\" data-id=\"afb13c8\" data-element_type=\"widget\" data-e-type=\"widget\" data-widget_type=\"text-editor.default\">\n\t\t\t\t<div class=\"elementor-widget-container\">\n\t\t\t\t\t\t\t\t\t<h5 style=\"text-align: justify;\"><span style=\"color: #3d72f9;\"><strong>8. Contact<\/strong><\/span><\/h5><p style=\"text-align: justify;\">Si vous avez des questions concernant notre politique de confidentialit\u00e9, veuillez nous contacter \u00e0 l\u2019adresse suivante : contact@cristechservices.com.<\/p><p style=\"text-align: justify;\">Merci de faire confiance \u00e0 <strong>CRISTECH SERVICES<\/strong>.<\/p>\t\t\t\t\t\t\t\t<\/div>\n\t\t\t\t<\/div>\n\t\t\t\t\t<\/div>\n\t\t\t\t<\/div>\n\t\t\t\t<\/div>\n\t\t","protected":false},"excerpt":{"rendered":"<p>Politique de confidentialit\u00e9 Derni\u00e8re mise \u00e0 jour : 09 Ao\u00fbt 2024 CRISTECH SERVICES accorde une grande importance \u00e0 la protection de votre vie priv\u00e9e. Cette politique de confidentialit\u00e9 explique comment nous collectons, utilisons et prot\u00e9geons les informations que vous nous fournissez lors de l\u2019utilisation de notre site web et de nos services. 1. Collecte d&rsquo;Informations [&hellip;]<\/p>\n","protected":false},"author":1,"featured_media":0,"parent":0,"menu_order":0,"comment_status":"closed","ping_status":"closed","template":"","meta":{"_regular_price":[],"currency_symbol":[],"iawp_total_views":27,"footnotes":""},"class_list":["post-7019","page","type-page","status-publish","hentry"],"post_slider_layout_featured_media_urls":{"thumbnail":"","post_slider_layout_landscape_large":"","post_slider_layout_portrait_large":"","post_slider_layout_square_large":"","post_slider_layout_landscape":"","post_slider_layout_portrait":"","post_slider_layout_square":"","full":""},"_links":{"self":[{"href":"https:\/\/cristechservices.com\/index.php\/wp-json\/wp\/v2\/pages\/7019","targetHints":{"allow":["GET"]}}],"collection":[{"href":"https:\/\/cristechservices.com\/index.php\/wp-json\/wp\/v2\/pages"}],"about":[{"href":"https:\/\/cristechservices.com\/index.php\/wp-json\/wp\/v2\/types\/page"}],"author":[{"embeddable":true,"href":"https:\/\/cristechservices.com\/index.php\/wp-json\/wp\/v2\/users\/1"}],"replies":[{"embeddable":true,"href":"https:\/\/cristechservices.com\/index.php\/wp-json\/wp\/v2\/comments?post=7019"}],"version-history":[{"count":28,"href":"https:\/\/cristechservices.com\/index.php\/wp-json\/wp\/v2\/pages\/7019\/revisions"}],"predecessor-version":[{"id":7051,"href":"https:\/\/cristechservices.com\/index.php\/wp-json\/wp\/v2\/pages\/7019\/revisions\/7051"}],"wp:attachment":[{"href":"https:\/\/cristechservices.com\/index.php\/wp-json\/wp\/v2\/media?parent=7019"}],"curies":[{"name":"wp","href":"https:\/\/api.w.org\/{rel}","templated":true}]}}