{"id":6734,"date":"2024-08-04T19:50:03","date_gmt":"2024-08-04T18:50:03","guid":{"rendered":"https:\/\/cristechservices.com\/?page_id=6734"},"modified":"2024-08-04T20:49:22","modified_gmt":"2024-08-04T19:49:22","slug":"itil-v4","status":"publish","type":"page","link":"https:\/\/cristechservices.com\/index.php\/formation\/itil-v4\/","title":{"rendered":"ITIL V4"},"content":{"rendered":"\t\t<div data-elementor-type=\"wp-page\" data-elementor-id=\"6734\" class=\"elementor elementor-6734\">\n\t\t\t\t<div class=\"elementor-element elementor-element-9316a22 e-flex e-con-boxed e-con e-parent\" data-id=\"9316a22\" data-element_type=\"container\" data-e-type=\"container\">\n\t\t\t\t\t<div class=\"e-con-inner\">\n\t\t<div class=\"elementor-element elementor-element-d12908e e-con-full e-flex e-con e-child\" data-id=\"d12908e\" data-element_type=\"container\" data-e-type=\"container\">\n\t\t\t\t<div class=\"elementor-element elementor-element-27cfa43 elementor-widget elementor-widget-image\" data-id=\"27cfa43\" data-element_type=\"widget\" data-e-type=\"widget\" data-widget_type=\"image.default\">\n\t\t\t\t<div class=\"elementor-widget-container\">\n\t\t\t\t\t\t\t\t\t\t\t\t\t\t\t<img fetchpriority=\"high\" decoding=\"async\" width=\"626\" height=\"366\" src=\"https:\/\/cristechservices.com\/wp-content\/uploads\/2024\/08\/Capture-decran-2024-08-04-194746.jpg\" class=\"attachment-large size-large wp-image-6735\" alt=\"\" srcset=\"https:\/\/cristechservices.com\/wp-content\/uploads\/2024\/08\/Capture-decran-2024-08-04-194746.jpg 626w, https:\/\/cristechservices.com\/wp-content\/uploads\/2024\/08\/Capture-decran-2024-08-04-194746-300x175.jpg 300w, https:\/\/cristechservices.com\/wp-content\/uploads\/2024\/08\/Capture-decran-2024-08-04-194746-600x351.jpg 600w\" sizes=\"(max-width: 626px) 100vw, 626px\" \/>\t\t\t\t\t\t\t\t\t\t\t\t\t\t\t<\/div>\n\t\t\t\t<\/div>\n\t\t\t\t<\/div>\n\t\t<div class=\"elementor-element elementor-element-0917189 e-con-full e-flex e-con e-child\" data-id=\"0917189\" data-element_type=\"container\" data-e-type=\"container\">\n\t\t\t\t<div class=\"elementor-element elementor-element-8f5b2f9 elementor-widget elementor-widget-toggle\" data-id=\"8f5b2f9\" data-element_type=\"widget\" data-e-type=\"widget\" data-widget_type=\"toggle.default\">\n\t\t\t\t<div class=\"elementor-widget-container\">\n\t\t\t\t\t\t\t<div class=\"elementor-toggle\">\n\t\t\t\t\t\t\t<div class=\"elementor-toggle-item\">\n\t\t\t\t\t<div id=\"elementor-tab-title-1501\" class=\"elementor-tab-title\" data-tab=\"1\" role=\"button\" aria-controls=\"elementor-tab-content-1501\" aria-expanded=\"false\">\n\t\t\t\t\t\t\t\t\t\t\t\t<span class=\"elementor-toggle-icon elementor-toggle-icon-left\" aria-hidden=\"true\">\n\t\t\t\t\t\t\t\t\t\t\t\t\t\t\t<span class=\"elementor-toggle-icon-closed\"><svg class=\"e-font-icon-svg e-fas-caret-right\" viewBox=\"0 0 192 512\" xmlns=\"http:\/\/www.w3.org\/2000\/svg\"><path d=\"M0 384.662V127.338c0-17.818 21.543-26.741 34.142-14.142l128.662 128.662c7.81 7.81 7.81 20.474 0 28.284L34.142 398.804C21.543 411.404 0 402.48 0 384.662z\"><\/path><\/svg><\/span>\n\t\t\t\t\t\t\t\t<span class=\"elementor-toggle-icon-opened\"><svg class=\"elementor-toggle-icon-opened e-font-icon-svg e-fas-caret-up\" viewBox=\"0 0 320 512\" xmlns=\"http:\/\/www.w3.org\/2000\/svg\"><path d=\"M288.662 352H31.338c-17.818 0-26.741-21.543-14.142-34.142l128.662-128.662c7.81-7.81 20.474-7.81 28.284 0l128.662 128.662c12.6 12.599 3.676 34.142-14.142 34.142z\"><\/path><\/svg><\/span>\n\t\t\t\t\t\t\t\t\t\t\t\t\t<\/span>\n\t\t\t\t\t\t\t\t\t\t\t\t<a class=\"elementor-toggle-title\" tabindex=\"0\">Objectif de la formation<\/a>\n\t\t\t\t\t<\/div>\n\n\t\t\t\t\t<div id=\"elementor-tab-content-1501\" class=\"elementor-tab-content elementor-clearfix\" data-tab=\"1\" role=\"region\" aria-labelledby=\"elementor-tab-title-1501\"><p style=\"text-align: justify;\">L&rsquo;ITIL se d\u00e9finit comme un guide de bonnes pratiques dans le domaine de la gestion et la fourniture des services informatiques.<\/p><p style=\"text-align: justify;\">Une fois que vous aurez termin\u00e9 cette formation, vous serez capable de saisir les concepts et les terminologies ITIL, de comprendre la cha\u00eene de valeur de la gestion des services informatiques, d&rsquo;apporter des am\u00e9liorations aux services informatiques, d&rsquo;am\u00e9liorer la satisfaction des clients, d&rsquo;am\u00e9liorer la productivit\u00e9 et d&rsquo;\u00eatre pr\u00eat \u00e0 passer l&rsquo;examen de certification ITIL.<\/p><\/div>\n\t\t\t\t<\/div>\n\t\t\t\t\t\t\t<div class=\"elementor-toggle-item\">\n\t\t\t\t\t<div id=\"elementor-tab-title-1502\" class=\"elementor-tab-title\" data-tab=\"2\" role=\"button\" aria-controls=\"elementor-tab-content-1502\" aria-expanded=\"false\">\n\t\t\t\t\t\t\t\t\t\t\t\t<span class=\"elementor-toggle-icon elementor-toggle-icon-left\" aria-hidden=\"true\">\n\t\t\t\t\t\t\t\t\t\t\t\t\t\t\t<span class=\"elementor-toggle-icon-closed\"><svg class=\"e-font-icon-svg e-fas-caret-right\" viewBox=\"0 0 192 512\" xmlns=\"http:\/\/www.w3.org\/2000\/svg\"><path d=\"M0 384.662V127.338c0-17.818 21.543-26.741 34.142-14.142l128.662 128.662c7.81 7.81 7.81 20.474 0 28.284L34.142 398.804C21.543 411.404 0 402.48 0 384.662z\"><\/path><\/svg><\/span>\n\t\t\t\t\t\t\t\t<span class=\"elementor-toggle-icon-opened\"><svg class=\"elementor-toggle-icon-opened e-font-icon-svg e-fas-caret-up\" viewBox=\"0 0 320 512\" xmlns=\"http:\/\/www.w3.org\/2000\/svg\"><path d=\"M288.662 352H31.338c-17.818 0-26.741-21.543-14.142-34.142l128.662-128.662c7.81-7.81 20.474-7.81 28.284 0l128.662 128.662c12.6 12.599 3.676 34.142-14.142 34.142z\"><\/path><\/svg><\/span>\n\t\t\t\t\t\t\t\t\t\t\t\t\t<\/span>\n\t\t\t\t\t\t\t\t\t\t\t\t<a class=\"elementor-toggle-title\" tabindex=\"0\">Description<\/a>\n\t\t\t\t\t<\/div>\n\n\t\t\t\t\t<div id=\"elementor-tab-content-1502\" class=\"elementor-tab-content elementor-clearfix\" data-tab=\"2\" role=\"region\" aria-labelledby=\"elementor-tab-title-1502\"><p style=\"text-align: justify;\">Au cours de cette formation, les notions suivantes seront abord\u00e9es:<\/p><p style=\"text-align: justify;\">\u2192 Les concepts li\u00e9s \u00e0 la cr\u00e9ation de valeur par les services : co\u00fbt, valeur, r\u00e9sultat, livrable et risque;<\/p><p style=\"text-align: justify;\">\u2192 Les diff\u00e9rentes notions de relation incluant l&rsquo;offre de services, la gestion de la relation, la fourniture de services et l&rsquo;utilisation des services;<\/p><p style=\"text-align: justify;\">\u2192 Les sept principes directeurs de la gestion des services ITIL;<\/p><p style=\"text-align: justify;\">\u2192 La cha\u00eene de valeur des services ITIL;<\/p><p style=\"text-align: justify;\">\u2192 Le mod\u00e8le d&rsquo;am\u00e9lioration continue;<\/p><p style=\"text-align: justify;\">\u2192 Les pratiques de gestion de services ITIL et de gestion de services attendus: Contr\u00f4le des changements, gestion des incidents, gestion des probl\u00e8mes, gestion des niveaux de services, gestion des demandes de services et am\u00e9lioration de la prestation de services par des tiers.<\/p><p style=\"text-align: justify;\">\u2192 Gestion de la s\u00e9curit\u00e9 de l&rsquo;information, gestion des relations, gestion des fournisseurs;<\/p><\/div>\n\t\t\t\t<\/div>\n\t\t\t\t\t\t\t<div class=\"elementor-toggle-item\">\n\t\t\t\t\t<div id=\"elementor-tab-title-1503\" class=\"elementor-tab-title\" data-tab=\"3\" role=\"button\" aria-controls=\"elementor-tab-content-1503\" aria-expanded=\"false\">\n\t\t\t\t\t\t\t\t\t\t\t\t<span class=\"elementor-toggle-icon elementor-toggle-icon-left\" aria-hidden=\"true\">\n\t\t\t\t\t\t\t\t\t\t\t\t\t\t\t<span class=\"elementor-toggle-icon-closed\"><svg class=\"e-font-icon-svg e-fas-caret-right\" viewBox=\"0 0 192 512\" xmlns=\"http:\/\/www.w3.org\/2000\/svg\"><path d=\"M0 384.662V127.338c0-17.818 21.543-26.741 34.142-14.142l128.662 128.662c7.81 7.81 7.81 20.474 0 28.284L34.142 398.804C21.543 411.404 0 402.48 0 384.662z\"><\/path><\/svg><\/span>\n\t\t\t\t\t\t\t\t<span class=\"elementor-toggle-icon-opened\"><svg class=\"elementor-toggle-icon-opened e-font-icon-svg e-fas-caret-up\" viewBox=\"0 0 320 512\" xmlns=\"http:\/\/www.w3.org\/2000\/svg\"><path d=\"M288.662 352H31.338c-17.818 0-26.741-21.543-14.142-34.142l128.662-128.662c7.81-7.81 20.474-7.81 28.284 0l128.662 128.662c12.6 12.599 3.676 34.142-14.142 34.142z\"><\/path><\/svg><\/span>\n\t\t\t\t\t\t\t\t\t\t\t\t\t<\/span>\n\t\t\t\t\t\t\t\t\t\t\t\t<a class=\"elementor-toggle-title\" tabindex=\"0\">Pr\u00e9-requis<\/a>\n\t\t\t\t\t<\/div>\n\n\t\t\t\t\t<div id=\"elementor-tab-content-1503\" class=\"elementor-tab-content elementor-clearfix\" data-tab=\"3\" role=\"region\" aria-labelledby=\"elementor-tab-title-1503\"><p>Aucun.<\/p><\/div>\n\t\t\t\t<\/div>\n\t\t\t\t\t\t\t<div class=\"elementor-toggle-item\">\n\t\t\t\t\t<div id=\"elementor-tab-title-1504\" class=\"elementor-tab-title\" data-tab=\"4\" role=\"button\" aria-controls=\"elementor-tab-content-1504\" aria-expanded=\"false\">\n\t\t\t\t\t\t\t\t\t\t\t\t<span class=\"elementor-toggle-icon elementor-toggle-icon-left\" aria-hidden=\"true\">\n\t\t\t\t\t\t\t\t\t\t\t\t\t\t\t<span class=\"elementor-toggle-icon-closed\"><svg class=\"e-font-icon-svg e-fas-caret-right\" viewBox=\"0 0 192 512\" xmlns=\"http:\/\/www.w3.org\/2000\/svg\"><path d=\"M0 384.662V127.338c0-17.818 21.543-26.741 34.142-14.142l128.662 128.662c7.81 7.81 7.81 20.474 0 28.284L34.142 398.804C21.543 411.404 0 402.48 0 384.662z\"><\/path><\/svg><\/span>\n\t\t\t\t\t\t\t\t<span class=\"elementor-toggle-icon-opened\"><svg class=\"elementor-toggle-icon-opened e-font-icon-svg e-fas-caret-up\" viewBox=\"0 0 320 512\" xmlns=\"http:\/\/www.w3.org\/2000\/svg\"><path d=\"M288.662 352H31.338c-17.818 0-26.741-21.543-14.142-34.142l128.662-128.662c7.81-7.81 20.474-7.81 28.284 0l128.662 128.662c12.6 12.599 3.676 34.142-14.142 34.142z\"><\/path><\/svg><\/span>\n\t\t\t\t\t\t\t\t\t\t\t\t\t<\/span>\n\t\t\t\t\t\t\t\t\t\t\t\t<a class=\"elementor-toggle-title\" tabindex=\"0\">Public cible<\/a>\n\t\t\t\t\t<\/div>\n\n\t\t\t\t\t<div id=\"elementor-tab-content-1504\" class=\"elementor-tab-content elementor-clearfix\" data-tab=\"4\" role=\"region\" aria-labelledby=\"elementor-tab-title-1504\"><p style=\"text-align: justify;\">\u2192 Directeur du Syst\u00e8me d&rsquo;Information (DSI);<\/p><p style=\"text-align: justify;\">\u2192 Responsable informatique;<\/p><p style=\"text-align: justify;\">\u2192 Tout professionnel impliqu\u00e9 dans la fourniture et la gestion de services IT.<\/p><\/div>\n\t\t\t\t<\/div>\n\t\t\t\t\t\t\t\t<\/div>\n\t\t\t\t\t\t<\/div>\n\t\t\t\t<\/div>\n\t\t\t\t<\/div>\n\t\t\t\t\t<\/div>\n\t\t\t\t<\/div>\n\t\t<div class=\"elementor-element elementor-element-45ee223 e-flex e-con-boxed e-con e-parent\" data-id=\"45ee223\" data-element_type=\"container\" data-e-type=\"container\">\n\t\t\t\t\t<div class=\"e-con-inner\">\n\t\t\t\t<div class=\"elementor-element elementor-element-ea787d0 elementor-align-center elementor-widget elementor-widget-ibutton\" data-id=\"ea787d0\" data-element_type=\"widget\" data-e-type=\"widget\" data-widget_type=\"ibutton.default\">\n\t\t\t\t<div class=\"elementor-widget-container\">\n\t\t\t\t\t\t\t<div class=\"ot-button\">\r\n\t\t\t<a href=\"https:\/\/cristechservices.com\/index.php\/contacts\/\" class=\"octf-btn octf-btn-primary\">Contactez-nous<\/a>\r\n\t    <\/div>\r\n\t    \t\t\t\t<\/div>\n\t\t\t\t<\/div>\n\t\t\t\t\t<\/div>\n\t\t\t\t<\/div>\n\t\t\t\t<\/div>\n\t\t","protected":false},"excerpt":{"rendered":"<p>Objectif de la formation L&#8217;ITIL se d\u00e9finit comme un guide de bonnes pratiques dans le domaine de la gestion et la fourniture des services informatiques. Une fois que vous aurez termin\u00e9 cette formation, vous serez capable de saisir les concepts et les terminologies ITIL, de comprendre la cha\u00eene de valeur de la gestion des services [&hellip;]<\/p>\n","protected":false},"author":1,"featured_media":6735,"parent":6168,"menu_order":0,"comment_status":"closed","ping_status":"closed","template":"","meta":{"_regular_price":[],"currency_symbol":[],"iawp_total_views":9,"footnotes":""},"class_list":["post-6734","page","type-page","status-publish","has-post-thumbnail","hentry"],"post_slider_layout_featured_media_urls":{"thumbnail":["https:\/\/cristechservices.com\/wp-content\/uploads\/2024\/08\/Capture-decran-2024-08-04-194746-150x150.jpg",150,150,true],"post_slider_layout_landscape_large":["https:\/\/cristechservices.com\/wp-content\/uploads\/2024\/08\/Capture-decran-2024-08-04-194746.jpg",626,366,false],"post_slider_layout_portrait_large":["https:\/\/cristechservices.com\/wp-content\/uploads\/2024\/08\/Capture-decran-2024-08-04-194746.jpg",626,366,false],"post_slider_layout_square_large":["https:\/\/cristechservices.com\/wp-content\/uploads\/2024\/08\/Capture-decran-2024-08-04-194746.jpg",626,366,false],"post_slider_layout_landscape":["https:\/\/cristechservices.com\/wp-content\/uploads\/2024\/08\/Capture-decran-2024-08-04-194746-600x366.jpg",600,366,true],"post_slider_layout_portrait":["https:\/\/cristechservices.com\/wp-content\/uploads\/2024\/08\/Capture-decran-2024-08-04-194746-600x366.jpg",600,366,true],"post_slider_layout_square":["https:\/\/cristechservices.com\/wp-content\/uploads\/2024\/08\/Capture-decran-2024-08-04-194746-600x366.jpg",600,366,true],"full":["https:\/\/cristechservices.com\/wp-content\/uploads\/2024\/08\/Capture-decran-2024-08-04-194746.jpg",626,366,false]},"_links":{"self":[{"href":"https:\/\/cristechservices.com\/index.php\/wp-json\/wp\/v2\/pages\/6734","targetHints":{"allow":["GET"]}}],"collection":[{"href":"https:\/\/cristechservices.com\/index.php\/wp-json\/wp\/v2\/pages"}],"about":[{"href":"https:\/\/cristechservices.com\/index.php\/wp-json\/wp\/v2\/types\/page"}],"author":[{"embeddable":true,"href":"https:\/\/cristechservices.com\/index.php\/wp-json\/wp\/v2\/users\/1"}],"replies":[{"embeddable":true,"href":"https:\/\/cristechservices.com\/index.php\/wp-json\/wp\/v2\/comments?post=6734"}],"version-history":[{"count":7,"href":"https:\/\/cristechservices.com\/index.php\/wp-json\/wp\/v2\/pages\/6734\/revisions"}],"predecessor-version":[{"id":6743,"href":"https:\/\/cristechservices.com\/index.php\/wp-json\/wp\/v2\/pages\/6734\/revisions\/6743"}],"up":[{"embeddable":true,"href":"https:\/\/cristechservices.com\/index.php\/wp-json\/wp\/v2\/pages\/6168"}],"wp:featuredmedia":[{"embeddable":true,"href":"https:\/\/cristechservices.com\/index.php\/wp-json\/wp\/v2\/media\/6735"}],"wp:attachment":[{"href":"https:\/\/cristechservices.com\/index.php\/wp-json\/wp\/v2\/media?parent=6734"}],"curies":[{"name":"wp","href":"https:\/\/api.w.org\/{rel}","templated":true}]}}