{"id":6724,"date":"2024-08-04T18:07:52","date_gmt":"2024-08-04T17:07:52","guid":{"rendered":"https:\/\/cristechservices.com\/?page_id=6724"},"modified":"2024-08-04T18:33:15","modified_gmt":"2024-08-04T17:33:15","slug":"azure-securite","status":"publish","type":"page","link":"https:\/\/cristechservices.com\/index.php\/formation\/azure-securite\/","title":{"rendered":"Azure S\u00e9curit\u00e9"},"content":{"rendered":"\t\t<div data-elementor-type=\"wp-page\" data-elementor-id=\"6724\" class=\"elementor elementor-6724\">\n\t\t\t\t<div class=\"elementor-element elementor-element-b5d8d27 e-flex e-con-boxed e-con e-parent\" data-id=\"b5d8d27\" data-element_type=\"container\" data-e-type=\"container\">\n\t\t\t\t\t<div class=\"e-con-inner\">\n\t\t<div class=\"elementor-element elementor-element-f5b7a80 e-con-full e-flex e-con e-child\" data-id=\"f5b7a80\" data-element_type=\"container\" data-e-type=\"container\">\n\t\t\t\t<div class=\"elementor-element elementor-element-045b16f elementor-widget elementor-widget-image\" data-id=\"045b16f\" data-element_type=\"widget\" data-e-type=\"widget\" data-widget_type=\"image.default\">\n\t\t\t\t<div class=\"elementor-widget-container\">\n\t\t\t\t\t\t\t\t\t\t\t\t\t\t\t<img fetchpriority=\"high\" decoding=\"async\" width=\"355\" height=\"189\" src=\"https:\/\/cristechservices.com\/wp-content\/uploads\/2024\/08\/az104-Copie.png\" class=\"attachment-large size-large wp-image-6725\" alt=\"\" srcset=\"https:\/\/cristechservices.com\/wp-content\/uploads\/2024\/08\/az104-Copie.png 355w, https:\/\/cristechservices.com\/wp-content\/uploads\/2024\/08\/az104-Copie-300x160.png 300w\" sizes=\"(max-width: 355px) 100vw, 355px\" \/>\t\t\t\t\t\t\t\t\t\t\t\t\t\t\t<\/div>\n\t\t\t\t<\/div>\n\t\t\t\t<\/div>\n\t\t<div class=\"elementor-element elementor-element-80dc0b8 e-con-full e-flex e-con e-child\" data-id=\"80dc0b8\" data-element_type=\"container\" data-e-type=\"container\">\n\t\t\t\t<div class=\"elementor-element elementor-element-b73e7b1 elementor-widget elementor-widget-toggle\" data-id=\"b73e7b1\" data-element_type=\"widget\" data-e-type=\"widget\" data-widget_type=\"toggle.default\">\n\t\t\t\t<div class=\"elementor-widget-container\">\n\t\t\t\t\t\t\t<div class=\"elementor-toggle\">\n\t\t\t\t\t\t\t<div class=\"elementor-toggle-item\">\n\t\t\t\t\t<div id=\"elementor-tab-title-1921\" class=\"elementor-tab-title\" data-tab=\"1\" role=\"button\" aria-controls=\"elementor-tab-content-1921\" aria-expanded=\"false\">\n\t\t\t\t\t\t\t\t\t\t\t\t<span class=\"elementor-toggle-icon elementor-toggle-icon-left\" aria-hidden=\"true\">\n\t\t\t\t\t\t\t\t\t\t\t\t\t\t\t<span class=\"elementor-toggle-icon-closed\"><svg class=\"e-font-icon-svg e-fas-caret-right\" viewBox=\"0 0 192 512\" xmlns=\"http:\/\/www.w3.org\/2000\/svg\"><path d=\"M0 384.662V127.338c0-17.818 21.543-26.741 34.142-14.142l128.662 128.662c7.81 7.81 7.81 20.474 0 28.284L34.142 398.804C21.543 411.404 0 402.48 0 384.662z\"><\/path><\/svg><\/span>\n\t\t\t\t\t\t\t\t<span class=\"elementor-toggle-icon-opened\"><svg class=\"elementor-toggle-icon-opened e-font-icon-svg e-fas-caret-up\" viewBox=\"0 0 320 512\" xmlns=\"http:\/\/www.w3.org\/2000\/svg\"><path d=\"M288.662 352H31.338c-17.818 0-26.741-21.543-14.142-34.142l128.662-128.662c7.81-7.81 20.474-7.81 28.284 0l128.662 128.662c12.6 12.599 3.676 34.142-14.142 34.142z\"><\/path><\/svg><\/span>\n\t\t\t\t\t\t\t\t\t\t\t\t\t<\/span>\n\t\t\t\t\t\t\t\t\t\t\t\t<a class=\"elementor-toggle-title\" tabindex=\"0\">Objectif de la formation<\/a>\n\t\t\t\t\t<\/div>\n\n\t\t\t\t\t<div id=\"elementor-tab-content-1921\" class=\"elementor-tab-content elementor-clearfix\" data-tab=\"1\" role=\"region\" aria-labelledby=\"elementor-tab-title-1921\"><p style=\"text-align: justify;\">Cette formation a pour but d&rsquo;enseigner aux apprenants comment mettre en place des contr\u00f4les de s\u00e9curit\u00e9 et la protection contre les menaces, g\u00e9rer les identit\u00e9s et les acc\u00e8s, prot\u00e9ger les donn\u00e9es, les applications et les r\u00e9seaux dans les environnements hybrides et Cloud.<br \/>Apr\u00e8s cette formation, le professionnel sera en mesure de garantir la s\u00e9curit\u00e9 d&rsquo;une infrastructure cloud de mani\u00e8re efficace, sans aucune ambigu\u00eft\u00e9.<\/p><\/div>\n\t\t\t\t<\/div>\n\t\t\t\t\t\t\t<div class=\"elementor-toggle-item\">\n\t\t\t\t\t<div id=\"elementor-tab-title-1922\" class=\"elementor-tab-title\" data-tab=\"2\" role=\"button\" aria-controls=\"elementor-tab-content-1922\" aria-expanded=\"false\">\n\t\t\t\t\t\t\t\t\t\t\t\t<span class=\"elementor-toggle-icon elementor-toggle-icon-left\" aria-hidden=\"true\">\n\t\t\t\t\t\t\t\t\t\t\t\t\t\t\t<span class=\"elementor-toggle-icon-closed\"><svg class=\"e-font-icon-svg e-fas-caret-right\" viewBox=\"0 0 192 512\" xmlns=\"http:\/\/www.w3.org\/2000\/svg\"><path d=\"M0 384.662V127.338c0-17.818 21.543-26.741 34.142-14.142l128.662 128.662c7.81 7.81 7.81 20.474 0 28.284L34.142 398.804C21.543 411.404 0 402.48 0 384.662z\"><\/path><\/svg><\/span>\n\t\t\t\t\t\t\t\t<span class=\"elementor-toggle-icon-opened\"><svg class=\"elementor-toggle-icon-opened e-font-icon-svg e-fas-caret-up\" viewBox=\"0 0 320 512\" xmlns=\"http:\/\/www.w3.org\/2000\/svg\"><path d=\"M288.662 352H31.338c-17.818 0-26.741-21.543-14.142-34.142l128.662-128.662c7.81-7.81 20.474-7.81 28.284 0l128.662 128.662c12.6 12.599 3.676 34.142-14.142 34.142z\"><\/path><\/svg><\/span>\n\t\t\t\t\t\t\t\t\t\t\t\t\t<\/span>\n\t\t\t\t\t\t\t\t\t\t\t\t<a class=\"elementor-toggle-title\" tabindex=\"0\">Description<\/a>\n\t\t\t\t\t<\/div>\n\n\t\t\t\t\t<div id=\"elementor-tab-content-1922\" class=\"elementor-tab-content elementor-clearfix\" data-tab=\"2\" role=\"region\" aria-labelledby=\"elementor-tab-title-1922\"><p style=\"text-align: justify;\">Les connaissances pratiques \u00e0 acqu\u00e9rir au cours de cette formation sont les suivantes:<\/p><p style=\"text-align: justify;\">\u2192 Gestion des identit\u00e9s dans Microsoft Entra ID;<\/p><p style=\"text-align: justify;\">\u2192 Gestion de l\u2019authentification et l\u2019autorisation \u00e0 l\u2019aide de Microsoft Entra ID;<\/p><p style=\"text-align: justify;\">\u2192 Gestion d\u2019acc\u00e8s aux applications dans Microsoft Entra ID;<\/p><p style=\"text-align: justify;\">\u2192 Planification et impl\u00e9mentation de la s\u00e9curit\u00e9 pour les r\u00e9seaux virtuels;<\/p><p style=\"text-align: justify;\">\u2192 Planification et impl\u00e9mentation et la s\u00e9curit\u00e9 pour l\u2019acc\u00e8s priv\u00e9 ou l\u2019acc\u00e8s public \u00e0 des ressources Azure;<\/p><p style=\"text-align: justify;\">\u2192 Planification et impl\u00e9mentation d&rsquo;une s\u00e9curit\u00e9 avanc\u00e9e;<\/p><p style=\"text-align: justify;\">\u2192 Planification et impl\u00e9mentation de la s\u00e9curit\u00e9 pour le stockage;<\/p><p style=\"text-align: justify;\">\u2192 Planification et impl\u00e9mentation de la s\u00e9curit\u00e9 pour Azure SQL Database et Azure SQL Managed Instance;<\/p><p style=\"text-align: justify;\">\u2192 Gestion de la gouvernance pour la s\u00e9curit\u00e9;<\/p><p style=\"text-align: justify;\">\u2192 Gestion de la s\u00e9curit\u00e9 en utilisant bas\u00e9e sur Microsoft Defender;<\/p><p style=\"text-align: justify;\">\u2192 Configuration et gestion de la protection contre les menaces en utilisant Microsoft Defender;<\/p><p style=\"text-align: justify;\">\u2192 Configuration et gestion des solutions de supervision et d\u2019automatisation de la s\u00e9curit\u00e9.<\/p><\/div>\n\t\t\t\t<\/div>\n\t\t\t\t\t\t\t<div class=\"elementor-toggle-item\">\n\t\t\t\t\t<div id=\"elementor-tab-title-1923\" class=\"elementor-tab-title\" data-tab=\"3\" role=\"button\" aria-controls=\"elementor-tab-content-1923\" aria-expanded=\"false\">\n\t\t\t\t\t\t\t\t\t\t\t\t<span class=\"elementor-toggle-icon elementor-toggle-icon-left\" aria-hidden=\"true\">\n\t\t\t\t\t\t\t\t\t\t\t\t\t\t\t<span class=\"elementor-toggle-icon-closed\"><svg class=\"e-font-icon-svg e-fas-caret-right\" viewBox=\"0 0 192 512\" xmlns=\"http:\/\/www.w3.org\/2000\/svg\"><path d=\"M0 384.662V127.338c0-17.818 21.543-26.741 34.142-14.142l128.662 128.662c7.81 7.81 7.81 20.474 0 28.284L34.142 398.804C21.543 411.404 0 402.48 0 384.662z\"><\/path><\/svg><\/span>\n\t\t\t\t\t\t\t\t<span class=\"elementor-toggle-icon-opened\"><svg class=\"elementor-toggle-icon-opened e-font-icon-svg e-fas-caret-up\" viewBox=\"0 0 320 512\" xmlns=\"http:\/\/www.w3.org\/2000\/svg\"><path d=\"M288.662 352H31.338c-17.818 0-26.741-21.543-14.142-34.142l128.662-128.662c7.81-7.81 20.474-7.81 28.284 0l128.662 128.662c12.6 12.599 3.676 34.142-14.142 34.142z\"><\/path><\/svg><\/span>\n\t\t\t\t\t\t\t\t\t\t\t\t\t<\/span>\n\t\t\t\t\t\t\t\t\t\t\t\t<a class=\"elementor-toggle-title\" tabindex=\"0\">Pr\u00e9-requis<\/a>\n\t\t\t\t\t<\/div>\n\n\t\t\t\t\t<div id=\"elementor-tab-content-1923\" class=\"elementor-tab-content elementor-clearfix\" data-tab=\"3\" role=\"region\" aria-labelledby=\"elementor-tab-title-1923\"><p>\u2192 Avoir des connaissances sur l&rsquo;administration syst\u00e8me Windows et Linux;<\/p><p>\u2192 Avoir des connaissances sur Azure administration;<\/p><p>\u2192 Ma\u00eetriser des notions sur ka s\u00e9curit\u00e9: contr\u00f4le d&rsquo;acc\u00e8s, authentification, VPN, SSL.<\/p><\/div>\n\t\t\t\t<\/div>\n\t\t\t\t\t\t\t<div class=\"elementor-toggle-item\">\n\t\t\t\t\t<div id=\"elementor-tab-title-1924\" class=\"elementor-tab-title\" data-tab=\"4\" role=\"button\" aria-controls=\"elementor-tab-content-1924\" aria-expanded=\"false\">\n\t\t\t\t\t\t\t\t\t\t\t\t<span class=\"elementor-toggle-icon elementor-toggle-icon-left\" aria-hidden=\"true\">\n\t\t\t\t\t\t\t\t\t\t\t\t\t\t\t<span class=\"elementor-toggle-icon-closed\"><svg class=\"e-font-icon-svg e-fas-caret-right\" viewBox=\"0 0 192 512\" xmlns=\"http:\/\/www.w3.org\/2000\/svg\"><path d=\"M0 384.662V127.338c0-17.818 21.543-26.741 34.142-14.142l128.662 128.662c7.81 7.81 7.81 20.474 0 28.284L34.142 398.804C21.543 411.404 0 402.48 0 384.662z\"><\/path><\/svg><\/span>\n\t\t\t\t\t\t\t\t<span class=\"elementor-toggle-icon-opened\"><svg class=\"elementor-toggle-icon-opened e-font-icon-svg e-fas-caret-up\" viewBox=\"0 0 320 512\" xmlns=\"http:\/\/www.w3.org\/2000\/svg\"><path d=\"M288.662 352H31.338c-17.818 0-26.741-21.543-14.142-34.142l128.662-128.662c7.81-7.81 20.474-7.81 28.284 0l128.662 128.662c12.6 12.599 3.676 34.142-14.142 34.142z\"><\/path><\/svg><\/span>\n\t\t\t\t\t\t\t\t\t\t\t\t\t<\/span>\n\t\t\t\t\t\t\t\t\t\t\t\t<a class=\"elementor-toggle-title\" tabindex=\"0\">Public cible<\/a>\n\t\t\t\t\t<\/div>\n\n\t\t\t\t\t<div id=\"elementor-tab-content-1924\" class=\"elementor-tab-content elementor-clearfix\" data-tab=\"4\" role=\"region\" aria-labelledby=\"elementor-tab-title-1924\"><p>\u2192 Administrateur Azure;<\/p><p>\u2192 Responsable de s\u00e9curit\u00e9;<\/p><p>\u2192 Tout professionnel d\u00e9sirant ma\u00eetriser la scurit\u00e9 cloud Azure.<\/p><\/div>\n\t\t\t\t<\/div>\n\t\t\t\t\t\t\t\t<\/div>\n\t\t\t\t\t\t<\/div>\n\t\t\t\t<\/div>\n\t\t\t\t<\/div>\n\t\t\t\t\t<\/div>\n\t\t\t\t<\/div>\n\t\t<div class=\"elementor-element elementor-element-f9287f6 e-flex e-con-boxed e-con e-parent\" data-id=\"f9287f6\" data-element_type=\"container\" data-e-type=\"container\">\n\t\t\t\t\t<div class=\"e-con-inner\">\n\t\t\t\t<div class=\"elementor-element elementor-element-73e8423 elementor-align-center elementor-widget elementor-widget-ibutton\" data-id=\"73e8423\" data-element_type=\"widget\" data-e-type=\"widget\" data-widget_type=\"ibutton.default\">\n\t\t\t\t<div class=\"elementor-widget-container\">\n\t\t\t\t\t\t\t<div class=\"ot-button\">\r\n\t\t\t<a href=\"https:\/\/cristechservices.com\/index.php\/contacts\/\" class=\"octf-btn octf-btn-primary\">Contactez-nous<\/a>\r\n\t    <\/div>\r\n\t    \t\t\t\t<\/div>\n\t\t\t\t<\/div>\n\t\t\t\t\t<\/div>\n\t\t\t\t<\/div>\n\t\t\t\t<\/div>\n\t\t","protected":false},"excerpt":{"rendered":"<p>Objectif de la formation Cette formation a pour but d&#8217;enseigner aux apprenants comment mettre en place des contr\u00f4les de s\u00e9curit\u00e9 et la protection contre les menaces, g\u00e9rer les identit\u00e9s et les acc\u00e8s, prot\u00e9ger les donn\u00e9es, les applications et les r\u00e9seaux dans les environnements hybrides et Cloud.Apr\u00e8s cette formation, le professionnel sera en mesure de garantir [&hellip;]<\/p>\n","protected":false},"author":1,"featured_media":6725,"parent":6168,"menu_order":0,"comment_status":"closed","ping_status":"closed","template":"","meta":{"_regular_price":[],"currency_symbol":[],"iawp_total_views":4,"footnotes":""},"class_list":["post-6724","page","type-page","status-publish","has-post-thumbnail","hentry"],"post_slider_layout_featured_media_urls":{"thumbnail":["https:\/\/cristechservices.com\/wp-content\/uploads\/2024\/08\/az104-Copie-150x150.png",150,150,true],"post_slider_layout_landscape_large":["https:\/\/cristechservices.com\/wp-content\/uploads\/2024\/08\/az104-Copie.png",355,189,false],"post_slider_layout_portrait_large":["https:\/\/cristechservices.com\/wp-content\/uploads\/2024\/08\/az104-Copie.png",355,189,false],"post_slider_layout_square_large":["https:\/\/cristechservices.com\/wp-content\/uploads\/2024\/08\/az104-Copie.png",355,189,false],"post_slider_layout_landscape":["https:\/\/cristechservices.com\/wp-content\/uploads\/2024\/08\/az104-Copie.png",355,189,false],"post_slider_layout_portrait":["https:\/\/cristechservices.com\/wp-content\/uploads\/2024\/08\/az104-Copie.png",355,189,false],"post_slider_layout_square":["https:\/\/cristechservices.com\/wp-content\/uploads\/2024\/08\/az104-Copie.png",355,189,false],"full":["https:\/\/cristechservices.com\/wp-content\/uploads\/2024\/08\/az104-Copie.png",355,189,false]},"_links":{"self":[{"href":"https:\/\/cristechservices.com\/index.php\/wp-json\/wp\/v2\/pages\/6724","targetHints":{"allow":["GET"]}}],"collection":[{"href":"https:\/\/cristechservices.com\/index.php\/wp-json\/wp\/v2\/pages"}],"about":[{"href":"https:\/\/cristechservices.com\/index.php\/wp-json\/wp\/v2\/types\/page"}],"author":[{"embeddable":true,"href":"https:\/\/cristechservices.com\/index.php\/wp-json\/wp\/v2\/users\/1"}],"replies":[{"embeddable":true,"href":"https:\/\/cristechservices.com\/index.php\/wp-json\/wp\/v2\/comments?post=6724"}],"version-history":[{"count":7,"href":"https:\/\/cristechservices.com\/index.php\/wp-json\/wp\/v2\/pages\/6724\/revisions"}],"predecessor-version":[{"id":6733,"href":"https:\/\/cristechservices.com\/index.php\/wp-json\/wp\/v2\/pages\/6724\/revisions\/6733"}],"up":[{"embeddable":true,"href":"https:\/\/cristechservices.com\/index.php\/wp-json\/wp\/v2\/pages\/6168"}],"wp:featuredmedia":[{"embeddable":true,"href":"https:\/\/cristechservices.com\/index.php\/wp-json\/wp\/v2\/media\/6725"}],"wp:attachment":[{"href":"https:\/\/cristechservices.com\/index.php\/wp-json\/wp\/v2\/media?parent=6724"}],"curies":[{"name":"wp","href":"https:\/\/api.w.org\/{rel}","templated":true}]}}