{"id":6647,"date":"2024-07-31T12:04:53","date_gmt":"2024-07-31T11:04:53","guid":{"rendered":"https:\/\/cristechservices.com\/?page_id=6647"},"modified":"2024-07-31T12:56:38","modified_gmt":"2024-07-31T11:56:38","slug":"virtualisation-libre-avec-proxmox-ve","status":"publish","type":"page","link":"https:\/\/cristechservices.com\/index.php\/formation\/virtualisation-libre-avec-proxmox-ve\/","title":{"rendered":"Virtualisation libre avec PROXMOX VE"},"content":{"rendered":"\t\t<div data-elementor-type=\"wp-page\" data-elementor-id=\"6647\" class=\"elementor elementor-6647\">\n\t\t\t\t<div class=\"elementor-element elementor-element-8f4df60 e-flex e-con-boxed e-con e-parent\" data-id=\"8f4df60\" data-element_type=\"container\" data-e-type=\"container\">\n\t\t\t\t\t<div class=\"e-con-inner\">\n\t\t<div class=\"elementor-element elementor-element-0c60749 e-con-full e-flex e-con e-child\" data-id=\"0c60749\" data-element_type=\"container\" data-e-type=\"container\">\n\t\t\t\t<div class=\"elementor-element elementor-element-398e4ac elementor-widget elementor-widget-image\" data-id=\"398e4ac\" data-element_type=\"widget\" data-e-type=\"widget\" data-widget_type=\"image.default\">\n\t\t\t\t<div class=\"elementor-widget-container\">\n\t\t\t\t\t\t\t\t\t\t\t\t\t\t\t<img fetchpriority=\"high\" decoding=\"async\" width=\"1024\" height=\"314\" src=\"https:\/\/cristechservices.com\/wp-content\/uploads\/2024\/07\/2-1024x314.png\" class=\"attachment-large size-large wp-image-6649\" alt=\"\" srcset=\"https:\/\/cristechservices.com\/wp-content\/uploads\/2024\/07\/2-1024x314.png 1024w, https:\/\/cristechservices.com\/wp-content\/uploads\/2024\/07\/2-300x92.png 300w, https:\/\/cristechservices.com\/wp-content\/uploads\/2024\/07\/2-768x235.png 768w, https:\/\/cristechservices.com\/wp-content\/uploads\/2024\/07\/2-1536x471.png 1536w, https:\/\/cristechservices.com\/wp-content\/uploads\/2024\/07\/2-720x221.png 720w, https:\/\/cristechservices.com\/wp-content\/uploads\/2024\/07\/2-600x184.png 600w, https:\/\/cristechservices.com\/wp-content\/uploads\/2024\/07\/2.png 1821w\" sizes=\"(max-width: 1024px) 100vw, 1024px\" \/>\t\t\t\t\t\t\t\t\t\t\t\t\t\t\t<\/div>\n\t\t\t\t<\/div>\n\t\t\t\t<\/div>\n\t\t<div class=\"elementor-element elementor-element-77438fe e-con-full e-flex e-con e-child\" data-id=\"77438fe\" data-element_type=\"container\" data-e-type=\"container\">\n\t\t\t\t<div class=\"elementor-element elementor-element-633a2ac elementor-widget elementor-widget-toggle\" data-id=\"633a2ac\" data-element_type=\"widget\" data-e-type=\"widget\" data-widget_type=\"toggle.default\">\n\t\t\t\t<div class=\"elementor-widget-container\">\n\t\t\t\t\t\t\t<div class=\"elementor-toggle\">\n\t\t\t\t\t\t\t<div class=\"elementor-toggle-item\">\n\t\t\t\t\t<div id=\"elementor-tab-title-1041\" class=\"elementor-tab-title\" data-tab=\"1\" role=\"button\" aria-controls=\"elementor-tab-content-1041\" aria-expanded=\"false\">\n\t\t\t\t\t\t\t\t\t\t\t\t<span class=\"elementor-toggle-icon elementor-toggle-icon-left\" aria-hidden=\"true\">\n\t\t\t\t\t\t\t\t\t\t\t\t\t\t\t<span class=\"elementor-toggle-icon-closed\"><svg class=\"e-font-icon-svg e-fas-caret-right\" viewBox=\"0 0 192 512\" xmlns=\"http:\/\/www.w3.org\/2000\/svg\"><path d=\"M0 384.662V127.338c0-17.818 21.543-26.741 34.142-14.142l128.662 128.662c7.81 7.81 7.81 20.474 0 28.284L34.142 398.804C21.543 411.404 0 402.48 0 384.662z\"><\/path><\/svg><\/span>\n\t\t\t\t\t\t\t\t<span class=\"elementor-toggle-icon-opened\"><svg class=\"elementor-toggle-icon-opened e-font-icon-svg e-fas-caret-up\" viewBox=\"0 0 320 512\" xmlns=\"http:\/\/www.w3.org\/2000\/svg\"><path d=\"M288.662 352H31.338c-17.818 0-26.741-21.543-14.142-34.142l128.662-128.662c7.81-7.81 20.474-7.81 28.284 0l128.662 128.662c12.6 12.599 3.676 34.142-14.142 34.142z\"><\/path><\/svg><\/span>\n\t\t\t\t\t\t\t\t\t\t\t\t\t<\/span>\n\t\t\t\t\t\t\t\t\t\t\t\t<a class=\"elementor-toggle-title\" tabindex=\"0\">Objectif de la formation<\/a>\n\t\t\t\t\t<\/div>\n\n\t\t\t\t\t<div id=\"elementor-tab-content-1041\" class=\"elementor-tab-content elementor-clearfix\" data-tab=\"1\" role=\"region\" aria-labelledby=\"elementor-tab-title-1041\"><p style=\"text-align: justify;\">Ma\u00eetriser la mise en place, contr\u00f4le et configuration de la solution de virtualisation Proxmox VE. Apr\u00e8s avoir suivi cette formation, vous serez en mesure de g\u00e9rer un cluster de serveurs virtuels sur Linux et Windows.<\/p><\/div>\n\t\t\t\t<\/div>\n\t\t\t\t\t\t\t<div class=\"elementor-toggle-item\">\n\t\t\t\t\t<div id=\"elementor-tab-title-1042\" class=\"elementor-tab-title\" data-tab=\"2\" role=\"button\" aria-controls=\"elementor-tab-content-1042\" aria-expanded=\"false\">\n\t\t\t\t\t\t\t\t\t\t\t\t<span class=\"elementor-toggle-icon elementor-toggle-icon-left\" aria-hidden=\"true\">\n\t\t\t\t\t\t\t\t\t\t\t\t\t\t\t<span class=\"elementor-toggle-icon-closed\"><svg class=\"e-font-icon-svg e-fas-caret-right\" viewBox=\"0 0 192 512\" xmlns=\"http:\/\/www.w3.org\/2000\/svg\"><path d=\"M0 384.662V127.338c0-17.818 21.543-26.741 34.142-14.142l128.662 128.662c7.81 7.81 7.81 20.474 0 28.284L34.142 398.804C21.543 411.404 0 402.48 0 384.662z\"><\/path><\/svg><\/span>\n\t\t\t\t\t\t\t\t<span class=\"elementor-toggle-icon-opened\"><svg class=\"elementor-toggle-icon-opened e-font-icon-svg e-fas-caret-up\" viewBox=\"0 0 320 512\" xmlns=\"http:\/\/www.w3.org\/2000\/svg\"><path d=\"M288.662 352H31.338c-17.818 0-26.741-21.543-14.142-34.142l128.662-128.662c7.81-7.81 20.474-7.81 28.284 0l128.662 128.662c12.6 12.599 3.676 34.142-14.142 34.142z\"><\/path><\/svg><\/span>\n\t\t\t\t\t\t\t\t\t\t\t\t\t<\/span>\n\t\t\t\t\t\t\t\t\t\t\t\t<a class=\"elementor-toggle-title\" tabindex=\"0\">Description<\/a>\n\t\t\t\t\t<\/div>\n\n\t\t\t\t\t<div id=\"elementor-tab-content-1042\" class=\"elementor-tab-content elementor-clearfix\" data-tab=\"2\" role=\"region\" aria-labelledby=\"elementor-tab-title-1042\"><p>\u2192 Introduction \u00e0 Proxmox VE, installation initiale, configuration de base, configuration de KVM et conteneur LXC;<\/p><p>\u2192 Cr\u00e9ation de machines virtuelles simple et avanc\u00e9e, snapshot, clonage, migration et sauvegarde;<\/p><p>\u2192 Gestion des conteneurs;<\/p><p>\u2192 Configuration de stockage local et int\u00e9gration de stockage externe;<\/p><p>\u2192 Optimisation de performances de stockage;<\/p><p>\u2192 Gestion de r\u00e9seaux et configuration de VPN pour la s\u00e9curit\u00e9;<\/p><p>\u2192 Gestion de la haute disponibilit\u00e9 (HA) et de sauvegarde;<\/p><p>\u2192\u00a0 Gestion de la s\u00e9curit\u00e9: Gestion des utilisateurs et des groupes, s\u00e9curisation de l\u2019acc\u00e8s \u00e0 l\u2018interface web, gestion des mises \u00e0 jour, suivi des correctifs de s\u00e9curit\u00e9, r\u00e9ponse aux incidents de s\u00e9curit\u00e9, journalisation et audit;<\/p><p>\u2192 Optimisation de la performance du syst\u00e8me:<\/p><\/div>\n\t\t\t\t<\/div>\n\t\t\t\t\t\t\t<div class=\"elementor-toggle-item\">\n\t\t\t\t\t<div id=\"elementor-tab-title-1043\" class=\"elementor-tab-title\" data-tab=\"3\" role=\"button\" aria-controls=\"elementor-tab-content-1043\" aria-expanded=\"false\">\n\t\t\t\t\t\t\t\t\t\t\t\t<span class=\"elementor-toggle-icon elementor-toggle-icon-left\" aria-hidden=\"true\">\n\t\t\t\t\t\t\t\t\t\t\t\t\t\t\t<span class=\"elementor-toggle-icon-closed\"><svg class=\"e-font-icon-svg e-fas-caret-right\" viewBox=\"0 0 192 512\" xmlns=\"http:\/\/www.w3.org\/2000\/svg\"><path d=\"M0 384.662V127.338c0-17.818 21.543-26.741 34.142-14.142l128.662 128.662c7.81 7.81 7.81 20.474 0 28.284L34.142 398.804C21.543 411.404 0 402.48 0 384.662z\"><\/path><\/svg><\/span>\n\t\t\t\t\t\t\t\t<span class=\"elementor-toggle-icon-opened\"><svg class=\"elementor-toggle-icon-opened e-font-icon-svg e-fas-caret-up\" viewBox=\"0 0 320 512\" xmlns=\"http:\/\/www.w3.org\/2000\/svg\"><path d=\"M288.662 352H31.338c-17.818 0-26.741-21.543-14.142-34.142l128.662-128.662c7.81-7.81 20.474-7.81 28.284 0l128.662 128.662c12.6 12.599 3.676 34.142-14.142 34.142z\"><\/path><\/svg><\/span>\n\t\t\t\t\t\t\t\t\t\t\t\t\t<\/span>\n\t\t\t\t\t\t\t\t\t\t\t\t<a class=\"elementor-toggle-title\" tabindex=\"0\">Pr\u00e9-requis<\/a>\n\t\t\t\t\t<\/div>\n\n\t\t\t\t\t<div id=\"elementor-tab-content-1043\" class=\"elementor-tab-content elementor-clearfix\" data-tab=\"3\" role=\"region\" aria-labelledby=\"elementor-tab-title-1043\"><p>\u2192 Connaissances de base en r\u00e9seaux informatiques<\/p><p>\u2192 Connaissance d&rsquo;administration syst\u00e8me et r\u00e9seaux en environnement Linux<\/p><\/div>\n\t\t\t\t<\/div>\n\t\t\t\t\t\t\t<div class=\"elementor-toggle-item\">\n\t\t\t\t\t<div id=\"elementor-tab-title-1044\" class=\"elementor-tab-title\" data-tab=\"4\" role=\"button\" aria-controls=\"elementor-tab-content-1044\" aria-expanded=\"false\">\n\t\t\t\t\t\t\t\t\t\t\t\t<span class=\"elementor-toggle-icon elementor-toggle-icon-left\" aria-hidden=\"true\">\n\t\t\t\t\t\t\t\t\t\t\t\t\t\t\t<span class=\"elementor-toggle-icon-closed\"><svg class=\"e-font-icon-svg e-fas-caret-right\" viewBox=\"0 0 192 512\" xmlns=\"http:\/\/www.w3.org\/2000\/svg\"><path d=\"M0 384.662V127.338c0-17.818 21.543-26.741 34.142-14.142l128.662 128.662c7.81 7.81 7.81 20.474 0 28.284L34.142 398.804C21.543 411.404 0 402.48 0 384.662z\"><\/path><\/svg><\/span>\n\t\t\t\t\t\t\t\t<span class=\"elementor-toggle-icon-opened\"><svg class=\"elementor-toggle-icon-opened e-font-icon-svg e-fas-caret-up\" viewBox=\"0 0 320 512\" xmlns=\"http:\/\/www.w3.org\/2000\/svg\"><path d=\"M288.662 352H31.338c-17.818 0-26.741-21.543-14.142-34.142l128.662-128.662c7.81-7.81 20.474-7.81 28.284 0l128.662 128.662c12.6 12.599 3.676 34.142-14.142 34.142z\"><\/path><\/svg><\/span>\n\t\t\t\t\t\t\t\t\t\t\t\t\t<\/span>\n\t\t\t\t\t\t\t\t\t\t\t\t<a class=\"elementor-toggle-title\" tabindex=\"0\">Public cibe<\/a>\n\t\t\t\t\t<\/div>\n\n\t\t\t\t\t<div id=\"elementor-tab-content-1044\" class=\"elementor-tab-content elementor-clearfix\" data-tab=\"4\" role=\"region\" aria-labelledby=\"elementor-tab-title-1044\"><p>\u2192 Admin syst\u00e8mes, chefs de projet, d\u00e9veloppeurs;<\/p><p>\u00a0<\/p><\/div>\n\t\t\t\t<\/div>\n\t\t\t\t\t\t\t\t<\/div>\n\t\t\t\t\t\t<\/div>\n\t\t\t\t<\/div>\n\t\t\t\t<\/div>\n\t\t\t\t\t<\/div>\n\t\t\t\t<\/div>\n\t\t<div class=\"elementor-element elementor-element-b78dc45 e-flex e-con-boxed e-con e-parent\" data-id=\"b78dc45\" data-element_type=\"container\" data-e-type=\"container\">\n\t\t\t\t\t<div class=\"e-con-inner\">\n\t\t\t\t<div class=\"elementor-element elementor-element-5ecd426 elementor-align-center elementor-widget elementor-widget-ibutton\" data-id=\"5ecd426\" data-element_type=\"widget\" data-e-type=\"widget\" data-widget_type=\"ibutton.default\">\n\t\t\t\t<div class=\"elementor-widget-container\">\n\t\t\t\t\t\t\t<div class=\"ot-button\">\r\n\t\t\t<a href=\"https:\/\/cristechservices.com\/index.php\/contacts\/\" class=\"octf-btn octf-btn-primary\">Contactez-nous<\/a>\r\n\t    <\/div>\r\n\t    \t\t\t\t<\/div>\n\t\t\t\t<\/div>\n\t\t\t\t\t<\/div>\n\t\t\t\t<\/div>\n\t\t\t\t<\/div>\n\t\t","protected":false},"excerpt":{"rendered":"<p>Objectif de la formation Ma\u00eetriser la mise en place, contr\u00f4le et configuration de la solution de virtualisation Proxmox VE. Apr\u00e8s avoir suivi cette formation, vous serez en mesure de g\u00e9rer un cluster de serveurs virtuels sur Linux et Windows. Description \u2192 Introduction \u00e0 Proxmox VE, installation initiale, configuration de base, configuration de KVM et conteneur [&hellip;]<\/p>\n","protected":false},"author":1,"featured_media":6649,"parent":6168,"menu_order":0,"comment_status":"closed","ping_status":"closed","template":"","meta":{"_regular_price":[],"currency_symbol":[],"iawp_total_views":6,"footnotes":""},"class_list":["post-6647","page","type-page","status-publish","has-post-thumbnail","hentry"],"post_slider_layout_featured_media_urls":{"thumbnail":["https:\/\/cristechservices.com\/wp-content\/uploads\/2024\/07\/2-150x150.png",150,150,true],"post_slider_layout_landscape_large":["https:\/\/cristechservices.com\/wp-content\/uploads\/2024\/07\/2-1200x558.png",1200,558,true],"post_slider_layout_portrait_large":["https:\/\/cristechservices.com\/wp-content\/uploads\/2024\/07\/2-1200x558.png",1200,558,true],"post_slider_layout_square_large":["https:\/\/cristechservices.com\/wp-content\/uploads\/2024\/07\/2-1200x558.png",1200,558,true],"post_slider_layout_landscape":["https:\/\/cristechservices.com\/wp-content\/uploads\/2024\/07\/2-600x400.png",600,400,true],"post_slider_layout_portrait":["https:\/\/cristechservices.com\/wp-content\/uploads\/2024\/07\/2-600x558.png",600,558,true],"post_slider_layout_square":["https:\/\/cristechservices.com\/wp-content\/uploads\/2024\/07\/2-600x558.png",600,558,true],"full":["https:\/\/cristechservices.com\/wp-content\/uploads\/2024\/07\/2.png",1821,558,false]},"_links":{"self":[{"href":"https:\/\/cristechservices.com\/index.php\/wp-json\/wp\/v2\/pages\/6647","targetHints":{"allow":["GET"]}}],"collection":[{"href":"https:\/\/cristechservices.com\/index.php\/wp-json\/wp\/v2\/pages"}],"about":[{"href":"https:\/\/cristechservices.com\/index.php\/wp-json\/wp\/v2\/types\/page"}],"author":[{"embeddable":true,"href":"https:\/\/cristechservices.com\/index.php\/wp-json\/wp\/v2\/users\/1"}],"replies":[{"embeddable":true,"href":"https:\/\/cristechservices.com\/index.php\/wp-json\/wp\/v2\/comments?post=6647"}],"version-history":[{"count":19,"href":"https:\/\/cristechservices.com\/index.php\/wp-json\/wp\/v2\/pages\/6647\/revisions"}],"predecessor-version":[{"id":6672,"href":"https:\/\/cristechservices.com\/index.php\/wp-json\/wp\/v2\/pages\/6647\/revisions\/6672"}],"up":[{"embeddable":true,"href":"https:\/\/cristechservices.com\/index.php\/wp-json\/wp\/v2\/pages\/6168"}],"wp:featuredmedia":[{"embeddable":true,"href":"https:\/\/cristechservices.com\/index.php\/wp-json\/wp\/v2\/media\/6649"}],"wp:attachment":[{"href":"https:\/\/cristechservices.com\/index.php\/wp-json\/wp\/v2\/media?parent=6647"}],"curies":[{"name":"wp","href":"https:\/\/api.w.org\/{rel}","templated":true}]}}