{"id":6577,"date":"2024-07-26T18:05:57","date_gmt":"2024-07-26T17:05:57","guid":{"rendered":"https:\/\/cristechservices.com\/?page_id=6577"},"modified":"2024-08-08T17:06:54","modified_gmt":"2024-08-08T16:06:54","slug":"administration-systeme-sous-linux-serveur","status":"publish","type":"page","link":"https:\/\/cristechservices.com\/index.php\/formation\/administration-systeme-sous-linux-serveur\/","title":{"rendered":"Administration syst\u00e8me sous Linux Serveur"},"content":{"rendered":"\t\t<div data-elementor-type=\"wp-page\" data-elementor-id=\"6577\" class=\"elementor elementor-6577\">\n\t\t\t\t<div class=\"elementor-element elementor-element-6d6ae41 e-flex e-con-boxed e-con e-parent\" data-id=\"6d6ae41\" data-element_type=\"container\" data-e-type=\"container\">\n\t\t\t\t\t<div class=\"e-con-inner\">\n\t\t<div class=\"elementor-element elementor-element-25a83b6 e-con-full e-flex e-con e-child\" data-id=\"25a83b6\" data-element_type=\"container\" data-e-type=\"container\">\n\t\t\t\t<div class=\"elementor-element elementor-element-e433047 elementor-widget elementor-widget-image\" data-id=\"e433047\" data-element_type=\"widget\" data-e-type=\"widget\" data-widget_type=\"image.default\">\n\t\t\t\t<div class=\"elementor-widget-container\">\n\t\t\t\t\t\t\t\t\t\t\t\t\t\t\t<img fetchpriority=\"high\" decoding=\"async\" width=\"1000\" height=\"562\" src=\"https:\/\/cristechservices.com\/wp-content\/uploads\/2024\/08\/linux-1000x562-1.png\" class=\"attachment-large size-large wp-image-6864\" alt=\"\" srcset=\"https:\/\/cristechservices.com\/wp-content\/uploads\/2024\/08\/linux-1000x562-1.png 1000w, https:\/\/cristechservices.com\/wp-content\/uploads\/2024\/08\/linux-1000x562-1-300x169.png 300w, https:\/\/cristechservices.com\/wp-content\/uploads\/2024\/08\/linux-1000x562-1-768x432.png 768w, https:\/\/cristechservices.com\/wp-content\/uploads\/2024\/08\/linux-1000x562-1-720x405.png 720w, https:\/\/cristechservices.com\/wp-content\/uploads\/2024\/08\/linux-1000x562-1-600x337.png 600w\" sizes=\"(max-width: 1000px) 100vw, 1000px\" \/>\t\t\t\t\t\t\t\t\t\t\t\t\t\t\t<\/div>\n\t\t\t\t<\/div>\n\t\t\t\t<\/div>\n\t\t<div class=\"elementor-element elementor-element-4d7af00 e-con-full e-flex e-con e-child\" data-id=\"4d7af00\" data-element_type=\"container\" data-e-type=\"container\">\n\t\t\t\t<div class=\"elementor-element elementor-element-a0daf3c elementor-widget elementor-widget-toggle\" data-id=\"a0daf3c\" data-element_type=\"widget\" data-e-type=\"widget\" data-widget_type=\"toggle.default\">\n\t\t\t\t<div class=\"elementor-widget-container\">\n\t\t\t\t\t\t\t<div class=\"elementor-toggle\">\n\t\t\t\t\t\t\t<div class=\"elementor-toggle-item\">\n\t\t\t\t\t<div id=\"elementor-tab-title-1681\" class=\"elementor-tab-title\" data-tab=\"1\" role=\"button\" aria-controls=\"elementor-tab-content-1681\" aria-expanded=\"false\">\n\t\t\t\t\t\t\t\t\t\t\t\t<span class=\"elementor-toggle-icon elementor-toggle-icon-left\" aria-hidden=\"true\">\n\t\t\t\t\t\t\t\t\t\t\t\t\t\t\t<span class=\"elementor-toggle-icon-closed\"><svg class=\"e-font-icon-svg e-fas-caret-right\" viewBox=\"0 0 192 512\" xmlns=\"http:\/\/www.w3.org\/2000\/svg\"><path d=\"M0 384.662V127.338c0-17.818 21.543-26.741 34.142-14.142l128.662 128.662c7.81 7.81 7.81 20.474 0 28.284L34.142 398.804C21.543 411.404 0 402.48 0 384.662z\"><\/path><\/svg><\/span>\n\t\t\t\t\t\t\t\t<span class=\"elementor-toggle-icon-opened\"><svg class=\"elementor-toggle-icon-opened e-font-icon-svg e-fas-caret-up\" viewBox=\"0 0 320 512\" xmlns=\"http:\/\/www.w3.org\/2000\/svg\"><path d=\"M288.662 352H31.338c-17.818 0-26.741-21.543-14.142-34.142l128.662-128.662c7.81-7.81 20.474-7.81 28.284 0l128.662 128.662c12.6 12.599 3.676 34.142-14.142 34.142z\"><\/path><\/svg><\/span>\n\t\t\t\t\t\t\t\t\t\t\t\t\t<\/span>\n\t\t\t\t\t\t\t\t\t\t\t\t<a class=\"elementor-toggle-title\" tabindex=\"0\">Objectif de la formation<\/a>\n\t\t\t\t\t<\/div>\n\n\t\t\t\t\t<div id=\"elementor-tab-content-1681\" class=\"elementor-tab-content elementor-clearfix\" data-tab=\"1\" role=\"region\" aria-labelledby=\"elementor-tab-title-1681\"><p>Savoir administrer un syst\u00e8me Linux depuis l&rsquo;installation du serveur en passant par sa mise en production jusqu&rsquo;\u00e0 son exploitation.<\/p><\/div>\n\t\t\t\t<\/div>\n\t\t\t\t\t\t\t<div class=\"elementor-toggle-item\">\n\t\t\t\t\t<div id=\"elementor-tab-title-1682\" class=\"elementor-tab-title\" data-tab=\"2\" role=\"button\" aria-controls=\"elementor-tab-content-1682\" aria-expanded=\"false\">\n\t\t\t\t\t\t\t\t\t\t\t\t<span class=\"elementor-toggle-icon elementor-toggle-icon-left\" aria-hidden=\"true\">\n\t\t\t\t\t\t\t\t\t\t\t\t\t\t\t<span class=\"elementor-toggle-icon-closed\"><svg class=\"e-font-icon-svg e-fas-caret-right\" viewBox=\"0 0 192 512\" xmlns=\"http:\/\/www.w3.org\/2000\/svg\"><path d=\"M0 384.662V127.338c0-17.818 21.543-26.741 34.142-14.142l128.662 128.662c7.81 7.81 7.81 20.474 0 28.284L34.142 398.804C21.543 411.404 0 402.48 0 384.662z\"><\/path><\/svg><\/span>\n\t\t\t\t\t\t\t\t<span class=\"elementor-toggle-icon-opened\"><svg class=\"elementor-toggle-icon-opened e-font-icon-svg e-fas-caret-up\" viewBox=\"0 0 320 512\" xmlns=\"http:\/\/www.w3.org\/2000\/svg\"><path d=\"M288.662 352H31.338c-17.818 0-26.741-21.543-14.142-34.142l128.662-128.662c7.81-7.81 20.474-7.81 28.284 0l128.662 128.662c12.6 12.599 3.676 34.142-14.142 34.142z\"><\/path><\/svg><\/span>\n\t\t\t\t\t\t\t\t\t\t\t\t\t<\/span>\n\t\t\t\t\t\t\t\t\t\t\t\t<a class=\"elementor-toggle-title\" tabindex=\"0\">Description<\/a>\n\t\t\t\t\t<\/div>\n\n\t\t\t\t\t<div id=\"elementor-tab-content-1682\" class=\"elementor-tab-content elementor-clearfix\" data-tab=\"2\" role=\"region\" aria-labelledby=\"elementor-tab-title-1682\"><p>Ce cours d&rsquo;administration syst\u00e8me sous linux serveur couvre les diff\u00e9rents points suivants:<\/p><p>\u2192 Ma\u00eetriser l&rsquo;environnement de travail, le demarrage du syst\u00e8me, la gestion des fichiers et de processus<\/p><p>\u2192 Comprendre les protocoles et services r\u00e9seaux (TCP\/IP, NFS, SMTP, DNS, DHCP&#8230;) et la communication avec Windows (Samba);<\/p><p>\u2192 Installer linux serveur et les d\u00e9pendances;<\/p><p>\u2192 Comprendre et programmer les Scripts-shell (Bash);<\/p><p>\u2192\u00a0 Gestion des users, de sauvegarde, l&rsquo;arr\u00eat et le demarrage;<\/p><p>\u2192 G\u00e9rer les syst\u00e8mes de fichiers, de disque de stockage (NAS, SAN);<\/p><p>\u2192 G\u00e9rer les p\u00e9riph\u00e9riques, la performance et les traces;<\/p><p>\u2192 Configurer les serveurs https Apache, serveur de fichiers Samba et serveur d&rsquo;impression;<\/p><p>\u2192 Configurer les interfaces r\u00e9seaux, le serveur DHCP et le serveur DNS (BIND9);<\/p><p>\u2192 Configuer et mettre en oeuvre l&rsquo;annuaire LDAP;<\/p><p>\u2192 Configurer le partage de fichiers et d&rsquo;imprimente avec Samba;<\/p><p>\u2192\u00a0 Configurer le serveur de messagerie;<\/p><p>\u2192 Configurer les acc\u00e8s externes et contr\u00f4le d&rsquo;acc\u00e8s web (serveur proxy, service FTP);<\/p><p>\u2192\u00a0 Configuer le Firewall;<\/p><p>\u2192 Configurer le stockage avanc\u00e9 (LVM,BtrFS,XFS,Rsync);<\/p><p>\u2192 Configurer la surveillance et la s\u00e9curit\u00e9 du sys\u00e8me (SSH,SELinux,Netfilter et FirewallD);<\/p><p>\u2192\u00a0 Pr\u00e9sentation de differents outils de virtualisation sous linux (KVM, RedHat) et le monitoring;<\/p><p>\u2192\u00a0 Configurer le cluster et a haute disponibilit\u00e9;<\/p><p>\u2192 S\u00e9curiser le syst\u00e8me linux avec la mise en oeuvre de VPN, la cryptographie client\/serveur, l&rsquo;authentification, s\u00e9curisation des application et l&rsquo;audit<\/p><p>\u00a0<\/p><p>\u00a0<\/p><p>\u00a0<\/p><p>\u00a0<\/p><p>\u00a0<\/p><p>\u00a0<\/p><p>\u00a0<\/p><\/div>\n\t\t\t\t<\/div>\n\t\t\t\t\t\t\t<div class=\"elementor-toggle-item\">\n\t\t\t\t\t<div id=\"elementor-tab-title-1683\" class=\"elementor-tab-title\" data-tab=\"3\" role=\"button\" aria-controls=\"elementor-tab-content-1683\" aria-expanded=\"false\">\n\t\t\t\t\t\t\t\t\t\t\t\t<span class=\"elementor-toggle-icon elementor-toggle-icon-left\" aria-hidden=\"true\">\n\t\t\t\t\t\t\t\t\t\t\t\t\t\t\t<span class=\"elementor-toggle-icon-closed\"><svg class=\"e-font-icon-svg e-fas-caret-right\" viewBox=\"0 0 192 512\" xmlns=\"http:\/\/www.w3.org\/2000\/svg\"><path d=\"M0 384.662V127.338c0-17.818 21.543-26.741 34.142-14.142l128.662 128.662c7.81 7.81 7.81 20.474 0 28.284L34.142 398.804C21.543 411.404 0 402.48 0 384.662z\"><\/path><\/svg><\/span>\n\t\t\t\t\t\t\t\t<span class=\"elementor-toggle-icon-opened\"><svg class=\"elementor-toggle-icon-opened e-font-icon-svg e-fas-caret-up\" viewBox=\"0 0 320 512\" xmlns=\"http:\/\/www.w3.org\/2000\/svg\"><path d=\"M288.662 352H31.338c-17.818 0-26.741-21.543-14.142-34.142l128.662-128.662c7.81-7.81 20.474-7.81 28.284 0l128.662 128.662c12.6 12.599 3.676 34.142-14.142 34.142z\"><\/path><\/svg><\/span>\n\t\t\t\t\t\t\t\t\t\t\t\t\t<\/span>\n\t\t\t\t\t\t\t\t\t\t\t\t<a class=\"elementor-toggle-title\" tabindex=\"0\">Pr\u00e9-requis<\/a>\n\t\t\t\t\t<\/div>\n\n\t\t\t\t\t<div id=\"elementor-tab-content-1683\" class=\"elementor-tab-content elementor-clearfix\" data-tab=\"3\" role=\"region\" aria-labelledby=\"elementor-tab-title-1683\"><p>\u2192Avoir une connaissance de base en linux;<\/p><p>\u2192 Avoir une connaissance de base en r\u00e9seau.<\/p><p>\u00a0<\/p><\/div>\n\t\t\t\t<\/div>\n\t\t\t\t\t\t\t<div class=\"elementor-toggle-item\">\n\t\t\t\t\t<div id=\"elementor-tab-title-1684\" class=\"elementor-tab-title\" data-tab=\"4\" role=\"button\" aria-controls=\"elementor-tab-content-1684\" aria-expanded=\"false\">\n\t\t\t\t\t\t\t\t\t\t\t\t<span class=\"elementor-toggle-icon elementor-toggle-icon-left\" aria-hidden=\"true\">\n\t\t\t\t\t\t\t\t\t\t\t\t\t\t\t<span class=\"elementor-toggle-icon-closed\"><svg class=\"e-font-icon-svg e-fas-caret-right\" viewBox=\"0 0 192 512\" xmlns=\"http:\/\/www.w3.org\/2000\/svg\"><path d=\"M0 384.662V127.338c0-17.818 21.543-26.741 34.142-14.142l128.662 128.662c7.81 7.81 7.81 20.474 0 28.284L34.142 398.804C21.543 411.404 0 402.48 0 384.662z\"><\/path><\/svg><\/span>\n\t\t\t\t\t\t\t\t<span class=\"elementor-toggle-icon-opened\"><svg class=\"elementor-toggle-icon-opened e-font-icon-svg e-fas-caret-up\" viewBox=\"0 0 320 512\" xmlns=\"http:\/\/www.w3.org\/2000\/svg\"><path d=\"M288.662 352H31.338c-17.818 0-26.741-21.543-14.142-34.142l128.662-128.662c7.81-7.81 20.474-7.81 28.284 0l128.662 128.662c12.6 12.599 3.676 34.142-14.142 34.142z\"><\/path><\/svg><\/span>\n\t\t\t\t\t\t\t\t\t\t\t\t\t<\/span>\n\t\t\t\t\t\t\t\t\t\t\t\t<a class=\"elementor-toggle-title\" tabindex=\"0\">Public cible<\/a>\n\t\t\t\t\t<\/div>\n\n\t\t\t\t\t<div id=\"elementor-tab-content-1684\" class=\"elementor-tab-content elementor-clearfix\" data-tab=\"4\" role=\"region\" aria-labelledby=\"elementor-tab-title-1684\"><p>\u2192 Administrateur syst\u00e8mes<\/p><p>\u2192 Administrateur r\u00e9seaux;<\/p><p>\u2192Professionnel d\u00e9sirant se mettre \u00e0 niveau en linux;<\/p><p>\u2192Etudiants.<\/p><p>\u00a0<\/p><\/div>\n\t\t\t\t<\/div>\n\t\t\t\t\t\t\t\t<\/div>\n\t\t\t\t\t\t<\/div>\n\t\t\t\t<\/div>\n\t\t\t\t<\/div>\n\t\t\t\t\t<\/div>\n\t\t\t\t<\/div>\n\t\t<div class=\"elementor-element elementor-element-b8b3c09 e-flex e-con-boxed e-con e-parent\" data-id=\"b8b3c09\" data-element_type=\"container\" data-e-type=\"container\">\n\t\t\t\t\t<div class=\"e-con-inner\">\n\t\t\t\t<div class=\"elementor-element elementor-element-6b0e377 elementor-align-center elementor-widget elementor-widget-ibutton\" data-id=\"6b0e377\" data-element_type=\"widget\" data-e-type=\"widget\" data-widget_type=\"ibutton.default\">\n\t\t\t\t<div class=\"elementor-widget-container\">\n\t\t\t\t\t\t\t<div class=\"ot-button\">\r\n\t\t\t<a href=\"https:\/\/cristechservices.com\/index.php\/contacts\/\" class=\"octf-btn octf-btn-primary\">Contactez-nous<\/a>\r\n\t    <\/div>\r\n\t    \t\t\t\t<\/div>\n\t\t\t\t<\/div>\n\t\t\t\t\t<\/div>\n\t\t\t\t<\/div>\n\t\t\t\t<\/div>\n\t\t","protected":false},"excerpt":{"rendered":"<p>Objectif de la formation Savoir administrer un syst\u00e8me Linux depuis l&#8217;installation du serveur en passant par sa mise en production jusqu&#8217;\u00e0 son exploitation. Description Ce cours d&#8217;administration syst\u00e8me sous linux serveur couvre les diff\u00e9rents points suivants: \u2192 Ma\u00eetriser l&#8217;environnement de travail, le demarrage du syst\u00e8me, la gestion des fichiers et de processus \u2192 Comprendre les [&hellip;]<\/p>\n","protected":false},"author":1,"featured_media":6571,"parent":6168,"menu_order":0,"comment_status":"closed","ping_status":"closed","template":"","meta":{"_regular_price":[],"currency_symbol":[],"iawp_total_views":2,"footnotes":""},"class_list":["post-6577","page","type-page","status-publish","has-post-thumbnail","hentry"],"post_slider_layout_featured_media_urls":{"thumbnail":["https:\/\/cristechservices.com\/wp-content\/uploads\/2024\/07\/linux-750x350-1-150x150.png",150,150,true],"post_slider_layout_landscape_large":["https:\/\/cristechservices.com\/wp-content\/uploads\/2024\/07\/linux-750x350-1.png",750,350,false],"post_slider_layout_portrait_large":["https:\/\/cristechservices.com\/wp-content\/uploads\/2024\/07\/linux-750x350-1.png",750,350,false],"post_slider_layout_square_large":["https:\/\/cristechservices.com\/wp-content\/uploads\/2024\/07\/linux-750x350-1.png",750,350,false],"post_slider_layout_landscape":["https:\/\/cristechservices.com\/wp-content\/uploads\/2024\/07\/linux-750x350-1-600x350.png",600,350,true],"post_slider_layout_portrait":["https:\/\/cristechservices.com\/wp-content\/uploads\/2024\/07\/linux-750x350-1-600x350.png",600,350,true],"post_slider_layout_square":["https:\/\/cristechservices.com\/wp-content\/uploads\/2024\/07\/linux-750x350-1-600x350.png",600,350,true],"full":["https:\/\/cristechservices.com\/wp-content\/uploads\/2024\/07\/linux-750x350-1.png",750,350,false]},"_links":{"self":[{"href":"https:\/\/cristechservices.com\/index.php\/wp-json\/wp\/v2\/pages\/6577","targetHints":{"allow":["GET"]}}],"collection":[{"href":"https:\/\/cristechservices.com\/index.php\/wp-json\/wp\/v2\/pages"}],"about":[{"href":"https:\/\/cristechservices.com\/index.php\/wp-json\/wp\/v2\/types\/page"}],"author":[{"embeddable":true,"href":"https:\/\/cristechservices.com\/index.php\/wp-json\/wp\/v2\/users\/1"}],"replies":[{"embeddable":true,"href":"https:\/\/cristechservices.com\/index.php\/wp-json\/wp\/v2\/comments?post=6577"}],"version-history":[{"count":22,"href":"https:\/\/cristechservices.com\/index.php\/wp-json\/wp\/v2\/pages\/6577\/revisions"}],"predecessor-version":[{"id":6868,"href":"https:\/\/cristechservices.com\/index.php\/wp-json\/wp\/v2\/pages\/6577\/revisions\/6868"}],"up":[{"embeddable":true,"href":"https:\/\/cristechservices.com\/index.php\/wp-json\/wp\/v2\/pages\/6168"}],"wp:featuredmedia":[{"embeddable":true,"href":"https:\/\/cristechservices.com\/index.php\/wp-json\/wp\/v2\/media\/6571"}],"wp:attachment":[{"href":"https:\/\/cristechservices.com\/index.php\/wp-json\/wp\/v2\/media?parent=6577"}],"curies":[{"name":"wp","href":"https:\/\/api.w.org\/{rel}","templated":true}]}}