{"id":6529,"date":"2024-07-26T15:09:54","date_gmt":"2024-07-26T14:09:54","guid":{"rendered":"https:\/\/cristechservices.com\/?page_id=6529"},"modified":"2024-07-26T16:54:51","modified_gmt":"2024-07-26T15:54:51","slug":"administration-systeme-sous-windows-serveur-2019-2022","status":"publish","type":"page","link":"https:\/\/cristechservices.com\/index.php\/formation\/administration-systeme-sous-windows-serveur-2019-2022\/","title":{"rendered":"Administration syst\u00e8me sous Windows serveur 2019\/2022"},"content":{"rendered":"\t\t<div data-elementor-type=\"wp-page\" data-elementor-id=\"6529\" class=\"elementor elementor-6529\">\n\t\t\t\t<div class=\"elementor-element elementor-element-fd3da01 e-flex e-con-boxed e-con e-parent\" data-id=\"fd3da01\" data-element_type=\"container\" data-e-type=\"container\">\n\t\t\t\t\t<div class=\"e-con-inner\">\n\t\t<div class=\"elementor-element elementor-element-9c25b77 e-con-full e-flex e-con e-child\" data-id=\"9c25b77\" data-element_type=\"container\" data-e-type=\"container\">\n\t\t\t\t<div class=\"elementor-element elementor-element-5afdde8 elementor-widget elementor-widget-image\" data-id=\"5afdde8\" data-element_type=\"widget\" data-e-type=\"widget\" data-widget_type=\"image.default\">\n\t\t\t\t<div class=\"elementor-widget-container\">\n\t\t\t\t\t\t\t\t\t\t\t\t\t\t\t<img fetchpriority=\"high\" decoding=\"async\" width=\"1000\" height=\"562\" src=\"https:\/\/cristechservices.com\/wp-content\/uploads\/2024\/07\/windows_server.jpg\" class=\"attachment-large size-large wp-image-6530\" alt=\"\" srcset=\"https:\/\/cristechservices.com\/wp-content\/uploads\/2024\/07\/windows_server.jpg 1000w, https:\/\/cristechservices.com\/wp-content\/uploads\/2024\/07\/windows_server-300x169.jpg 300w, https:\/\/cristechservices.com\/wp-content\/uploads\/2024\/07\/windows_server-768x432.jpg 768w, https:\/\/cristechservices.com\/wp-content\/uploads\/2024\/07\/windows_server-720x405.jpg 720w, https:\/\/cristechservices.com\/wp-content\/uploads\/2024\/07\/windows_server-600x337.jpg 600w\" sizes=\"(max-width: 1000px) 100vw, 1000px\" \/>\t\t\t\t\t\t\t\t\t\t\t\t\t\t\t<\/div>\n\t\t\t\t<\/div>\n\t\t\t\t<\/div>\n\t\t<div class=\"elementor-element elementor-element-0639b8c e-con-full e-flex e-con e-child\" data-id=\"0639b8c\" data-element_type=\"container\" data-e-type=\"container\">\n\t\t\t\t<div class=\"elementor-element elementor-element-cb33df1 elementor-widget elementor-widget-toggle\" data-id=\"cb33df1\" data-element_type=\"widget\" data-e-type=\"widget\" data-widget_type=\"toggle.default\">\n\t\t\t\t<div class=\"elementor-widget-container\">\n\t\t\t\t\t\t\t<div class=\"elementor-toggle\">\n\t\t\t\t\t\t\t<div class=\"elementor-toggle-item\">\n\t\t\t\t\t<div id=\"elementor-tab-title-2131\" class=\"elementor-tab-title\" data-tab=\"1\" role=\"button\" aria-controls=\"elementor-tab-content-2131\" aria-expanded=\"false\">\n\t\t\t\t\t\t\t\t\t\t\t\t<span class=\"elementor-toggle-icon elementor-toggle-icon-left\" aria-hidden=\"true\">\n\t\t\t\t\t\t\t\t\t\t\t\t\t\t\t<span class=\"elementor-toggle-icon-closed\"><svg class=\"e-font-icon-svg e-fas-caret-right\" viewBox=\"0 0 192 512\" xmlns=\"http:\/\/www.w3.org\/2000\/svg\"><path d=\"M0 384.662V127.338c0-17.818 21.543-26.741 34.142-14.142l128.662 128.662c7.81 7.81 7.81 20.474 0 28.284L34.142 398.804C21.543 411.404 0 402.48 0 384.662z\"><\/path><\/svg><\/span>\n\t\t\t\t\t\t\t\t<span class=\"elementor-toggle-icon-opened\"><svg class=\"elementor-toggle-icon-opened e-font-icon-svg e-fas-caret-up\" viewBox=\"0 0 320 512\" xmlns=\"http:\/\/www.w3.org\/2000\/svg\"><path d=\"M288.662 352H31.338c-17.818 0-26.741-21.543-14.142-34.142l128.662-128.662c7.81-7.81 20.474-7.81 28.284 0l128.662 128.662c12.6 12.599 3.676 34.142-14.142 34.142z\"><\/path><\/svg><\/span>\n\t\t\t\t\t\t\t\t\t\t\t\t\t<\/span>\n\t\t\t\t\t\t\t\t\t\t\t\t<a class=\"elementor-toggle-title\" tabindex=\"0\">Objectifs de la formation<\/a>\n\t\t\t\t\t<\/div>\n\n\t\t\t\t\t<div id=\"elementor-tab-content-2131\" class=\"elementor-tab-content elementor-clearfix\" data-tab=\"1\" role=\"region\" aria-labelledby=\"elementor-tab-title-2131\"><p style=\"text-align: justify;\">\u2192 Savoir installer Windows Server ou mettre \u00e0 niveau une version pr\u00e9c\u00e9dente<\/p><p style=\"text-align: justify;\">\u2192 Avoir une vision globale des caract\u00e9ristiques de Windows Server et de son int\u00e9gration dans un contexte professionnel.<\/p><p style=\"text-align: justify;\">\u2192 Conna\u00eetre les diff\u00e9rentes options disponibles pour la gestion du stockage et identifier la solution la plus adapt\u00e9e \u00e0 un contexte donn\u00e9<\/p><p style=\"text-align: justify;\">\u2192 Pouvoir installer et configurer Hyper-V<\/p><p style=\"text-align: justify;\">\u2192 Apprendre \u00e0 d\u00e9ployer, configurer et g\u00e9rer les conteneurs Windows et Hyper-V<\/p><p style=\"text-align: justify;\">\u2192 Utilisez les diverses consoles de gestion disponibles.<\/p><p style=\"text-align: justify;\">\u2192 Installer et mettre en place les principaux services.<\/p><p style=\"text-align: justify;\">\u2192 Savoir planifier, cr\u00e9er et g\u00e9rer un cluster de basculement<\/p><p style=\"text-align: justify;\">\u2192 Comprendre comment s\u00e9curiser l\u2019infrastructure<\/p><p>\u2192 Utilisez PowerShell pour superviser et r\u00e9soudre des probl\u00e8mes sur des serveurs Windows Servers.<\/p><p style=\"text-align: justify;\">\u2192 Analyser, mettre en place et configurer Active Directory.<\/p><\/div>\n\t\t\t\t<\/div>\n\t\t\t\t\t\t\t<div class=\"elementor-toggle-item\">\n\t\t\t\t\t<div id=\"elementor-tab-title-2132\" class=\"elementor-tab-title\" data-tab=\"2\" role=\"button\" aria-controls=\"elementor-tab-content-2132\" aria-expanded=\"false\">\n\t\t\t\t\t\t\t\t\t\t\t\t<span class=\"elementor-toggle-icon elementor-toggle-icon-left\" aria-hidden=\"true\">\n\t\t\t\t\t\t\t\t\t\t\t\t\t\t\t<span class=\"elementor-toggle-icon-closed\"><svg class=\"e-font-icon-svg e-fas-caret-right\" viewBox=\"0 0 192 512\" xmlns=\"http:\/\/www.w3.org\/2000\/svg\"><path d=\"M0 384.662V127.338c0-17.818 21.543-26.741 34.142-14.142l128.662 128.662c7.81 7.81 7.81 20.474 0 28.284L34.142 398.804C21.543 411.404 0 402.48 0 384.662z\"><\/path><\/svg><\/span>\n\t\t\t\t\t\t\t\t<span class=\"elementor-toggle-icon-opened\"><svg class=\"elementor-toggle-icon-opened e-font-icon-svg e-fas-caret-up\" viewBox=\"0 0 320 512\" xmlns=\"http:\/\/www.w3.org\/2000\/svg\"><path d=\"M288.662 352H31.338c-17.818 0-26.741-21.543-14.142-34.142l128.662-128.662c7.81-7.81 20.474-7.81 28.284 0l128.662 128.662c12.6 12.599 3.676 34.142-14.142 34.142z\"><\/path><\/svg><\/span>\n\t\t\t\t\t\t\t\t\t\t\t\t\t<\/span>\n\t\t\t\t\t\t\t\t\t\t\t\t<a class=\"elementor-toggle-title\" tabindex=\"0\">Description<\/a>\n\t\t\t\t\t<\/div>\n\n\t\t\t\t\t<div id=\"elementor-tab-content-2132\" class=\"elementor-tab-content elementor-clearfix\" data-tab=\"2\" role=\"region\" aria-labelledby=\"elementor-tab-title-2132\"><p style=\"text-align: justify;\">Les notions pratiques de ce cours comprennent :<\/p><p style=\"text-align: justify;\">\u2192 D\u00e9ploiement de Windows Server Desktop Experience<\/p><p style=\"text-align: justify;\">\u2192 D\u00e9ploiement de Windows Server Core<\/p><p style=\"text-align: justify;\">\u2192 Comprendre comment PowerShell peut \u00eatre utilis\u00e9 pour de nombreuses t\u00e2ches administratives<\/p><p style=\"text-align: justify;\">\u2192 Gestion des objets Active Directory, notamment des utilisateurs, des ordinateurs, des groupes, etc.<\/p><p style=\"text-align: justify;\">\u2192 D\u00e9couvrez comment Windows Server 2019 et Active Directory s&rsquo;int\u00e8grent \u00e0 Azure Active Directory (AzureAD)<\/p><p style=\"text-align: justify;\">\u2192 Comprendre les consid\u00e9rations de conception, de traitement et de d\u00e9pannage de la strat\u00e9gie de groupe Windows Server<\/p><p style=\"text-align: justify;\">\u2192 Administration des param\u00e8tres et pr\u00e9f\u00e9rences de la strat\u00e9gie de groupe Windows Server<\/p><p style=\"text-align: justify;\">\u2192 Gestion du DNS sur un serveur Windows, y compris la gestion des zones int\u00e9gr\u00e9es, primaires, secondaires et stub d&rsquo;Active Directory, des enregistrements, du nettoyage et bien plus encore.<\/p><p style=\"text-align: justify;\">\u2192 G\u00e9rez les mises \u00e0 jour Windows \u00e0 l&rsquo;aide de WSUS pour garantir que les clients et les serveurs disposent des mises \u00e0 jour les plus r\u00e9centes<\/p><p style=\"text-align: justify;\">\u2192 Impl\u00e9mentation et gestion de DHCP sur Windows Server, sujets tels que DHCP Failover, DHCP Split-Scope<\/p><p style=\"text-align: justify;\">\u2192 Quotas de dossiers et \u00e9crans de fichiers Windows Server<\/p><p style=\"text-align: justify;\">\u2192 D\u00e9ployer l&rsquo;espace de noms DFS et la r\u00e9plication DFS \u00e0 l&rsquo;aide de Windows Server<\/p><p style=\"text-align: justify;\">\u2192 Gestion des serveurs d&rsquo;impression et d\u00e9ploiement des imprimantes \u00e0 l&rsquo;aide des pr\u00e9f\u00e9rences de strat\u00e9gie de groupe<\/p><p style=\"text-align: justify;\">\u2192 Utilisez Windows Server Hyper-V pour cr\u00e9er et g\u00e9rer des machines virtuelles<\/p><p style=\"text-align: justify;\">\u2192 Comprendre les outils de surveillance int\u00e9gr\u00e9s \u00e0 Windows Server<\/p><p style=\"text-align: justify;\">\u2192 Sauvegarde et restauration de Windows Server \u00e0 l&rsquo;aide d&rsquo;outils int\u00e9gr\u00e9s<\/p><p style=\"text-align: justify;\">\u2192 Impl\u00e9menter le clustering de basculement<\/p><\/div>\n\t\t\t\t<\/div>\n\t\t\t\t\t\t\t<div class=\"elementor-toggle-item\">\n\t\t\t\t\t<div id=\"elementor-tab-title-2133\" class=\"elementor-tab-title\" data-tab=\"3\" role=\"button\" aria-controls=\"elementor-tab-content-2133\" aria-expanded=\"false\">\n\t\t\t\t\t\t\t\t\t\t\t\t<span class=\"elementor-toggle-icon elementor-toggle-icon-left\" aria-hidden=\"true\">\n\t\t\t\t\t\t\t\t\t\t\t\t\t\t\t<span class=\"elementor-toggle-icon-closed\"><svg class=\"e-font-icon-svg e-fas-caret-right\" viewBox=\"0 0 192 512\" xmlns=\"http:\/\/www.w3.org\/2000\/svg\"><path d=\"M0 384.662V127.338c0-17.818 21.543-26.741 34.142-14.142l128.662 128.662c7.81 7.81 7.81 20.474 0 28.284L34.142 398.804C21.543 411.404 0 402.48 0 384.662z\"><\/path><\/svg><\/span>\n\t\t\t\t\t\t\t\t<span class=\"elementor-toggle-icon-opened\"><svg class=\"elementor-toggle-icon-opened e-font-icon-svg e-fas-caret-up\" viewBox=\"0 0 320 512\" xmlns=\"http:\/\/www.w3.org\/2000\/svg\"><path d=\"M288.662 352H31.338c-17.818 0-26.741-21.543-14.142-34.142l128.662-128.662c7.81-7.81 20.474-7.81 28.284 0l128.662 128.662c12.6 12.599 3.676 34.142-14.142 34.142z\"><\/path><\/svg><\/span>\n\t\t\t\t\t\t\t\t\t\t\t\t\t<\/span>\n\t\t\t\t\t\t\t\t\t\t\t\t<a class=\"elementor-toggle-title\" tabindex=\"0\">Pr\u00e9-requis<\/a>\n\t\t\t\t\t<\/div>\n\n\t\t\t\t\t<div id=\"elementor-tab-content-2133\" class=\"elementor-tab-content elementor-clearfix\" data-tab=\"3\" role=\"region\" aria-labelledby=\"elementor-tab-title-2133\"><p>\u2192 Une compr\u00e9hension de base des syst\u00e8mes d&rsquo;exploitation Windows Server<\/p><p>\u2192 Une compr\u00e9hension de base en r\u00e9seau<\/p><\/div>\n\t\t\t\t<\/div>\n\t\t\t\t\t\t\t<div class=\"elementor-toggle-item\">\n\t\t\t\t\t<div id=\"elementor-tab-title-2134\" class=\"elementor-tab-title\" data-tab=\"4\" role=\"button\" aria-controls=\"elementor-tab-content-2134\" aria-expanded=\"false\">\n\t\t\t\t\t\t\t\t\t\t\t\t<span class=\"elementor-toggle-icon elementor-toggle-icon-left\" aria-hidden=\"true\">\n\t\t\t\t\t\t\t\t\t\t\t\t\t\t\t<span class=\"elementor-toggle-icon-closed\"><svg class=\"e-font-icon-svg e-fas-caret-right\" viewBox=\"0 0 192 512\" xmlns=\"http:\/\/www.w3.org\/2000\/svg\"><path d=\"M0 384.662V127.338c0-17.818 21.543-26.741 34.142-14.142l128.662 128.662c7.81 7.81 7.81 20.474 0 28.284L34.142 398.804C21.543 411.404 0 402.48 0 384.662z\"><\/path><\/svg><\/span>\n\t\t\t\t\t\t\t\t<span class=\"elementor-toggle-icon-opened\"><svg class=\"elementor-toggle-icon-opened e-font-icon-svg e-fas-caret-up\" viewBox=\"0 0 320 512\" xmlns=\"http:\/\/www.w3.org\/2000\/svg\"><path d=\"M288.662 352H31.338c-17.818 0-26.741-21.543-14.142-34.142l128.662-128.662c7.81-7.81 20.474-7.81 28.284 0l128.662 128.662c12.6 12.599 3.676 34.142-14.142 34.142z\"><\/path><\/svg><\/span>\n\t\t\t\t\t\t\t\t\t\t\t\t\t<\/span>\n\t\t\t\t\t\t\t\t\t\t\t\t<a class=\"elementor-toggle-title\" tabindex=\"0\">Public cible<\/a>\n\t\t\t\t\t<\/div>\n\n\t\t\t\t\t<div id=\"elementor-tab-content-2134\" class=\"elementor-tab-content elementor-clearfix\" data-tab=\"4\" role=\"region\" aria-labelledby=\"elementor-tab-title-2134\"><p style=\"text-align: justify;\">\u2192 Ceux qui veulent administrer Windows Server 2019<\/p><p style=\"text-align: justify;\">\u2192 Professionnels actuels de l&rsquo;informatique qui souhaitent mettre \u00e0 niveau leurs comp\u00e9tences vers Windows Serveur 2019\/2022<\/p><p style=\"text-align: justify;\">\u2192 Ceux qui sont nouveaux dans l\u2019informatique ou qui souhaitent s\u2019y lancer<\/p><\/div>\n\t\t\t\t<\/div>\n\t\t\t\t\t\t\t\t<\/div>\n\t\t\t\t\t\t<\/div>\n\t\t\t\t<\/div>\n\t\t\t\t<\/div>\n\t\t\t\t\t<\/div>\n\t\t\t\t<\/div>\n\t\t<div class=\"elementor-element elementor-element-e7e28f4 e-flex e-con-boxed e-con e-parent\" data-id=\"e7e28f4\" data-element_type=\"container\" data-e-type=\"container\">\n\t\t\t\t\t<div class=\"e-con-inner\">\n\t\t\t\t<div class=\"elementor-element elementor-element-3ab512d elementor-align-center elementor-widget elementor-widget-ibutton\" data-id=\"3ab512d\" data-element_type=\"widget\" data-e-type=\"widget\" data-widget_type=\"ibutton.default\">\n\t\t\t\t<div class=\"elementor-widget-container\">\n\t\t\t\t\t\t\t<div class=\"ot-button\">\r\n\t\t\t<a href=\"https:\/\/cristechservices.com\/index.php\/contacts\/\" class=\"octf-btn octf-btn-primary\">Contactez-nous<\/a>\r\n\t    <\/div>\r\n\t    \t\t\t\t<\/div>\n\t\t\t\t<\/div>\n\t\t\t\t\t<\/div>\n\t\t\t\t<\/div>\n\t\t\t\t<\/div>\n\t\t","protected":false},"excerpt":{"rendered":"<p>Objectifs de la formation \u2192 Savoir installer Windows Server ou mettre \u00e0 niveau une version pr\u00e9c\u00e9dente \u2192 Avoir une vision globale des caract\u00e9ristiques de Windows Server et de son int\u00e9gration dans un contexte professionnel. \u2192 Conna\u00eetre les diff\u00e9rentes options disponibles pour la gestion du stockage et identifier la solution la plus adapt\u00e9e \u00e0 un contexte [&hellip;]<\/p>\n","protected":false},"author":1,"featured_media":6530,"parent":6168,"menu_order":0,"comment_status":"closed","ping_status":"closed","template":"","meta":{"_regular_price":[],"currency_symbol":[],"iawp_total_views":19,"footnotes":""},"class_list":["post-6529","page","type-page","status-publish","has-post-thumbnail","hentry"],"post_slider_layout_featured_media_urls":{"thumbnail":["https:\/\/cristechservices.com\/wp-content\/uploads\/2024\/07\/windows_server-150x150.jpg",150,150,true],"post_slider_layout_landscape_large":["https:\/\/cristechservices.com\/wp-content\/uploads\/2024\/07\/windows_server.jpg",1000,562,false],"post_slider_layout_portrait_large":["https:\/\/cristechservices.com\/wp-content\/uploads\/2024\/07\/windows_server.jpg",1000,562,false],"post_slider_layout_square_large":["https:\/\/cristechservices.com\/wp-content\/uploads\/2024\/07\/windows_server.jpg",1000,562,false],"post_slider_layout_landscape":["https:\/\/cristechservices.com\/wp-content\/uploads\/2024\/07\/windows_server-600x400.jpg",600,400,true],"post_slider_layout_portrait":["https:\/\/cristechservices.com\/wp-content\/uploads\/2024\/07\/windows_server-600x562.jpg",600,562,true],"post_slider_layout_square":["https:\/\/cristechservices.com\/wp-content\/uploads\/2024\/07\/windows_server-600x562.jpg",600,562,true],"full":["https:\/\/cristechservices.com\/wp-content\/uploads\/2024\/07\/windows_server.jpg",1000,562,false]},"_links":{"self":[{"href":"https:\/\/cristechservices.com\/index.php\/wp-json\/wp\/v2\/pages\/6529","targetHints":{"allow":["GET"]}}],"collection":[{"href":"https:\/\/cristechservices.com\/index.php\/wp-json\/wp\/v2\/pages"}],"about":[{"href":"https:\/\/cristechservices.com\/index.php\/wp-json\/wp\/v2\/types\/page"}],"author":[{"embeddable":true,"href":"https:\/\/cristechservices.com\/index.php\/wp-json\/wp\/v2\/users\/1"}],"replies":[{"embeddable":true,"href":"https:\/\/cristechservices.com\/index.php\/wp-json\/wp\/v2\/comments?post=6529"}],"version-history":[{"count":26,"href":"https:\/\/cristechservices.com\/index.php\/wp-json\/wp\/v2\/pages\/6529\/revisions"}],"predecessor-version":[{"id":6860,"href":"https:\/\/cristechservices.com\/index.php\/wp-json\/wp\/v2\/pages\/6529\/revisions\/6860"}],"up":[{"embeddable":true,"href":"https:\/\/cristechservices.com\/index.php\/wp-json\/wp\/v2\/pages\/6168"}],"wp:featuredmedia":[{"embeddable":true,"href":"https:\/\/cristechservices.com\/index.php\/wp-json\/wp\/v2\/media\/6530"}],"wp:attachment":[{"href":"https:\/\/cristechservices.com\/index.php\/wp-json\/wp\/v2\/media?parent=6529"}],"curies":[{"name":"wp","href":"https:\/\/api.w.org\/{rel}","templated":true}]}}