{"id":6123,"date":"2024-04-10T18:35:49","date_gmt":"2024-04-10T17:35:49","guid":{"rendered":"https:\/\/cristechservices.com\/?page_id=6123"},"modified":"2024-08-12T17:34:11","modified_gmt":"2024-08-12T16:34:11","slug":"services-it","status":"publish","type":"page","link":"https:\/\/cristechservices.com\/index.php\/services-it\/","title":{"rendered":"Services IT"},"content":{"rendered":"\t\t<div data-elementor-type=\"wp-page\" data-elementor-id=\"6123\" class=\"elementor elementor-6123\">\n\t\t\t\t<div class=\"elementor-element elementor-element-a987aba e-flex e-con-boxed e-con e-parent\" data-id=\"a987aba\" data-element_type=\"container\" data-e-type=\"container\">\n\t\t\t\t\t<div class=\"e-con-inner\">\n\t\t\t\t<div class=\"elementor-element elementor-element-09d8cda elementor-widget elementor-widget-heading\" data-id=\"09d8cda\" data-element_type=\"widget\" data-e-type=\"widget\" data-widget_type=\"heading.default\">\n\t\t\t\t<div class=\"elementor-widget-container\">\n\t\t\t\t\t<h4 class=\"elementor-heading-title elementor-size-default\">Nos divers services<\/h4>\t\t\t\t<\/div>\n\t\t\t\t<\/div>\n\t\t\t\t<div class=\"elementor-element elementor-element-66cef27 elementor-widget elementor-widget-text-editor\" data-id=\"66cef27\" data-element_type=\"widget\" data-e-type=\"widget\" data-widget_type=\"text-editor.default\">\n\t\t\t\t<div class=\"elementor-widget-container\">\n\t\t\t\t\t\t\t\t\t<p style=\"text-align: justify;\">Nous offrons diff\u00e9rents services de qualit\u00e9s en informatique afin de vous permettre de travailler sans encombre.<\/p>\t\t\t\t\t\t\t\t<\/div>\n\t\t\t\t<\/div>\n\t\t\t\t\t<\/div>\n\t\t\t\t<\/div>\n\t\t<div class=\"elementor-element elementor-element-543b072 e-flex e-con-boxed e-con e-parent\" data-id=\"543b072\" data-element_type=\"container\" data-e-type=\"container\">\n\t\t\t\t\t<div class=\"e-con-inner\">\n\t\t<div class=\"elementor-element elementor-element-d8080ed e-con-full e-flex e-con e-child\" data-id=\"d8080ed\" data-element_type=\"container\" data-e-type=\"container\">\n\t\t\t\t<div class=\"elementor-element elementor-element-50e2f7c elementor-widget elementor-widget-text-editor\" data-id=\"50e2f7c\" data-element_type=\"widget\" data-e-type=\"widget\" data-widget_type=\"text-editor.default\">\n\t\t\t\t<div class=\"elementor-widget-container\">\n\t\t\t\t\t\t\t\t\t<p><img fetchpriority=\"high\" decoding=\"async\" class=\"size-medium wp-image-7129\" src=\"http:\/\/cristechservices.com\/wp-content\/uploads\/2024\/08\/camera-1000x562-1-300x169.jpg\" alt=\"\" width=\"300\" height=\"169\" srcset=\"https:\/\/cristechservices.com\/wp-content\/uploads\/2024\/08\/camera-1000x562-1-300x169.jpg 300w, https:\/\/cristechservices.com\/wp-content\/uploads\/2024\/08\/camera-1000x562-1-768x432.jpg 768w, https:\/\/cristechservices.com\/wp-content\/uploads\/2024\/08\/camera-1000x562-1-720x405.jpg 720w, https:\/\/cristechservices.com\/wp-content\/uploads\/2024\/08\/camera-1000x562-1-600x337.jpg 600w, https:\/\/cristechservices.com\/wp-content\/uploads\/2024\/08\/camera-1000x562-1.jpg 1000w\" sizes=\"(max-width: 300px) 100vw, 300px\" \/><\/p><p>Installation du syst\u00e8me de cam\u00e9ras de surveillance.<\/p>\t\t\t\t\t\t\t\t<\/div>\n\t\t\t\t<\/div>\n\t\t\t\t<\/div>\n\t\t<div class=\"elementor-element elementor-element-9af1e22 e-con-full e-flex e-con e-child\" data-id=\"9af1e22\" data-element_type=\"container\" data-e-type=\"container\">\n\t\t\t\t<div class=\"elementor-element elementor-element-428f6f0 elementor-widget elementor-widget-text-editor\" data-id=\"428f6f0\" data-element_type=\"widget\" data-e-type=\"widget\" data-widget_type=\"text-editor.default\">\n\t\t\t\t<div class=\"elementor-widget-container\">\n\t\t\t\t\t\t\t\t\t<p><img decoding=\"async\" class=\"alignnone size-medium wp-image-7133\" src=\"http:\/\/cristechservices.com\/wp-content\/uploads\/2024\/08\/incendie-1000x562-1-300x169.jpeg\" alt=\"\" width=\"300\" height=\"169\" srcset=\"https:\/\/cristechservices.com\/wp-content\/uploads\/2024\/08\/incendie-1000x562-1-300x169.jpeg 300w, https:\/\/cristechservices.com\/wp-content\/uploads\/2024\/08\/incendie-1000x562-1-768x432.jpeg 768w, https:\/\/cristechservices.com\/wp-content\/uploads\/2024\/08\/incendie-1000x562-1-720x405.jpeg 720w, https:\/\/cristechservices.com\/wp-content\/uploads\/2024\/08\/incendie-1000x562-1-600x337.jpeg 600w, https:\/\/cristechservices.com\/wp-content\/uploads\/2024\/08\/incendie-1000x562-1.jpeg 1000w\" sizes=\"(max-width: 300px) 100vw, 300px\" \/><\/p><p>Syst\u00e8me d&rsquo;alarme d&rsquo;incendie et anti-intrusion.<\/p>\t\t\t\t\t\t\t\t<\/div>\n\t\t\t\t<\/div>\n\t\t\t\t<\/div>\n\t\t<div class=\"elementor-element elementor-element-f6ce716 e-con-full e-flex e-con e-child\" data-id=\"f6ce716\" data-element_type=\"container\" data-e-type=\"container\">\n\t\t\t\t<div class=\"elementor-element elementor-element-b1ffd9a elementor-widget elementor-widget-text-editor\" data-id=\"b1ffd9a\" data-element_type=\"widget\" data-e-type=\"widget\" data-widget_type=\"text-editor.default\">\n\t\t\t\t<div class=\"elementor-widget-container\">\n\t\t\t\t\t\t\t\t\t<p><img decoding=\"async\" class=\"alignnone size-medium wp-image-7135\" src=\"http:\/\/cristechservices.com\/wp-content\/uploads\/2024\/08\/contole-1000x562-1-300x169.jpg\" alt=\"\" width=\"300\" height=\"169\" srcset=\"https:\/\/cristechservices.com\/wp-content\/uploads\/2024\/08\/contole-1000x562-1-300x169.jpg 300w, https:\/\/cristechservices.com\/wp-content\/uploads\/2024\/08\/contole-1000x562-1-768x432.jpg 768w, https:\/\/cristechservices.com\/wp-content\/uploads\/2024\/08\/contole-1000x562-1-720x405.jpg 720w, https:\/\/cristechservices.com\/wp-content\/uploads\/2024\/08\/contole-1000x562-1-600x337.jpg 600w, https:\/\/cristechservices.com\/wp-content\/uploads\/2024\/08\/contole-1000x562-1.jpg 1000w\" sizes=\"(max-width: 300px) 100vw, 300px\" \/><\/p><p>Mise en place du contr\u00f4le d&rsquo;acc\u00e8s avec pointeur de pr\u00e9sence.<\/p>\t\t\t\t\t\t\t\t<\/div>\n\t\t\t\t<\/div>\n\t\t\t\t<\/div>\n\t\t<div class=\"elementor-element elementor-element-a724239 e-con-full e-flex e-con e-child\" data-id=\"a724239\" data-element_type=\"container\" data-e-type=\"container\">\n\t\t\t\t<div class=\"elementor-element elementor-element-1ecad8a elementor-widget elementor-widget-text-editor\" data-id=\"1ecad8a\" data-element_type=\"widget\" data-e-type=\"widget\" data-widget_type=\"text-editor.default\">\n\t\t\t\t<div class=\"elementor-widget-container\">\n\t\t\t\t\t\t\t\t\t<p><img loading=\"lazy\" decoding=\"async\" class=\"alignnone size-medium wp-image-7136\" src=\"http:\/\/cristechservices.com\/wp-content\/uploads\/2024\/08\/serveur-1000x562-1-300x169.jpg\" alt=\"\" width=\"300\" height=\"169\" srcset=\"https:\/\/cristechservices.com\/wp-content\/uploads\/2024\/08\/serveur-1000x562-1-300x169.jpg 300w, https:\/\/cristechservices.com\/wp-content\/uploads\/2024\/08\/serveur-1000x562-1-768x432.jpg 768w, https:\/\/cristechservices.com\/wp-content\/uploads\/2024\/08\/serveur-1000x562-1-720x405.jpg 720w, https:\/\/cristechservices.com\/wp-content\/uploads\/2024\/08\/serveur-1000x562-1-600x337.jpg 600w, https:\/\/cristechservices.com\/wp-content\/uploads\/2024\/08\/serveur-1000x562-1.jpg 1000w\" sizes=\"(max-width: 300px) 100vw, 300px\" \/><\/p><p>Livraison, et d\u00e9ploiement des serveurs informatiques.<\/p>\t\t\t\t\t\t\t\t<\/div>\n\t\t\t\t<\/div>\n\t\t\t\t<\/div>\n\t\t\t\t\t<\/div>\n\t\t\t\t<\/div>\n\t\t<div class=\"elementor-element elementor-element-660a23a e-flex e-con-boxed e-con e-parent\" data-id=\"660a23a\" data-element_type=\"container\" data-e-type=\"container\">\n\t\t\t\t\t<div class=\"e-con-inner\">\n\t\t<div class=\"elementor-element elementor-element-f1638de e-con-full e-flex e-con e-child\" data-id=\"f1638de\" data-element_type=\"container\" data-e-type=\"container\">\n\t\t\t\t<div class=\"elementor-element elementor-element-1e42308 elementor-widget elementor-widget-text-editor\" data-id=\"1e42308\" data-element_type=\"widget\" data-e-type=\"widget\" data-widget_type=\"text-editor.default\">\n\t\t\t\t<div class=\"elementor-widget-container\">\n\t\t\t\t\t\t\t\t\t<p><img loading=\"lazy\" decoding=\"async\" class=\"alignnone size-medium wp-image-7141\" src=\"http:\/\/cristechservices.com\/wp-content\/uploads\/2024\/08\/appli-1000x562-1-300x169.png\" alt=\"\" width=\"300\" height=\"169\" srcset=\"https:\/\/cristechservices.com\/wp-content\/uploads\/2024\/08\/appli-1000x562-1-300x169.png 300w, https:\/\/cristechservices.com\/wp-content\/uploads\/2024\/08\/appli-1000x562-1-768x432.png 768w, https:\/\/cristechservices.com\/wp-content\/uploads\/2024\/08\/appli-1000x562-1-720x405.png 720w, https:\/\/cristechservices.com\/wp-content\/uploads\/2024\/08\/appli-1000x562-1-600x337.png 600w, https:\/\/cristechservices.com\/wp-content\/uploads\/2024\/08\/appli-1000x562-1.png 1000w\" sizes=\"(max-width: 300px) 100vw, 300px\" \/><\/p><p>D\u00e9veloppement des applications mobiles et du site web.<\/p>\t\t\t\t\t\t\t\t<\/div>\n\t\t\t\t<\/div>\n\t\t\t\t<\/div>\n\t\t<div class=\"elementor-element elementor-element-e93f80f e-con-full e-flex e-con e-child\" data-id=\"e93f80f\" data-element_type=\"container\" data-e-type=\"container\">\n\t\t\t\t<div class=\"elementor-element elementor-element-ed8e3df elementor-widget elementor-widget-text-editor\" data-id=\"ed8e3df\" data-element_type=\"widget\" data-e-type=\"widget\" data-widget_type=\"text-editor.default\">\n\t\t\t\t<div class=\"elementor-widget-container\">\n\t\t\t\t\t\t\t\t\t<p><img loading=\"lazy\" decoding=\"async\" class=\"alignnone size-medium wp-image-7142\" src=\"http:\/\/cristechservices.com\/wp-content\/uploads\/2024\/08\/maintenance-informatique-1000x562-1-300x169.jpg\" alt=\"\" width=\"300\" height=\"169\" srcset=\"https:\/\/cristechservices.com\/wp-content\/uploads\/2024\/08\/maintenance-informatique-1000x562-1-300x169.jpg 300w, https:\/\/cristechservices.com\/wp-content\/uploads\/2024\/08\/maintenance-informatique-1000x562-1-768x432.jpg 768w, https:\/\/cristechservices.com\/wp-content\/uploads\/2024\/08\/maintenance-informatique-1000x562-1-720x405.jpg 720w, https:\/\/cristechservices.com\/wp-content\/uploads\/2024\/08\/maintenance-informatique-1000x562-1-600x337.jpg 600w, https:\/\/cristechservices.com\/wp-content\/uploads\/2024\/08\/maintenance-informatique-1000x562-1.jpg 1000w\" sizes=\"(max-width: 300px) 100vw, 300px\" \/><\/p><p>Maintenance et r\u00e9seaux informatiques.<\/p>\t\t\t\t\t\t\t\t<\/div>\n\t\t\t\t<\/div>\n\t\t\t\t<\/div>\n\t\t<div class=\"elementor-element elementor-element-f770efd e-con-full e-flex e-con e-child\" data-id=\"f770efd\" data-element_type=\"container\" data-e-type=\"container\">\n\t\t\t\t<div class=\"elementor-element elementor-element-2945223 elementor-widget elementor-widget-text-editor\" data-id=\"2945223\" data-element_type=\"widget\" data-e-type=\"widget\" data-widget_type=\"text-editor.default\">\n\t\t\t\t<div class=\"elementor-widget-container\">\n\t\t\t\t\t\t\t\t\t<p><img loading=\"lazy\" decoding=\"async\" class=\"size-medium wp-image-7143\" src=\"http:\/\/cristechservices.com\/wp-content\/uploads\/2024\/08\/autocom-ip-1000x562-1-300x169.jpg\" alt=\"\" width=\"300\" height=\"169\" srcset=\"https:\/\/cristechservices.com\/wp-content\/uploads\/2024\/08\/autocom-ip-1000x562-1-300x169.jpg 300w, https:\/\/cristechservices.com\/wp-content\/uploads\/2024\/08\/autocom-ip-1000x562-1-768x432.jpg 768w, https:\/\/cristechservices.com\/wp-content\/uploads\/2024\/08\/autocom-ip-1000x562-1-720x405.jpg 720w, https:\/\/cristechservices.com\/wp-content\/uploads\/2024\/08\/autocom-ip-1000x562-1-600x337.jpg 600w, https:\/\/cristechservices.com\/wp-content\/uploads\/2024\/08\/autocom-ip-1000x562-1.jpg 1000w\" sizes=\"(max-width: 300px) 100vw, 300px\" \/><\/p><p>Installation et configuration d&rsquo;autocummutateur IP et analogique.<\/p>\t\t\t\t\t\t\t\t<\/div>\n\t\t\t\t<\/div>\n\t\t\t\t<\/div>\n\t\t<div class=\"elementor-element elementor-element-1fb4780 e-con-full e-flex e-con e-child\" data-id=\"1fb4780\" data-element_type=\"container\" data-e-type=\"container\">\n\t\t\t\t<div class=\"elementor-element elementor-element-ac71b39 elementor-widget elementor-widget-text-editor\" data-id=\"ac71b39\" data-element_type=\"widget\" data-e-type=\"widget\" data-widget_type=\"text-editor.default\">\n\t\t\t\t<div class=\"elementor-widget-container\">\n\t\t\t\t\t\t\t\t\t<p><img loading=\"lazy\" decoding=\"async\" class=\"alignnone size-medium wp-image-7144\" src=\"http:\/\/cristechservices.com\/wp-content\/uploads\/2024\/08\/sms-marketing-1000x562-1-300x169.jpg\" alt=\"\" width=\"300\" height=\"169\" srcset=\"https:\/\/cristechservices.com\/wp-content\/uploads\/2024\/08\/sms-marketing-1000x562-1-300x169.jpg 300w, https:\/\/cristechservices.com\/wp-content\/uploads\/2024\/08\/sms-marketing-1000x562-1-768x432.jpg 768w, https:\/\/cristechservices.com\/wp-content\/uploads\/2024\/08\/sms-marketing-1000x562-1-720x405.jpg 720w, https:\/\/cristechservices.com\/wp-content\/uploads\/2024\/08\/sms-marketing-1000x562-1-600x337.jpg 600w, https:\/\/cristechservices.com\/wp-content\/uploads\/2024\/08\/sms-marketing-1000x562-1.jpg 1000w\" sizes=\"(max-width: 300px) 100vw, 300px\" \/><\/p><p>Gestion des SMS professionnels pour vos clients.<\/p>\t\t\t\t\t\t\t\t<\/div>\n\t\t\t\t<\/div>\n\t\t\t\t<\/div>\n\t\t\t\t\t<\/div>\n\t\t\t\t<\/div>\n\t\t<div class=\"elementor-element elementor-element-a0bb074 e-flex e-con-boxed e-con e-parent\" data-id=\"a0bb074\" data-element_type=\"container\" data-e-type=\"container\">\n\t\t\t\t\t<div class=\"e-con-inner\">\n\t\t<div class=\"elementor-element elementor-element-80df316 e-con-full e-flex e-con e-child\" data-id=\"80df316\" data-element_type=\"container\" data-e-type=\"container\">\n\t\t\t\t<div class=\"elementor-element elementor-element-d8acd81 elementor-widget elementor-widget-text-editor\" data-id=\"d8acd81\" data-element_type=\"widget\" data-e-type=\"widget\" data-widget_type=\"text-editor.default\">\n\t\t\t\t<div class=\"elementor-widget-container\">\n\t\t\t\t\t\t\t\t\t<p><img loading=\"lazy\" decoding=\"async\" class=\"alignnone size-medium wp-image-7148\" src=\"http:\/\/cristechservices.com\/wp-content\/uploads\/2024\/08\/colabo-1000x562-1-300x169.jpg\" alt=\"\" width=\"300\" height=\"169\" srcset=\"https:\/\/cristechservices.com\/wp-content\/uploads\/2024\/08\/colabo-1000x562-1-300x169.jpg 300w, https:\/\/cristechservices.com\/wp-content\/uploads\/2024\/08\/colabo-1000x562-1-768x432.jpg 768w, https:\/\/cristechservices.com\/wp-content\/uploads\/2024\/08\/colabo-1000x562-1-720x405.jpg 720w, https:\/\/cristechservices.com\/wp-content\/uploads\/2024\/08\/colabo-1000x562-1-600x337.jpg 600w, https:\/\/cristechservices.com\/wp-content\/uploads\/2024\/08\/colabo-1000x562-1.jpg 1000w\" sizes=\"(max-width: 300px) 100vw, 300px\" \/><\/p><p>Mise en place du syst\u00e8me de travail collaboratif.<\/p>\t\t\t\t\t\t\t\t<\/div>\n\t\t\t\t<\/div>\n\t\t\t\t<\/div>\n\t\t<div class=\"elementor-element elementor-element-4bc0c6d e-con-full e-flex e-con e-child\" data-id=\"4bc0c6d\" data-element_type=\"container\" data-e-type=\"container\">\n\t\t\t\t<div class=\"elementor-element elementor-element-eabac75 elementor-widget elementor-widget-text-editor\" data-id=\"eabac75\" data-element_type=\"widget\" data-e-type=\"widget\" data-widget_type=\"text-editor.default\">\n\t\t\t\t<div class=\"elementor-widget-container\">\n\t\t\t\t\t\t\t\t\t<p><img loading=\"lazy\" decoding=\"async\" class=\"alignnone size-medium wp-image-7155\" src=\"http:\/\/cristechservices.com\/wp-content\/uploads\/2024\/08\/integra-300x169.jpg\" alt=\"\" width=\"300\" height=\"169\" srcset=\"https:\/\/cristechservices.com\/wp-content\/uploads\/2024\/08\/integra-300x169.jpg 300w, https:\/\/cristechservices.com\/wp-content\/uploads\/2024\/08\/integra-768x432.jpg 768w, https:\/\/cristechservices.com\/wp-content\/uploads\/2024\/08\/integra-720x405.jpg 720w, https:\/\/cristechservices.com\/wp-content\/uploads\/2024\/08\/integra-600x337.jpg 600w, https:\/\/cristechservices.com\/wp-content\/uploads\/2024\/08\/integra.jpg 1000w\" sizes=\"(max-width: 300px) 100vw, 300px\" \/><\/p><p>Int\u00e9gration de solutions informatiques.<\/p>\t\t\t\t\t\t\t\t<\/div>\n\t\t\t\t<\/div>\n\t\t\t\t<\/div>\n\t\t<div class=\"elementor-element elementor-element-61c3675 e-con-full e-flex e-con e-child\" data-id=\"61c3675\" data-element_type=\"container\" data-e-type=\"container\">\n\t\t\t\t<div class=\"elementor-element elementor-element-e551864 elementor-widget elementor-widget-text-editor\" data-id=\"e551864\" data-element_type=\"widget\" data-e-type=\"widget\" data-widget_type=\"text-editor.default\">\n\t\t\t\t<div class=\"elementor-widget-container\">\n\t\t\t\t\t\t\t\t\t<p><img loading=\"lazy\" decoding=\"async\" class=\"alignnone size-medium wp-image-7159\" src=\"http:\/\/cristechservices.com\/wp-content\/uploads\/2024\/08\/Data-recovery-1000x562-1-300x169.jpg\" alt=\"\" width=\"300\" height=\"169\" srcset=\"https:\/\/cristechservices.com\/wp-content\/uploads\/2024\/08\/Data-recovery-1000x562-1-300x169.jpg 300w, https:\/\/cristechservices.com\/wp-content\/uploads\/2024\/08\/Data-recovery-1000x562-1-768x432.jpg 768w, https:\/\/cristechservices.com\/wp-content\/uploads\/2024\/08\/Data-recovery-1000x562-1-720x405.jpg 720w, https:\/\/cristechservices.com\/wp-content\/uploads\/2024\/08\/Data-recovery-1000x562-1-600x337.jpg 600w, https:\/\/cristechservices.com\/wp-content\/uploads\/2024\/08\/Data-recovery-1000x562-1.jpg 1000w\" sizes=\"(max-width: 300px) 100vw, 300px\" \/><\/p><p>R\u00e9cup\u00e9ration de donn\u00e9es et cryptage avanc\u00e9.<\/p>\t\t\t\t\t\t\t\t<\/div>\n\t\t\t\t<\/div>\n\t\t\t\t<\/div>\n\t\t<div class=\"elementor-element elementor-element-b716ab3 e-con-full e-flex e-con e-child\" data-id=\"b716ab3\" data-element_type=\"container\" data-e-type=\"container\">\n\t\t\t\t<\/div>\n\t\t\t\t\t<\/div>\n\t\t\t\t<\/div>\n\t\t<div class=\"elementor-element elementor-element-b6bc4b3 e-flex e-con-boxed e-con e-parent\" data-id=\"b6bc4b3\" data-element_type=\"container\" data-e-type=\"container\">\n\t\t\t\t\t<div class=\"e-con-inner\">\n\t\t\t\t<div class=\"elementor-element elementor-element-0e6d968 elementor-align-center elementor-widget elementor-widget-ibutton\" data-id=\"0e6d968\" data-element_type=\"widget\" data-e-type=\"widget\" data-widget_type=\"ibutton.default\">\n\t\t\t\t<div class=\"elementor-widget-container\">\n\t\t\t\t\t\t\t<div class=\"ot-button\">\r\n\t\t\t<a href=\"https:\/\/cristechservices.com\/index.php\/contacts\/\" class=\"octf-btn octf-btn-primary\">Contactez-nous<\/a>\r\n\t    <\/div>\r\n\t    \t\t\t\t<\/div>\n\t\t\t\t<\/div>\n\t\t\t\t\t<\/div>\n\t\t\t\t<\/div>\n\t\t\t\t<\/div>\n\t\t","protected":false},"excerpt":{"rendered":"<p>Nos divers services Nous offrons diff\u00e9rents services de qualit\u00e9s en informatique afin de vous permettre de travailler sans encombre. Installation du syst\u00e8me de cam\u00e9ras de surveillance. Syst\u00e8me d&rsquo;alarme d&rsquo;incendie et anti-intrusion. Mise en place du contr\u00f4le d&rsquo;acc\u00e8s avec pointeur de pr\u00e9sence. Livraison, et d\u00e9ploiement des serveurs informatiques. D\u00e9veloppement des applications mobiles et du site web. [&hellip;]<\/p>\n","protected":false},"author":1,"featured_media":0,"parent":0,"menu_order":0,"comment_status":"closed","ping_status":"closed","template":"","meta":{"_regular_price":[],"currency_symbol":[],"iawp_total_views":107,"footnotes":""},"class_list":["post-6123","page","type-page","status-publish","hentry"],"post_slider_layout_featured_media_urls":{"thumbnail":"","post_slider_layout_landscape_large":"","post_slider_layout_portrait_large":"","post_slider_layout_square_large":"","post_slider_layout_landscape":"","post_slider_layout_portrait":"","post_slider_layout_square":"","full":""},"_links":{"self":[{"href":"https:\/\/cristechservices.com\/index.php\/wp-json\/wp\/v2\/pages\/6123","targetHints":{"allow":["GET"]}}],"collection":[{"href":"https:\/\/cristechservices.com\/index.php\/wp-json\/wp\/v2\/pages"}],"about":[{"href":"https:\/\/cristechservices.com\/index.php\/wp-json\/wp\/v2\/types\/page"}],"author":[{"embeddable":true,"href":"https:\/\/cristechservices.com\/index.php\/wp-json\/wp\/v2\/users\/1"}],"replies":[{"embeddable":true,"href":"https:\/\/cristechservices.com\/index.php\/wp-json\/wp\/v2\/comments?post=6123"}],"version-history":[{"count":73,"href":"https:\/\/cristechservices.com\/index.php\/wp-json\/wp\/v2\/pages\/6123\/revisions"}],"predecessor-version":[{"id":7186,"href":"https:\/\/cristechservices.com\/index.php\/wp-json\/wp\/v2\/pages\/6123\/revisions\/7186"}],"wp:attachment":[{"href":"https:\/\/cristechservices.com\/index.php\/wp-json\/wp\/v2\/media?parent=6123"}],"curies":[{"name":"wp","href":"https:\/\/api.w.org\/{rel}","templated":true}]}}