{"id":6020,"date":"2024-04-09T22:20:32","date_gmt":"2024-04-09T21:20:32","guid":{"rendered":"https:\/\/cristechservices.com\/?page_id=6020"},"modified":"2024-09-03T09:51:41","modified_gmt":"2024-09-03T08:51:41","slug":"conseils","status":"publish","type":"page","link":"https:\/\/cristechservices.com\/index.php\/conseils\/","title":{"rendered":"Conseils"},"content":{"rendered":"\t\t<div data-elementor-type=\"wp-page\" data-elementor-id=\"6020\" class=\"elementor elementor-6020\">\n\t\t\t\t<div class=\"elementor-element elementor-element-3b5da38 e-flex e-con-boxed e-con e-parent\" data-id=\"3b5da38\" data-element_type=\"container\" data-e-type=\"container\">\n\t\t\t\t\t<div class=\"e-con-inner\">\n\t\t\t\t\t<\/div>\n\t\t\t\t<\/div>\n\t\t<div class=\"elementor-element elementor-element-a65e5f5 e-flex e-con-boxed e-con e-parent\" data-id=\"a65e5f5\" data-element_type=\"container\" data-e-type=\"container\">\n\t\t\t\t\t<div class=\"e-con-inner\">\n\t\t<div class=\"elementor-element elementor-element-adc11a0 e-con-full e-flex e-con e-child\" data-id=\"adc11a0\" data-element_type=\"container\" data-e-type=\"container\">\n\t\t\t\t<div class=\"elementor-element elementor-element-e967332 elementor-widget elementor-widget-heading\" data-id=\"e967332\" data-element_type=\"widget\" data-e-type=\"widget\" data-widget_type=\"heading.default\">\n\t\t\t\t<div class=\"elementor-widget-container\">\n\t\t\t\t\t<h4 class=\"elementor-heading-title elementor-size-default\">Cartographie de risques<\/h4>\t\t\t\t<\/div>\n\t\t\t\t<\/div>\n\t\t\t\t<div class=\"elementor-element elementor-element-9d327d3 elementor-widget elementor-widget-text-editor\" data-id=\"9d327d3\" data-element_type=\"widget\" data-e-type=\"widget\" data-widget_type=\"text-editor.default\">\n\t\t\t\t<div class=\"elementor-widget-container\">\n\t\t\t\t\t\t\t\t\t<p style=\"text-align: justify;\">La cartographie de risques est un outil fondamental en entreprise qui permet d&rsquo;avoir une vue globale de tous les risques auxquels une organisation peut \u00eatre expos\u00e9e. Son objectif principal est d&rsquo;identifier et d&rsquo;\u00e9valuer tous les risques auxquels elle est soumise pour pouvoir anticiper, voire diminuer leur impact en cas de survenance.\u00a0<\/p><p style=\"text-align: justify;\">Nos mettons \u00e0 votre disposition nos experts en gestion de risques afin de vous accompagner sur les diff\u00e9rentes \u00e9tapes de la mise en place d&rsquo;une cartographie de risques personnalis\u00e9e et li\u00e9e directement \u00e0 vos activit\u00e9s.<\/p>\t\t\t\t\t\t\t\t<\/div>\n\t\t\t\t<\/div>\n\t\t\t\t<div class=\"elementor-element elementor-element-8e4a31c elementor-align-center elementor-widget elementor-widget-ibutton\" data-id=\"8e4a31c\" data-element_type=\"widget\" data-e-type=\"widget\" data-widget_type=\"ibutton.default\">\n\t\t\t\t<div class=\"elementor-widget-container\">\n\t\t\t\t\t\t\t<div class=\"ot-button\">\r\n\t\t\t<a href=\"https:\/\/cristechservices.com\/index.php\/contacts\/\" class=\"octf-btn octf-btn-primary\">Contactez-nous<\/a>\r\n\t    <\/div>\r\n\t    \t\t\t\t<\/div>\n\t\t\t\t<\/div>\n\t\t\t\t<\/div>\n\t\t<div class=\"elementor-element elementor-element-4192529 e-con-full e-flex e-con e-child\" data-id=\"4192529\" data-element_type=\"container\" data-e-type=\"container\">\n\t\t\t\t<div class=\"elementor-element elementor-element-30cd45b animated-fast elementor-widget elementor-widget-image\" data-id=\"30cd45b\" data-element_type=\"widget\" data-e-type=\"widget\" data-settings=\"{&quot;_animation&quot;:&quot;none&quot;}\" data-widget_type=\"image.default\">\n\t\t\t\t<div class=\"elementor-widget-container\">\n\t\t\t\t\t\t\t\t\t\t\t\t\t\t\t<img fetchpriority=\"high\" decoding=\"async\" width=\"450\" height=\"338\" src=\"https:\/\/cristechservices.com\/wp-content\/uploads\/2024\/04\/Risque.jpg\" class=\"attachment-large size-large wp-image-6026\" alt=\"\" srcset=\"https:\/\/cristechservices.com\/wp-content\/uploads\/2024\/04\/Risque.jpg 450w, https:\/\/cristechservices.com\/wp-content\/uploads\/2024\/04\/Risque-300x225.jpg 300w\" sizes=\"(max-width: 450px) 100vw, 450px\" \/>\t\t\t\t\t\t\t\t\t\t\t\t\t\t\t<\/div>\n\t\t\t\t<\/div>\n\t\t\t\t<\/div>\n\t\t\t\t\t<\/div>\n\t\t\t\t<\/div>\n\t\t<div class=\"elementor-element elementor-element-930d9cb e-flex e-con-boxed e-con e-parent\" data-id=\"930d9cb\" data-element_type=\"container\" data-e-type=\"container\">\n\t\t\t\t\t<div class=\"e-con-inner\">\n\t\t<div class=\"elementor-element elementor-element-dec51b8 e-con-full e-flex e-con e-child\" data-id=\"dec51b8\" data-element_type=\"container\" data-e-type=\"container\">\n\t\t\t\t<div class=\"elementor-element elementor-element-5ed73ec elementor-widget elementor-widget-image\" data-id=\"5ed73ec\" data-element_type=\"widget\" data-e-type=\"widget\" data-settings=\"{&quot;_animation&quot;:&quot;none&quot;}\" data-widget_type=\"image.default\">\n\t\t\t\t<div class=\"elementor-widget-container\">\n\t\t\t\t\t\t\t\t\t\t\t\t\t\t\t<img decoding=\"async\" width=\"1024\" height=\"931\" src=\"https:\/\/cristechservices.com\/wp-content\/uploads\/2024\/04\/pssi-1024x931.jpg\" class=\"attachment-large size-large wp-image-6054\" alt=\"\" srcset=\"https:\/\/cristechservices.com\/wp-content\/uploads\/2024\/04\/pssi-1024x931.jpg 1024w, https:\/\/cristechservices.com\/wp-content\/uploads\/2024\/04\/pssi-300x273.jpg 300w, https:\/\/cristechservices.com\/wp-content\/uploads\/2024\/04\/pssi-768x698.jpg 768w, https:\/\/cristechservices.com\/wp-content\/uploads\/2024\/04\/pssi-1536x1397.jpg 1536w, https:\/\/cristechservices.com\/wp-content\/uploads\/2024\/04\/pssi-2048x1862.jpg 2048w, https:\/\/cristechservices.com\/wp-content\/uploads\/2024\/04\/pssi-720x655.jpg 720w, https:\/\/cristechservices.com\/wp-content\/uploads\/2024\/04\/pssi-600x546.jpg 600w\" sizes=\"(max-width: 1024px) 100vw, 1024px\" \/>\t\t\t\t\t\t\t\t\t\t\t\t\t\t\t<\/div>\n\t\t\t\t<\/div>\n\t\t\t\t<\/div>\n\t\t<div class=\"elementor-element elementor-element-12cd34b e-con-full e-flex e-con e-child\" data-id=\"12cd34b\" data-element_type=\"container\" data-e-type=\"container\">\n\t\t\t\t<div class=\"elementor-element elementor-element-305620d elementor-widget elementor-widget-heading\" data-id=\"305620d\" data-element_type=\"widget\" data-e-type=\"widget\" data-widget_type=\"heading.default\">\n\t\t\t\t<div class=\"elementor-widget-container\">\n\t\t\t\t\t<h4 class=\"elementor-heading-title elementor-size-default\">Politique de S\u00e9curit\u00e9 du Syst\u00e8me d'Information<\/h4>\t\t\t\t<\/div>\n\t\t\t\t<\/div>\n\t\t\t\t<div class=\"elementor-element elementor-element-c648043 elementor-widget elementor-widget-text-editor\" data-id=\"c648043\" data-element_type=\"widget\" data-e-type=\"widget\" data-widget_type=\"text-editor.default\">\n\t\t\t\t<div class=\"elementor-widget-container\">\n\t\t\t\t\t\t\t\t\t<p style=\"text-align: justify;\">La vision strat\u00e9gique de la direction d&rsquo;une organisation en mati\u00e8re de la s\u00e9curit\u00e9 du syst\u00e8me d&rsquo;information est traduite dans la politique de s\u00e9curit\u00e9 du syst\u00e8me d&rsquo;information (PSSI) \u00e0 travers des plans d&rsquo;action sp\u00e9cifiques et adapt\u00e9s \u00e0 son activit\u00e9.<\/p><p style=\"text-align: justify;\">Nos experts en s\u00e9curit\u00e9, sp\u00e9cialistes dans l&rsquo;accompagnement des entreprises dans l&rsquo;\u00e9laboration de la PSSI, mettront leurs exp\u00e9riences et leurs savoir-faire \u00e0 votre disposition afin de vous accompagner dans l&rsquo;\u00e9laboration de votre PSSI personnalis\u00e9e.<\/p>\t\t\t\t\t\t\t\t<\/div>\n\t\t\t\t<\/div>\n\t\t\t\t<div class=\"elementor-element elementor-element-e419ecd elementor-align-center elementor-widget elementor-widget-ibutton\" data-id=\"e419ecd\" data-element_type=\"widget\" data-e-type=\"widget\" data-widget_type=\"ibutton.default\">\n\t\t\t\t<div class=\"elementor-widget-container\">\n\t\t\t\t\t\t\t<div class=\"ot-button\">\r\n\t\t\t<a href=\"https:\/\/cristechservices.com\/index.php\/contacts\/\" class=\"octf-btn octf-btn-primary\">Contactez-nous<\/a>\r\n\t    <\/div>\r\n\t    \t\t\t\t<\/div>\n\t\t\t\t<\/div>\n\t\t\t\t<\/div>\n\t\t\t\t\t<\/div>\n\t\t\t\t<\/div>\n\t\t<div class=\"elementor-element elementor-element-566c6a0 e-flex e-con-boxed e-con e-parent\" data-id=\"566c6a0\" data-element_type=\"container\" data-e-type=\"container\">\n\t\t\t\t\t<div class=\"e-con-inner\">\n\t\t<div class=\"elementor-element elementor-element-915e802 e-con-full e-flex e-con e-child\" data-id=\"915e802\" data-element_type=\"container\" data-e-type=\"container\">\n\t\t\t\t<div class=\"elementor-element elementor-element-d563545 elementor-widget elementor-widget-heading\" data-id=\"d563545\" data-element_type=\"widget\" data-e-type=\"widget\" data-widget_type=\"heading.default\">\n\t\t\t\t<div class=\"elementor-widget-container\">\n\t\t\t\t\t<h3 class=\"elementor-heading-title elementor-size-default\">Plan de Continuit\u00e9 d'Activit\u00e9<\/h3>\t\t\t\t<\/div>\n\t\t\t\t<\/div>\n\t\t\t\t<div class=\"elementor-element elementor-element-a031e9a elementor-widget elementor-widget-text-editor\" data-id=\"a031e9a\" data-element_type=\"widget\" data-e-type=\"widget\" data-widget_type=\"text-editor.default\">\n\t\t\t\t<div class=\"elementor-widget-container\">\n\t\t\t\t\t\t\t\t\t<p style=\"text-align: justify;\">Un Plan de Continuit\u00e9 d&rsquo;Activit\u00e9 (PCA) traduit l&rsquo;ensemble des dispositions (mesures, proc\u00e9dures) prises par une organisation apr\u00e8s l&rsquo;\u00e9valuation des diff\u00e9rentes menaces qui planent syst\u00e9matiquement sur son activit\u00e9 de continuit\u00e9 \u00e0 fonctionner afin de satisfaire ses clients.<\/p><p style=\"text-align: justify;\">Cristech Services vous accompagne dans les diff\u00e9rentes phases de l&rsquo;\u00e9laboration du PCA de votre entreprise jusqu&rsquo;\u00e0 son premier test afin que votre entreprise soit pr\u00eate en cas d\u00a0\u00bbun incident majeur qui affecterait sa performance.<\/p>\t\t\t\t\t\t\t\t<\/div>\n\t\t\t\t<\/div>\n\t\t\t\t<div class=\"elementor-element elementor-element-9f4473e elementor-align-center elementor-widget elementor-widget-ibutton\" data-id=\"9f4473e\" data-element_type=\"widget\" data-e-type=\"widget\" data-widget_type=\"ibutton.default\">\n\t\t\t\t<div class=\"elementor-widget-container\">\n\t\t\t\t\t\t\t<div class=\"ot-button\">\r\n\t\t\t<a href=\"https:\/\/cristechservices.com\/index.php\/contacts\/\" class=\"octf-btn octf-btn-primary\">Contactez-nous<\/a>\r\n\t    <\/div>\r\n\t    \t\t\t\t<\/div>\n\t\t\t\t<\/div>\n\t\t\t\t<\/div>\n\t\t<div class=\"elementor-element elementor-element-4a34291 e-con-full e-flex e-con e-child\" data-id=\"4a34291\" data-element_type=\"container\" data-e-type=\"container\">\n\t\t\t\t<div class=\"elementor-element elementor-element-801b0a9 elementor-widget elementor-widget-image\" data-id=\"801b0a9\" data-element_type=\"widget\" data-e-type=\"widget\" data-settings=\"{&quot;_animation&quot;:&quot;none&quot;}\" data-widget_type=\"image.default\">\n\t\t\t\t<div class=\"elementor-widget-container\">\n\t\t\t\t\t\t\t\t\t\t\t\t\t\t\t<img decoding=\"async\" width=\"1024\" height=\"815\" src=\"https:\/\/cristechservices.com\/wp-content\/uploads\/2024\/04\/PCA-1024x815.png\" class=\"attachment-large size-large wp-image-6075\" alt=\"\" srcset=\"https:\/\/cristechservices.com\/wp-content\/uploads\/2024\/04\/PCA-1024x815.png 1024w, https:\/\/cristechservices.com\/wp-content\/uploads\/2024\/04\/PCA-300x239.png 300w, https:\/\/cristechservices.com\/wp-content\/uploads\/2024\/04\/PCA-768x611.png 768w, https:\/\/cristechservices.com\/wp-content\/uploads\/2024\/04\/PCA-1536x1222.png 1536w, https:\/\/cristechservices.com\/wp-content\/uploads\/2024\/04\/PCA-2048x1630.png 2048w, https:\/\/cristechservices.com\/wp-content\/uploads\/2024\/04\/PCA-720x573.png 720w, https:\/\/cristechservices.com\/wp-content\/uploads\/2024\/04\/PCA-600x477.png 600w\" sizes=\"(max-width: 1024px) 100vw, 1024px\" \/>\t\t\t\t\t\t\t\t\t\t\t\t\t\t\t<\/div>\n\t\t\t\t<\/div>\n\t\t\t\t<\/div>\n\t\t\t\t\t<\/div>\n\t\t\t\t<\/div>\n\t\t<div class=\"elementor-element elementor-element-b27d475 e-flex e-con-boxed e-con e-parent\" data-id=\"b27d475\" data-element_type=\"container\" data-e-type=\"container\">\n\t\t\t\t\t<div class=\"e-con-inner\">\n\t\t<div class=\"elementor-element elementor-element-151cb02 e-con-full e-flex e-con e-child\" data-id=\"151cb02\" data-element_type=\"container\" data-e-type=\"container\">\n\t\t\t\t<div class=\"elementor-element elementor-element-166b9a9 elementor-widget elementor-widget-image\" data-id=\"166b9a9\" data-element_type=\"widget\" data-e-type=\"widget\" data-settings=\"{&quot;_animation&quot;:&quot;none&quot;}\" data-widget_type=\"image.default\">\n\t\t\t\t<div class=\"elementor-widget-container\">\n\t\t\t\t\t\t\t\t\t\t\t\t\t\t\t<img loading=\"lazy\" decoding=\"async\" width=\"1024\" height=\"684\" src=\"https:\/\/cristechservices.com\/wp-content\/uploads\/2024\/04\/reponse-1024x684.jpg\" class=\"attachment-large size-large wp-image-6092\" alt=\"\" srcset=\"https:\/\/cristechservices.com\/wp-content\/uploads\/2024\/04\/reponse-1024x684.jpg 1024w, https:\/\/cristechservices.com\/wp-content\/uploads\/2024\/04\/reponse-300x200.jpg 300w, https:\/\/cristechservices.com\/wp-content\/uploads\/2024\/04\/reponse-768x513.jpg 768w, https:\/\/cristechservices.com\/wp-content\/uploads\/2024\/04\/reponse-600x401.jpg 600w, https:\/\/cristechservices.com\/wp-content\/uploads\/2024\/04\/reponse-720x481.jpg 720w, https:\/\/cristechservices.com\/wp-content\/uploads\/2024\/04\/reponse-272x182.jpg 272w, https:\/\/cristechservices.com\/wp-content\/uploads\/2024\/04\/reponse.jpg 1078w\" sizes=\"(max-width: 1024px) 100vw, 1024px\" \/>\t\t\t\t\t\t\t\t\t\t\t\t\t\t\t<\/div>\n\t\t\t\t<\/div>\n\t\t\t\t<\/div>\n\t\t<div class=\"elementor-element elementor-element-4aa61dd e-con-full e-flex e-con e-child\" data-id=\"4aa61dd\" data-element_type=\"container\" data-e-type=\"container\">\n\t\t\t\t<div class=\"elementor-element elementor-element-7cced61 elementor-widget elementor-widget-heading\" data-id=\"7cced61\" data-element_type=\"widget\" data-e-type=\"widget\" data-widget_type=\"heading.default\">\n\t\t\t\t<div class=\"elementor-widget-container\">\n\t\t\t\t\t<h3 class=\"elementor-heading-title elementor-size-default\">Plan de r\u00e9ponse aux incidents de cybers\u00e9curit\u00e9<\/h3>\t\t\t\t<\/div>\n\t\t\t\t<\/div>\n\t\t\t\t<div class=\"elementor-element elementor-element-c4fd4ac elementor-widget elementor-widget-text-editor\" data-id=\"c4fd4ac\" data-element_type=\"widget\" data-e-type=\"widget\" data-widget_type=\"text-editor.default\">\n\t\t\t\t<div class=\"elementor-widget-container\">\n\t\t\t\t\t\t\t\t\t<p style=\"text-align: justify;\">Un Plan de R\u00e9ponse aux Incidents (PRI) d\u00e9crit les \u00e9tapes que les entreprises suivent pour g\u00e9rer et traiter les cons\u00e9quences d&rsquo;une violation ou d&rsquo;une attaque de s\u00e9curit\u00e9. Son objectif est de limiter les dommages et de r\u00e9duire le temps et le co\u00fbt de la r\u00e9cup\u00e9ration, assurant que l&rsquo;entreprise peut se remettre de menaces potentiellement paralysantes.<\/p><p style=\"text-align: justify;\">Faites-nous confiance, nous vous accompagnons dans la mise en plan d&rsquo;un PRI efficace afin que votre organisation soit pr\u00e9par\u00e9e \u00e0 toute \u00e9ventualit\u00e9.<\/p>\t\t\t\t\t\t\t\t<\/div>\n\t\t\t\t<\/div>\n\t\t\t\t<div class=\"elementor-element elementor-element-4f665f8 elementor-align-center elementor-widget elementor-widget-ibutton\" data-id=\"4f665f8\" data-element_type=\"widget\" data-e-type=\"widget\" data-widget_type=\"ibutton.default\">\n\t\t\t\t<div class=\"elementor-widget-container\">\n\t\t\t\t\t\t\t<div class=\"ot-button\">\r\n\t\t\t<a href=\"https:\/\/cristechservices.com\/index.php\/contacts\/\" class=\"octf-btn octf-btn-primary\">Contactez-nous<\/a>\r\n\t    <\/div>\r\n\t    \t\t\t\t<\/div>\n\t\t\t\t<\/div>\n\t\t\t\t<\/div>\n\t\t\t\t\t<\/div>\n\t\t\t\t<\/div>\n\t\t<div class=\"elementor-element elementor-element-52620bb e-flex e-con-boxed e-con e-parent\" data-id=\"52620bb\" data-element_type=\"container\" data-e-type=\"container\">\n\t\t\t\t\t<div class=\"e-con-inner\">\n\t\t<div class=\"elementor-element elementor-element-108b8d9 e-con-full e-flex e-con e-child\" data-id=\"108b8d9\" data-element_type=\"container\" data-e-type=\"container\">\n\t\t\t\t<div class=\"elementor-element elementor-element-6126dfc elementor-widget elementor-widget-heading\" data-id=\"6126dfc\" data-element_type=\"widget\" data-e-type=\"widget\" data-widget_type=\"heading.default\">\n\t\t\t\t<div class=\"elementor-widget-container\">\n\t\t\t\t\t<h3 class=\"elementor-heading-title elementor-size-default\">Sch\u00e9ma Directeur du Syst\u00e8me d'Information<\/h3>\t\t\t\t<\/div>\n\t\t\t\t<\/div>\n\t\t\t\t<div class=\"elementor-element elementor-element-9ef0d7b elementor-widget elementor-widget-text-editor\" data-id=\"9ef0d7b\" data-element_type=\"widget\" data-e-type=\"widget\" data-widget_type=\"text-editor.default\">\n\t\t\t\t<div class=\"elementor-widget-container\">\n\t\t\t\t\t\t\t\t\t<p style=\"text-align: justify;\">Le Sch\u00e9ma Directeur du Syst\u00e8me d&rsquo;Information (SDSI) est un document de r\u00e9f\u00e9rence et de synth\u00e8se qui d\u00e9crit comment la strat\u00e9gie de l&rsquo;organisation (publique ou priv\u00e9e) s&rsquo;applique \u00e0 la DSI (direction des syst\u00e8mes d&rsquo;information). Il permet \u00e0 une organisation de voir plus clair, d&rsquo;aligner les objectifs m\u00e9tiers avec les besoins technologiques et d&rsquo;entrer pleinement dans l&rsquo;\u00e8re du num\u00e9rique.<\/p><p style=\"text-align: justify;\">Cristech Services vous accompagne dans l&rsquo;\u00e9laboration de votre SDSI gr\u00e2ce aux exp\u00e9riences vari\u00e9es de ses experts.<\/p>\t\t\t\t\t\t\t\t<\/div>\n\t\t\t\t<\/div>\n\t\t\t\t<div class=\"elementor-element elementor-element-fa23803 elementor-align-center elementor-widget elementor-widget-ibutton\" data-id=\"fa23803\" data-element_type=\"widget\" data-e-type=\"widget\" data-widget_type=\"ibutton.default\">\n\t\t\t\t<div class=\"elementor-widget-container\">\n\t\t\t\t\t\t\t<div class=\"ot-button\">\r\n\t\t\t<a href=\"https:\/\/cristechservices.com\/index.php\/contacts\/\" class=\"octf-btn octf-btn-primary\">Contactez-nous<\/a>\r\n\t    <\/div>\r\n\t    \t\t\t\t<\/div>\n\t\t\t\t<\/div>\n\t\t\t\t<\/div>\n\t\t\t\t<div class=\"elementor-element elementor-element-c0540c5 elementor-widget elementor-widget-image\" data-id=\"c0540c5\" data-element_type=\"widget\" data-e-type=\"widget\" data-settings=\"{&quot;_animation&quot;:&quot;none&quot;}\" data-widget_type=\"image.default\">\n\t\t\t\t<div class=\"elementor-widget-container\">\n\t\t\t\t\t\t\t\t\t\t\t\t\t\t\t<img loading=\"lazy\" decoding=\"async\" width=\"674\" height=\"292\" src=\"https:\/\/cristechservices.com\/wp-content\/uploads\/2024\/04\/SDSI-1.jpg\" class=\"attachment-large size-large wp-image-6110\" alt=\"\" srcset=\"https:\/\/cristechservices.com\/wp-content\/uploads\/2024\/04\/SDSI-1.jpg 674w, https:\/\/cristechservices.com\/wp-content\/uploads\/2024\/04\/SDSI-1-300x130.jpg 300w, https:\/\/cristechservices.com\/wp-content\/uploads\/2024\/04\/SDSI-1-600x260.jpg 600w\" sizes=\"(max-width: 674px) 100vw, 674px\" \/>\t\t\t\t\t\t\t\t\t\t\t\t\t\t\t<\/div>\n\t\t\t\t<\/div>\n\t\t\t\t\t<\/div>\n\t\t\t\t<\/div>\n\t\t<div class=\"elementor-element elementor-element-e9ec638 e-flex e-con-boxed e-con e-parent\" data-id=\"e9ec638\" data-element_type=\"container\" data-e-type=\"container\">\n\t\t\t\t\t<div class=\"e-con-inner\">\n\t\t<div class=\"elementor-element elementor-element-4bb5919 e-con-full e-flex e-con e-child\" data-id=\"4bb5919\" data-element_type=\"container\" data-e-type=\"container\">\n\t\t\t\t<div class=\"elementor-element elementor-element-7baec54 elementor-widget__width-initial elementor-widget elementor-widget-image\" data-id=\"7baec54\" data-element_type=\"widget\" data-e-type=\"widget\" data-widget_type=\"image.default\">\n\t\t\t\t<div class=\"elementor-widget-container\">\n\t\t\t\t\t\t\t\t\t\t\t\t\t\t\t<img loading=\"lazy\" decoding=\"async\" width=\"1024\" height=\"512\" src=\"https:\/\/cristechservices.com\/wp-content\/uploads\/2024\/04\/performance-1024x512.jpg\" class=\"attachment-large size-large wp-image-6127\" alt=\"\" srcset=\"https:\/\/cristechservices.com\/wp-content\/uploads\/2024\/04\/performance-1024x512.jpg 1024w, https:\/\/cristechservices.com\/wp-content\/uploads\/2024\/04\/performance-300x150.jpg 300w, https:\/\/cristechservices.com\/wp-content\/uploads\/2024\/04\/performance-768x384.jpg 768w, https:\/\/cristechservices.com\/wp-content\/uploads\/2024\/04\/performance-1536x768.jpg 1536w, https:\/\/cristechservices.com\/wp-content\/uploads\/2024\/04\/performance-2048x1024.jpg 2048w, https:\/\/cristechservices.com\/wp-content\/uploads\/2024\/04\/performance-720x360.jpg 720w, https:\/\/cristechservices.com\/wp-content\/uploads\/2024\/04\/performance-600x300.jpg 600w\" sizes=\"(max-width: 1024px) 100vw, 1024px\" \/>\t\t\t\t\t\t\t\t\t\t\t\t\t\t\t<\/div>\n\t\t\t\t<\/div>\n\t\t\t\t<\/div>\n\t\t<div class=\"elementor-element elementor-element-886c4c5 e-con-full e-flex e-con e-child\" data-id=\"886c4c5\" data-element_type=\"container\" data-e-type=\"container\">\n\t\t\t\t<div class=\"elementor-element elementor-element-5fed645 elementor-widget elementor-widget-heading\" data-id=\"5fed645\" data-element_type=\"widget\" data-e-type=\"widget\" data-widget_type=\"heading.default\">\n\t\t\t\t<div class=\"elementor-widget-container\">\n\t\t\t\t\t<h3 class=\"elementor-heading-title elementor-size-default\">Evaluation de la performance du Syst\u00e8me d'Information<\/h3>\t\t\t\t<\/div>\n\t\t\t\t<\/div>\n\t\t\t\t<div class=\"elementor-element elementor-element-8eb65a3 elementor-widget elementor-widget-text-editor\" data-id=\"8eb65a3\" data-element_type=\"widget\" data-e-type=\"widget\" data-widget_type=\"text-editor.default\">\n\t\t\t\t<div class=\"elementor-widget-container\">\n\t\t\t\t\t\t\t\t\t<p style=\"text-align: justify;\">La performance du syst\u00e8me d&rsquo;information traduit l&rsquo;ad\u00e9quation entre le r\u00e9sultat des efforts consentis par cette organisation et les objectifs qu&rsquo;elle s&rsquo;\u00e9tait fix\u00e9s et elle a pour r\u00f4le d&rsquo;\u00e9valuer un syst\u00e8me d&rsquo;information selon certains crit\u00e8res bien d\u00e9finis.<\/p><p style=\"text-align: justify;\">Cristech Services dispose des experts qualifi\u00e9s pour vous accompagner dans l&rsquo;\u00e9valuation de la performance de votre syst\u00e8me d&rsquo;information.<\/p>\t\t\t\t\t\t\t\t<\/div>\n\t\t\t\t<\/div>\n\t\t\t\t<div class=\"elementor-element elementor-element-d4f4546 elementor-align-center elementor-widget elementor-widget-ibutton\" data-id=\"d4f4546\" data-element_type=\"widget\" data-e-type=\"widget\" data-widget_type=\"ibutton.default\">\n\t\t\t\t<div class=\"elementor-widget-container\">\n\t\t\t\t\t\t\t<div class=\"ot-button\">\r\n\t\t\t<a href=\"https:\/\/cristechservices.com\/index.php\/contacts\/\" class=\"octf-btn octf-btn-primary\">Contactez-nous<\/a>\r\n\t    <\/div>\r\n\t    \t\t\t\t<\/div>\n\t\t\t\t<\/div>\n\t\t\t\t<\/div>\n\t\t\t\t\t<\/div>\n\t\t\t\t<\/div>\n\t\t\t\t<\/div>\n\t\t","protected":false},"excerpt":{"rendered":"<p>Cartographie de risques La cartographie de risques est un outil fondamental en entreprise qui permet d&rsquo;avoir une vue globale de tous les risques auxquels une organisation peut \u00eatre expos\u00e9e. Son objectif principal est d&rsquo;identifier et d&rsquo;\u00e9valuer tous les risques auxquels elle est soumise pour pouvoir anticiper, voire diminuer leur impact en cas de survenance.\u00a0 Nos [&hellip;]<\/p>\n","protected":false},"author":1,"featured_media":0,"parent":0,"menu_order":0,"comment_status":"closed","ping_status":"closed","template":"","meta":{"_regular_price":[],"currency_symbol":[],"iawp_total_views":66,"footnotes":""},"class_list":["post-6020","page","type-page","status-publish","hentry"],"post_slider_layout_featured_media_urls":{"thumbnail":"","post_slider_layout_landscape_large":"","post_slider_layout_portrait_large":"","post_slider_layout_square_large":"","post_slider_layout_landscape":"","post_slider_layout_portrait":"","post_slider_layout_square":"","full":""},"_links":{"self":[{"href":"https:\/\/cristechservices.com\/index.php\/wp-json\/wp\/v2\/pages\/6020","targetHints":{"allow":["GET"]}}],"collection":[{"href":"https:\/\/cristechservices.com\/index.php\/wp-json\/wp\/v2\/pages"}],"about":[{"href":"https:\/\/cristechservices.com\/index.php\/wp-json\/wp\/v2\/types\/page"}],"author":[{"embeddable":true,"href":"https:\/\/cristechservices.com\/index.php\/wp-json\/wp\/v2\/users\/1"}],"replies":[{"embeddable":true,"href":"https:\/\/cristechservices.com\/index.php\/wp-json\/wp\/v2\/comments?post=6020"}],"version-history":[{"count":132,"href":"https:\/\/cristechservices.com\/index.php\/wp-json\/wp\/v2\/pages\/6020\/revisions"}],"predecessor-version":[{"id":7269,"href":"https:\/\/cristechservices.com\/index.php\/wp-json\/wp\/v2\/pages\/6020\/revisions\/7269"}],"wp:attachment":[{"href":"https:\/\/cristechservices.com\/index.php\/wp-json\/wp\/v2\/media?parent=6020"}],"curies":[{"name":"wp","href":"https:\/\/api.w.org\/{rel}","templated":true}]}}