{"id":5897,"date":"2024-04-09T12:34:22","date_gmt":"2024-04-09T11:34:22","guid":{"rendered":"https:\/\/cristechservices.com\/?page_id=5897"},"modified":"2024-08-11T20:14:39","modified_gmt":"2024-08-11T19:14:39","slug":"transformation-digitale","status":"publish","type":"page","link":"https:\/\/cristechservices.com\/index.php\/transformation-digitale\/","title":{"rendered":"Transformation digitale"},"content":{"rendered":"\t\t<div data-elementor-type=\"wp-page\" data-elementor-id=\"5897\" class=\"elementor elementor-5897\">\n\t\t\t\t<div class=\"elementor-element elementor-element-e649b11 e-flex e-con-boxed e-con e-parent\" data-id=\"e649b11\" data-element_type=\"container\" data-e-type=\"container\">\n\t\t\t\t\t<div class=\"e-con-inner\">\n\t\t\t\t<div class=\"elementor-element elementor-element-9cdcdd5 elementor-widget elementor-widget-heading\" data-id=\"9cdcdd5\" data-element_type=\"widget\" data-e-type=\"widget\" data-widget_type=\"heading.default\">\n\t\t\t\t<div class=\"elementor-widget-container\">\n\t\t\t\t\t<h3 class=\"elementor-heading-title elementor-size-default\">La digitalisation des processus permet d'am\u00e9liorer l'efficacit\u00e9 op\u00e9rationnelle et l'agilit\u00e9 d'une organisation. Elle permet aux entreprises d'\u00e9conomiser sur les co\u00fbts de main-d'\u0153uvre gr\u00e2ce \u00e0 l'automatisation des processus m\u00e9tiers.<\/h3>\t\t\t\t<\/div>\n\t\t\t\t<\/div>\n\t\t\t\t<div class=\"elementor-element elementor-element-8f20363 elementor-widget elementor-widget-text-editor\" data-id=\"8f20363\" data-element_type=\"widget\" data-e-type=\"widget\" data-widget_type=\"text-editor.default\">\n\t\t\t\t<div class=\"elementor-widget-container\">\n\t\t\t\t\t\t\t\t\t<p style=\"text-align: justify;\">Nos sp\u00e9cialistes en digitalisation, de par leurs exp\u00e9riences dans la transformation digitale \u00e0 travers toute l&rsquo;Afrique, vont vous aider \u00e0 mettre en place une strat\u00e9gie de digitalisation des processus en suivant les \u00e9tapes suivantes :<\/p>\t\t\t\t\t\t\t\t<\/div>\n\t\t\t\t<\/div>\n\t\t\t\t\t<\/div>\n\t\t\t\t<\/div>\n\t\t<div class=\"elementor-element elementor-element-d0d7d7b e-flex e-con-boxed e-con e-parent\" data-id=\"d0d7d7b\" data-element_type=\"container\" data-e-type=\"container\">\n\t\t\t\t\t<div class=\"e-con-inner\">\n\t\t<div class=\"elementor-element elementor-element-f83ec3a e-con-full e-flex e-con e-child\" data-id=\"f83ec3a\" data-element_type=\"container\" data-e-type=\"container\">\n\t\t\t\t<div class=\"elementor-element elementor-element-1734433 elementor-widget elementor-widget-heading\" data-id=\"1734433\" data-element_type=\"widget\" data-e-type=\"widget\" data-widget_type=\"heading.default\">\n\t\t\t\t<div class=\"elementor-widget-container\">\n\t\t\t\t\t<h3 class=\"elementor-heading-title elementor-size-default\">1- Evaluation de l'\u00e9tat actuel de vos processus<\/h3>\t\t\t\t<\/div>\n\t\t\t\t<\/div>\n\t\t\t\t<div class=\"elementor-element elementor-element-ac24a36 elementor-widget elementor-widget-text-editor\" data-id=\"ac24a36\" data-element_type=\"widget\" data-e-type=\"widget\" data-widget_type=\"text-editor.default\">\n\t\t\t\t<div class=\"elementor-widget-container\">\n\t\t\t\t\t\t\t\t\t<p style=\"text-align: justify;\">Nous proc\u00e9dons \u00e0 un audit de tous vos processus \u00e0 tous les niveaux afin de faire un \u00e9tat des lieux et de cartographier tous les processus existants. Ce qui permettra d&rsquo;avoir une vision claire de l&rsquo;objectif de votre digitalisation afin de mieux adapter le contexte dans votre cas.\u00a0<\/p>\t\t\t\t\t\t\t\t<\/div>\n\t\t\t\t<\/div>\n\t\t\t\t<\/div>\n\t\t<div class=\"elementor-element elementor-element-fd2493a e-con-full e-flex e-con e-child\" data-id=\"fd2493a\" data-element_type=\"container\" data-e-type=\"container\">\n\t\t\t\t<div class=\"elementor-element elementor-element-3f00514 elementor-widget elementor-widget-image\" data-id=\"3f00514\" data-element_type=\"widget\" data-e-type=\"widget\" data-settings=\"{&quot;_animation&quot;:&quot;none&quot;}\" data-widget_type=\"image.default\">\n\t\t\t\t<div class=\"elementor-widget-container\">\n\t\t\t\t\t\t\t\t\t\t\t\t\t\t\t<img fetchpriority=\"high\" decoding=\"async\" width=\"1012\" height=\"664\" src=\"https:\/\/cristechservices.com\/wp-content\/uploads\/2024\/04\/Digi.png\" class=\"attachment-large size-large wp-image-5917\" alt=\"\" srcset=\"https:\/\/cristechservices.com\/wp-content\/uploads\/2024\/04\/Digi.png 1012w, https:\/\/cristechservices.com\/wp-content\/uploads\/2024\/04\/Digi-300x197.png 300w, https:\/\/cristechservices.com\/wp-content\/uploads\/2024\/04\/Digi-768x504.png 768w, https:\/\/cristechservices.com\/wp-content\/uploads\/2024\/04\/Digi-720x472.png 720w, https:\/\/cristechservices.com\/wp-content\/uploads\/2024\/04\/Digi-600x394.png 600w\" sizes=\"(max-width: 1012px) 100vw, 1012px\" \/>\t\t\t\t\t\t\t\t\t\t\t\t\t\t\t<\/div>\n\t\t\t\t<\/div>\n\t\t\t\t<\/div>\n\t\t\t\t\t<\/div>\n\t\t\t\t<\/div>\n\t\t<div class=\"elementor-element elementor-element-2297923 e-flex e-con-boxed e-con e-parent\" data-id=\"2297923\" data-element_type=\"container\" data-e-type=\"container\">\n\t\t\t\t\t<div class=\"e-con-inner\">\n\t\t<div class=\"elementor-element elementor-element-29f6ef8 e-con-full e-flex e-con e-child\" data-id=\"29f6ef8\" data-element_type=\"container\" data-e-type=\"container\">\n\t\t\t\t<div class=\"elementor-element elementor-element-cb0e69f elementor-widget elementor-widget-image\" data-id=\"cb0e69f\" data-element_type=\"widget\" data-e-type=\"widget\" data-settings=\"{&quot;_animation&quot;:&quot;none&quot;}\" data-widget_type=\"image.default\">\n\t\t\t\t<div class=\"elementor-widget-container\">\n\t\t\t\t\t\t\t\t\t\t\t\t\t\t\t<img decoding=\"async\" width=\"1024\" height=\"555\" src=\"https:\/\/cristechservices.com\/wp-content\/uploads\/2024\/04\/objectif-1024x555.jpg\" class=\"attachment-large size-large wp-image-5925\" alt=\"\" srcset=\"https:\/\/cristechservices.com\/wp-content\/uploads\/2024\/04\/objectif-1024x555.jpg 1024w, https:\/\/cristechservices.com\/wp-content\/uploads\/2024\/04\/objectif-300x162.jpg 300w, https:\/\/cristechservices.com\/wp-content\/uploads\/2024\/04\/objectif-768x416.jpg 768w, https:\/\/cristechservices.com\/wp-content\/uploads\/2024\/04\/objectif-720x390.jpg 720w, https:\/\/cristechservices.com\/wp-content\/uploads\/2024\/04\/objectif-600x325.jpg 600w, https:\/\/cristechservices.com\/wp-content\/uploads\/2024\/04\/objectif.jpg 1516w\" sizes=\"(max-width: 1024px) 100vw, 1024px\" \/>\t\t\t\t\t\t\t\t\t\t\t\t\t\t\t<\/div>\n\t\t\t\t<\/div>\n\t\t\t\t<\/div>\n\t\t<div class=\"elementor-element elementor-element-a185d15 e-con-full e-flex e-con e-child\" data-id=\"a185d15\" data-element_type=\"container\" data-e-type=\"container\">\n\t\t\t\t<div class=\"elementor-element elementor-element-cf88c3d elementor-widget elementor-widget-heading\" data-id=\"cf88c3d\" data-element_type=\"widget\" data-e-type=\"widget\" data-widget_type=\"heading.default\">\n\t\t\t\t<div class=\"elementor-widget-container\">\n\t\t\t\t\t<h3 class=\"elementor-heading-title elementor-size-default\">2- D\u00e9finition des objectifs de la digitalisation<\/h3>\t\t\t\t<\/div>\n\t\t\t\t<\/div>\n\t\t\t\t<div class=\"elementor-element elementor-element-2e2982c elementor-widget elementor-widget-text-editor\" data-id=\"2e2982c\" data-element_type=\"widget\" data-e-type=\"widget\" data-widget_type=\"text-editor.default\">\n\t\t\t\t<div class=\"elementor-widget-container\">\n\t\t\t\t\t\t\t\t\t<p style=\"text-align: justify;\">\u00c0 la suite d&rsquo;une \u00e9valuation des \u00e9tats des lieux, nos sp\u00e9cialistes vous aideront \u00e0 mettre en place un plan d&rsquo;action strat\u00e9gique. Ce qui consiste \u00e0 d\u00e9finir les objectifs de digitalisation \u00e0 court, \u00e0 moyen et \u00e0 long terme. De d\u00e9terminer comment la technologie va les impacter et de prendre pour chaque objection comment la transformation num\u00e9rique contribuera \u00e0 l&rsquo;am\u00e9lioration des processus et de faire un point sur la capacit\u00e9 de votre organisation \u00e0 mettre en \u0153uvre techniquement chaque objectif.<\/p>\t\t\t\t\t\t\t\t<\/div>\n\t\t\t\t<\/div>\n\t\t\t\t<\/div>\n\t\t\t\t\t<\/div>\n\t\t\t\t<\/div>\n\t\t<div class=\"elementor-element elementor-element-b50b0a7 e-flex e-con-boxed e-con e-parent\" data-id=\"b50b0a7\" data-element_type=\"container\" data-e-type=\"container\">\n\t\t\t\t\t<div class=\"e-con-inner\">\n\t\t<div class=\"elementor-element elementor-element-ab42fec e-con-full e-flex e-con e-child\" data-id=\"ab42fec\" data-element_type=\"container\" data-e-type=\"container\">\n\t\t\t\t<div class=\"elementor-element elementor-element-0fef5f3 elementor-widget elementor-widget-heading\" data-id=\"0fef5f3\" data-element_type=\"widget\" data-e-type=\"widget\" data-widget_type=\"heading.default\">\n\t\t\t\t<div class=\"elementor-widget-container\">\n\t\t\t\t\t<h3 class=\"elementor-heading-title elementor-size-default\">3- Choix d'outils et plateformes technologiques<\/h3>\t\t\t\t<\/div>\n\t\t\t\t<\/div>\n\t\t\t\t<div class=\"elementor-element elementor-element-afb3032 elementor-widget elementor-widget-text-editor\" data-id=\"afb3032\" data-element_type=\"widget\" data-e-type=\"widget\" data-widget_type=\"text-editor.default\">\n\t\t\t\t<div class=\"elementor-widget-container\">\n\t\t\t\t\t\t\t\t\t<p style=\"text-align: justify;\">Le choix d&rsquo;outils et de plateformes de technologie est une \u00e9tape capitale dans la transformation num\u00e9rique. Avec l&rsquo;exp\u00e9rience de nos experts et sur la base des objectifs \u00e0 long terme de votre organisation, nous vous proposons des solutions adapt\u00e9es choisies sur la base de leur capacit\u00e9 \u00e0 favoriser une communication et une collaboration efficaces.<\/p>\t\t\t\t\t\t\t\t<\/div>\n\t\t\t\t<\/div>\n\t\t\t\t<\/div>\n\t\t<div class=\"elementor-element elementor-element-595dc28 e-con-full e-flex e-con e-child\" data-id=\"595dc28\" data-element_type=\"container\" data-e-type=\"container\">\n\t\t\t\t<div class=\"elementor-element elementor-element-9407cd1 elementor-widget elementor-widget-image\" data-id=\"9407cd1\" data-element_type=\"widget\" data-e-type=\"widget\" data-settings=\"{&quot;_animation&quot;:&quot;none&quot;}\" data-widget_type=\"image.default\">\n\t\t\t\t<div class=\"elementor-widget-container\">\n\t\t\t\t\t\t\t\t\t\t\t\t\t\t\t<img decoding=\"async\" width=\"810\" height=\"490\" src=\"https:\/\/cristechservices.com\/wp-content\/uploads\/2024\/04\/outil.png\" class=\"attachment-large size-large wp-image-5956\" alt=\"\" srcset=\"https:\/\/cristechservices.com\/wp-content\/uploads\/2024\/04\/outil.png 810w, https:\/\/cristechservices.com\/wp-content\/uploads\/2024\/04\/outil-300x181.png 300w, https:\/\/cristechservices.com\/wp-content\/uploads\/2024\/04\/outil-768x465.png 768w, https:\/\/cristechservices.com\/wp-content\/uploads\/2024\/04\/outil-720x436.png 720w, https:\/\/cristechservices.com\/wp-content\/uploads\/2024\/04\/outil-600x363.png 600w\" sizes=\"(max-width: 810px) 100vw, 810px\" \/>\t\t\t\t\t\t\t\t\t\t\t\t\t\t\t<\/div>\n\t\t\t\t<\/div>\n\t\t\t\t<\/div>\n\t\t\t\t\t<\/div>\n\t\t\t\t<\/div>\n\t\t<div class=\"elementor-element elementor-element-bd2f2a1 e-flex e-con-boxed e-con e-parent\" data-id=\"bd2f2a1\" data-element_type=\"container\" data-e-type=\"container\">\n\t\t\t\t\t<div class=\"e-con-inner\">\n\t\t<div class=\"elementor-element elementor-element-5f89c07 e-con-full e-flex e-con e-child\" data-id=\"5f89c07\" data-element_type=\"container\" data-e-type=\"container\">\n\t\t\t\t<div class=\"elementor-element elementor-element-49ac66d elementor-widget elementor-widget-image\" data-id=\"49ac66d\" data-element_type=\"widget\" data-e-type=\"widget\" data-settings=\"{&quot;_animation&quot;:&quot;none&quot;}\" data-widget_type=\"image.default\">\n\t\t\t\t<div class=\"elementor-widget-container\">\n\t\t\t\t\t\t\t\t\t\t\t\t\t\t\t<img loading=\"lazy\" decoding=\"async\" width=\"660\" height=\"380\" src=\"https:\/\/cristechservices.com\/wp-content\/uploads\/2024\/04\/formation.jpg\" class=\"attachment-large size-large wp-image-5971\" alt=\"\" srcset=\"https:\/\/cristechservices.com\/wp-content\/uploads\/2024\/04\/formation.jpg 660w, https:\/\/cristechservices.com\/wp-content\/uploads\/2024\/04\/formation-300x173.jpg 300w, https:\/\/cristechservices.com\/wp-content\/uploads\/2024\/04\/formation-600x345.jpg 600w\" sizes=\"(max-width: 660px) 100vw, 660px\" \/>\t\t\t\t\t\t\t\t\t\t\t\t\t\t\t<\/div>\n\t\t\t\t<\/div>\n\t\t\t\t<\/div>\n\t\t<div class=\"elementor-element elementor-element-fbd34c3 e-con-full e-flex e-con e-child\" data-id=\"fbd34c3\" data-element_type=\"container\" data-e-type=\"container\">\n\t\t\t\t<div class=\"elementor-element elementor-element-9140167 elementor-widget elementor-widget-heading\" data-id=\"9140167\" data-element_type=\"widget\" data-e-type=\"widget\" data-widget_type=\"heading.default\">\n\t\t\t\t<div class=\"elementor-widget-container\">\n\t\t\t\t\t<h3 class=\"elementor-heading-title elementor-size-default\">4- Formation du personnel  et conduite du changement<\/h3>\t\t\t\t<\/div>\n\t\t\t\t<\/div>\n\t\t\t\t<div class=\"elementor-element elementor-element-c0d8b64 elementor-widget elementor-widget-text-editor\" data-id=\"c0d8b64\" data-element_type=\"widget\" data-e-type=\"widget\" data-widget_type=\"text-editor.default\">\n\t\t\t\t<div class=\"elementor-widget-container\">\n\t\t\t\t\t\t\t\t\t<p style=\"text-align: justify;\">Le succ\u00e8s d&rsquo;une transformation num\u00e9rique r\u00e9side dans l&rsquo;appropriation de la nouvelle technologie par les employ\u00e9s. Notre \u00e9quipe d&rsquo;experts va concevoir un programme de formation adapt\u00e9 et personnalis\u00e9 afin de faciliter la prise en main et la ma\u00eetrise des outils num\u00e9riques mis \u00e0 leur disposition.<\/p>\t\t\t\t\t\t\t\t<\/div>\n\t\t\t\t<\/div>\n\t\t\t\t<\/div>\n\t\t\t\t\t<\/div>\n\t\t\t\t<\/div>\n\t\t<div class=\"elementor-element elementor-element-7124046 e-flex e-con-boxed e-con e-parent\" data-id=\"7124046\" data-element_type=\"container\" data-e-type=\"container\">\n\t\t\t\t\t<div class=\"e-con-inner\">\n\t\t<div class=\"elementor-element elementor-element-9c353fb e-con-full e-flex e-con e-child\" data-id=\"9c353fb\" data-element_type=\"container\" data-e-type=\"container\">\n\t\t\t\t<div class=\"elementor-element elementor-element-e92048f elementor-widget elementor-widget-heading\" data-id=\"e92048f\" data-element_type=\"widget\" data-e-type=\"widget\" data-widget_type=\"heading.default\">\n\t\t\t\t<div class=\"elementor-widget-container\">\n\t\t\t\t\t<h3 class=\"elementor-heading-title elementor-size-default\">5- Suivi, \u00e9valuation et am\u00e9lioration continue de la transformation digitale<\/h3>\t\t\t\t<\/div>\n\t\t\t\t<\/div>\n\t\t\t\t<div class=\"elementor-element elementor-element-851e4cf elementor-widget elementor-widget-text-editor\" data-id=\"851e4cf\" data-element_type=\"widget\" data-e-type=\"widget\" data-widget_type=\"text-editor.default\">\n\t\t\t\t<div class=\"elementor-widget-container\">\n\t\t\t\t\t\t\t\t\t<p style=\"text-align: justify;\">\u00c0 la suite de la formation et de la conduite du changement, notre \u00e9quipe va mettre en place des indicateurs de performances cl\u00e9s (PKI) afin de vous aider \u00e0 \u00e9valuer l&rsquo;impact positif de la digitalisation sur les performances de votre organisation. Nous \u00e9laborons ensemble avec vous un programme de suivi de ces indicateurs et serons pr\u00eats \u00e0 apporter des modifications afin de maximiser les avantages de la digitalisation dans votre organisation.<\/p>\t\t\t\t\t\t\t\t<\/div>\n\t\t\t\t<\/div>\n\t\t\t\t<\/div>\n\t\t<div class=\"elementor-element elementor-element-bb3cc0a e-con-full e-flex e-con e-child\" data-id=\"bb3cc0a\" data-element_type=\"container\" data-e-type=\"container\">\n\t\t\t\t<div class=\"elementor-element elementor-element-ab204f0 elementor-widget elementor-widget-image\" data-id=\"ab204f0\" data-element_type=\"widget\" data-e-type=\"widget\" data-settings=\"{&quot;_animation&quot;:&quot;none&quot;}\" data-widget_type=\"image.default\">\n\t\t\t\t<div class=\"elementor-widget-container\">\n\t\t\t\t\t\t\t\t\t\t\t\t\t\t\t<img loading=\"lazy\" decoding=\"async\" width=\"840\" height=\"559\" src=\"https:\/\/cristechservices.com\/wp-content\/uploads\/2024\/04\/suivi.png\" class=\"attachment-large size-large wp-image-5995\" alt=\"\" srcset=\"https:\/\/cristechservices.com\/wp-content\/uploads\/2024\/04\/suivi.png 840w, https:\/\/cristechservices.com\/wp-content\/uploads\/2024\/04\/suivi-300x200.png 300w, https:\/\/cristechservices.com\/wp-content\/uploads\/2024\/04\/suivi-768x511.png 768w, https:\/\/cristechservices.com\/wp-content\/uploads\/2024\/04\/suivi-600x399.png 600w, https:\/\/cristechservices.com\/wp-content\/uploads\/2024\/04\/suivi-720x479.png 720w, https:\/\/cristechservices.com\/wp-content\/uploads\/2024\/04\/suivi-272x182.png 272w\" sizes=\"(max-width: 840px) 100vw, 840px\" \/>\t\t\t\t\t\t\t\t\t\t\t\t\t\t\t<\/div>\n\t\t\t\t<\/div>\n\t\t\t\t<\/div>\n\t\t\t\t\t<\/div>\n\t\t\t\t<\/div>\n\t\t<div class=\"elementor-element elementor-element-59f9464 e-flex e-con-boxed e-con e-parent\" data-id=\"59f9464\" data-element_type=\"container\" data-e-type=\"container\">\n\t\t\t\t\t<div class=\"e-con-inner\">\n\t\t\t\t<div class=\"elementor-element elementor-element-c62a6b0 elementor-align-center elementor-widget elementor-widget-ibutton\" data-id=\"c62a6b0\" data-element_type=\"widget\" data-e-type=\"widget\" data-widget_type=\"ibutton.default\">\n\t\t\t\t<div class=\"elementor-widget-container\">\n\t\t\t\t\t\t\t<div class=\"ot-button\">\r\n\t\t\t<a href=\"https:\/\/cristechservices.com\/index.php\/contacts\/\" class=\"octf-btn octf-btn-primary\">Contactez-nous<\/a>\r\n\t    <\/div>\r\n\t    \t\t\t\t<\/div>\n\t\t\t\t<\/div>\n\t\t\t\t\t<\/div>\n\t\t\t\t<\/div>\n\t\t\t\t<\/div>\n\t\t","protected":false},"excerpt":{"rendered":"<p>La digitalisation des processus permet d&rsquo;am\u00e9liorer l&rsquo;efficacit\u00e9 op\u00e9rationnelle et l&rsquo;agilit\u00e9 d&rsquo;une organisation. Elle permet aux entreprises d&rsquo;\u00e9conomiser sur les co\u00fbts de main-d&rsquo;\u0153uvre gr\u00e2ce \u00e0 l&rsquo;automatisation des processus m\u00e9tiers. Nos sp\u00e9cialistes en digitalisation, de par leurs exp\u00e9riences dans la transformation digitale \u00e0 travers toute l&rsquo;Afrique, vont vous aider \u00e0 mettre en place une strat\u00e9gie de digitalisation [&hellip;]<\/p>\n","protected":false},"author":1,"featured_media":0,"parent":0,"menu_order":0,"comment_status":"closed","ping_status":"closed","template":"","meta":{"_regular_price":[],"currency_symbol":[],"iawp_total_views":55,"footnotes":""},"class_list":["post-5897","page","type-page","status-publish","hentry"],"post_slider_layout_featured_media_urls":{"thumbnail":"","post_slider_layout_landscape_large":"","post_slider_layout_portrait_large":"","post_slider_layout_square_large":"","post_slider_layout_landscape":"","post_slider_layout_portrait":"","post_slider_layout_square":"","full":""},"_links":{"self":[{"href":"https:\/\/cristechservices.com\/index.php\/wp-json\/wp\/v2\/pages\/5897","targetHints":{"allow":["GET"]}}],"collection":[{"href":"https:\/\/cristechservices.com\/index.php\/wp-json\/wp\/v2\/pages"}],"about":[{"href":"https:\/\/cristechservices.com\/index.php\/wp-json\/wp\/v2\/types\/page"}],"author":[{"embeddable":true,"href":"https:\/\/cristechservices.com\/index.php\/wp-json\/wp\/v2\/users\/1"}],"replies":[{"embeddable":true,"href":"https:\/\/cristechservices.com\/index.php\/wp-json\/wp\/v2\/comments?post=5897"}],"version-history":[{"count":121,"href":"https:\/\/cristechservices.com\/index.php\/wp-json\/wp\/v2\/pages\/5897\/revisions"}],"predecessor-version":[{"id":7124,"href":"https:\/\/cristechservices.com\/index.php\/wp-json\/wp\/v2\/pages\/5897\/revisions\/7124"}],"wp:attachment":[{"href":"https:\/\/cristechservices.com\/index.php\/wp-json\/wp\/v2\/media?parent=5897"}],"curies":[{"name":"wp","href":"https:\/\/api.w.org\/{rel}","templated":true}]}}